{"id":47204,"date":"2019-10-06T21:55:57","date_gmt":"2019-10-06T19:55:57","guid":{"rendered":"https:\/\/hajimekarate.com\/comprar\/sosetsukon-ottagonale-corda\/"},"modified":"2026-01-28T12:14:10","modified_gmt":"2026-01-28T11:14:10","slug":"sosetsukon-octogonal-cuerda","status":"publish","type":"product","link":"https:\/\/hajimekarate.com\/it\/acquistare\/sosetsukon-octogonal-cuerda\/","title":{"rendered":"Sosetsukon Ottagonale Corda"},"content":{"rendered":"[vc_row type=&#8221;in_container&#8221; full_screen_row_position=&#8221;middle&#8221; column_margin=&#8221;default&#8221; column_direction=&#8221;default&#8221; column_direction_tablet=&#8221;default&#8221; column_direction_phone=&#8221;default&#8221; scene_position=&#8221;center&#8221; text_color=&#8221;dark&#8221; text_align=&#8221;left&#8221; row_border_radius=&#8221;none&#8221; row_border_radius_applies=&#8221;bg&#8221; overflow=&#8221;visible&#8221; overlay_strength=&#8221;0.3&#8243; gradient_direction=&#8221;left_to_right&#8221; shape_divider_position=&#8221;bottom&#8221; bg_image_animation=&#8221;none&#8221;][vc_column column_padding=&#8221;no-extra-padding&#8221; column_padding_tablet=&#8221;inherit&#8221; column_padding_phone=&#8221;inherit&#8221; column_padding_position=&#8221;all&#8221; column_element_direction_desktop=&#8221;default&#8221; column_element_spacing=&#8221;default&#8221; desktop_text_alignment=&#8221;default&#8221; tablet_text_alignment=&#8221;default&#8221; phone_text_alignment=&#8221;default&#8221; background_color_opacity=&#8221;1&#8243; background_hover_color_opacity=&#8221;1&#8243; column_backdrop_filter=&#8221;none&#8221; column_shadow=&#8221;none&#8221; column_border_radius=&#8221;none&#8221; column_link_target=&#8221;_self&#8221; column_position=&#8221;default&#8221; gradient_direction=&#8221;left_to_right&#8221; overlay_strength=&#8221;0.3&#8243; width=&#8221;1\/1&#8243; tablet_width_inherit=&#8221;default&#8221; animation_type=&#8221;default&#8221; bg_image_animation=&#8221;none&#8221; border_type=&#8221;simple&#8221; column_border_width=&#8221;none&#8221; column_border_style=&#8221;solid&#8221;][vc_column_text]<span style=\"font-weight: 400;\">Ci sono varie teorie sulla sua origine, ma come per il Tonfas, si tratta di un attrezzo agricolo trasformato in un&#8217;arma da Kobudo. Dopo la proibizione dell&#8217;uso delle armi da parte dei contadini nel 1609, e di fronte ai continui attacchi dei samurai, essi iniziarono a utilizzare strumenti di lavoro per difendersi. Lo scopo di questo strumento \u00e8 indebolire la violenza irrazionale dell&#8217;avversario o di fronte a un attacco di pi\u00f9 persone e quindi disinnescare la situazione, non attaccare volontariamente. Questo \u00e8 il motivo per cui il kata di Sosetsukon inizia sempre con<\/span> <span style=\"font-weight: 400;\">difesa. Esistono varie forme, rotonde, quadrate o esagonali, anche se la pi\u00f9 popolare \u00e8 quella ottagonale, come quella che abbiamo noi di Hajime Karate.<\/span><\/p>\n<p>Realizzato a mano con legno di faggio di prima qualit\u00e0. Ottagonale. Ha una forma conica e dimensioni di 35 cm di lunghezza e 30 mm di diametro. Con corda. Ideale per Kata e contatto. Carteggiare a mano e applicare una mano di olio di lino. Coppia[\/vc_column_text][\/vc_column][\/vc_row]\n","protected":false},"excerpt":{"rendered":"<p>Artigianale. Faggio di prima qualit\u00e0. Ottagonale con tripla corda. Forma conica, lunghezza 35 cm e diametro 30 mm. Coppia Peso: 300 grammi.<\/p>\n<p><em>*Prodotto artigianale realizzato su ordinazione, quindi a volte, se non abbiamo scorte, potrebbero essere necessari alcuni giorni.<\/em><\/p>\n<p>NOTA IMPORTANTE: tutti i nostri strumenti sono venduti come oggetti da collezione e non possono essere usati o portati come armi.<\/p>\n","protected":false},"featured_media":38740,"template":"","meta":{"_joinchat":[]},"product_brand":[],"product_cat":[2761,2760,2749,2756],"product_tag":[2741],"class_list":{"0":"post-47204","1":"product","2":"type-product","3":"status-publish","4":"has-post-thumbnail","6":"product_cat-in-legno","7":"product_cat-kobudo-it","8":"product_cat-strumenti-it","9":"product_cat-strumenti-linea-miyabi","10":"product_tag-club-05-it","12":"first","13":"onbackorder","14":"taxable","15":"shipping-taxable","16":"purchasable","17":"product-type-simple"},"_links":{"self":[{"href":"https:\/\/hajimekarate.com\/it\/wp-json\/wp\/v2\/product\/47204","targetHints":{"allow":["GET"]}}],"collection":[{"href":"https:\/\/hajimekarate.com\/it\/wp-json\/wp\/v2\/product"}],"about":[{"href":"https:\/\/hajimekarate.com\/it\/wp-json\/wp\/v2\/types\/product"}],"wp:featuredmedia":[{"embeddable":true,"href":"https:\/\/hajimekarate.com\/it\/wp-json\/wp\/v2\/media\/38740"}],"wp:attachment":[{"href":"https:\/\/hajimekarate.com\/it\/wp-json\/wp\/v2\/media?parent=47204"}],"wp:term":[{"taxonomy":"product_brand","embeddable":true,"href":"https:\/\/hajimekarate.com\/it\/wp-json\/wp\/v2\/product_brand?post=47204"},{"taxonomy":"product_cat","embeddable":true,"href":"https:\/\/hajimekarate.com\/it\/wp-json\/wp\/v2\/product_cat?post=47204"},{"taxonomy":"product_tag","embeddable":true,"href":"https:\/\/hajimekarate.com\/it\/wp-json\/wp\/v2\/product_tag?post=47204"}],"curies":[{"name":"wp","href":"https:\/\/api.w.org\/{rel}","templated":true}]}}