{"id":47163,"date":"2019-10-06T21:56:06","date_gmt":"2019-10-06T19:56:06","guid":{"rendered":"https:\/\/hajimekarate.com\/comprar\/shimotsuki-no-kama-2\/"},"modified":"2024-03-28T17:23:10","modified_gmt":"2024-03-28T16:23:10","slug":"shimotsuki-no-kama","status":"publish","type":"product","link":"https:\/\/hajimekarate.com\/it\/acquistare\/shimotsuki-no-kama\/","title":{"rendered":"Shimotsuki Kama"},"content":{"rendered":"<p>Artigianale. Si tratta di un Kama attaccato all&#8217;estremit\u00e0 di una corda. La base del manico del kama presenta un foro attraverso il quale si inserisce una corda che viene fissata al polso mediante un nodo scorsoio. \u00c8 riservata ai gradi elevati con grande padronanza, poich\u00e9 \u00e8 una delle pi\u00f9 pericolose. Molto efficace per le lunghe e brevi distanze. Lo serviamo con un manico cilindrico di faggio e una lama di metallo non affilata.<\/p>\n","protected":false},"excerpt":{"rendered":"<p>Artigianale. Manico cilindrico in faggio e lama in metallo non affilata.<\/p>\n<p><em>*Prodotto artigianale realizzato su ordinazione, quindi a volte, se non abbiamo scorte, potrebbero essere necessari alcuni giorni.<br \/>\n**Prodotto non disponibile al di fuori dell&#8217;UE.<\/p>\n<p>NOTA IMPORTANTE: tutti i nostri strumenti sono venduti come oggetti da collezione e non possono essere usati o portati come armi.<br \/>\n<\/em><\/p>\n","protected":false},"featured_media":38732,"template":"","meta":{"_joinchat":[]},"product_brand":[],"product_cat":[2765,2749,2764],"product_tag":[2741],"class_list":{"0":"post-47163","1":"product","2":"type-product","3":"status-publish","4":"has-post-thumbnail","6":"product_cat-kobudo-di-legno","7":"product_cat-strumenti-it","8":"product_cat-strumenti-linea-toku","9":"product_tag-club-05-it","11":"first","12":"onbackorder","13":"taxable","14":"shipping-taxable","15":"purchasable","16":"product-type-simple"},"_links":{"self":[{"href":"https:\/\/hajimekarate.com\/it\/wp-json\/wp\/v2\/product\/47163","targetHints":{"allow":["GET"]}}],"collection":[{"href":"https:\/\/hajimekarate.com\/it\/wp-json\/wp\/v2\/product"}],"about":[{"href":"https:\/\/hajimekarate.com\/it\/wp-json\/wp\/v2\/types\/product"}],"wp:featuredmedia":[{"embeddable":true,"href":"https:\/\/hajimekarate.com\/it\/wp-json\/wp\/v2\/media\/38732"}],"wp:attachment":[{"href":"https:\/\/hajimekarate.com\/it\/wp-json\/wp\/v2\/media?parent=47163"}],"wp:term":[{"taxonomy":"product_brand","embeddable":true,"href":"https:\/\/hajimekarate.com\/it\/wp-json\/wp\/v2\/product_brand?post=47163"},{"taxonomy":"product_cat","embeddable":true,"href":"https:\/\/hajimekarate.com\/it\/wp-json\/wp\/v2\/product_cat?post=47163"},{"taxonomy":"product_tag","embeddable":true,"href":"https:\/\/hajimekarate.com\/it\/wp-json\/wp\/v2\/product_tag?post=47163"}],"curies":[{"name":"wp","href":"https:\/\/api.w.org\/{rel}","templated":true}]}}