{"id":47162,"date":"2019-10-06T21:56:08","date_gmt":"2019-10-06T19:56:08","guid":{"rendered":"https:\/\/hajimekarate.com\/comprar\/sosetsukon-per-kata-ottagonale\/"},"modified":"2024-03-28T17:22:32","modified_gmt":"2024-03-28T16:22:32","slug":"sosetsukon-para-kata-octogonal","status":"publish","type":"product","link":"https:\/\/hajimekarate.com\/it\/acquistare\/sosetsukon-para-kata-octogonal\/","title":{"rendered":"Sosetsukon per Kata ottagonale"},"content":{"rendered":"<p>Artigianale. Il sosetsukon \u00e8 un attrezzo tradizionale delle arti marziali di Okinawa costituito da due bastoni collegati a un&#8217;estremit\u00e0 da una corta catena o corda. Le due sezioni dell&#8217;attrezzo sono solitamente in legno, mentre la maglia \u00e8 una corda o una catena metallica. Il Sosetsukon \u00e8 pi\u00f9 comunemente usato nelle arti marziali come il kobud\u014d e il karate di Okinawa e viene utilizzato come strumento di allenamento, in quanto consente di sviluppare movimenti pi\u00f9 rapidi delle mani e di migliorare la postura.<\/p>\n<p><span style=\"font-weight: 400;\">Ci sono varie teorie sulla sua origine, ma come per il Tonfas, si tratta di un attrezzo agricolo trasformato in un&#8217;arma da Kobudo. Dopo la proibizione dell&#8217;uso delle armi da parte dei contadini nel 1609, e di fronte ai continui attacchi dei samurai, essi iniziarono a utilizzare strumenti di lavoro per difendersi. Lo scopo di quest&#8217;arma \u00e8 indebolire la violenza irrazionale dell&#8217;avversario o di fronte a un attacco di pi\u00f9 persone e quindi disinnescare la situazione, non attaccare volontariamente. Questo \u00e8 il motivo per cui il kata di Sosetsukon inizia sempre con<\/span> <span style=\"font-weight: 400;\">difesa. Esistono varie forme, rotonde, quadrate o esagonali, anche se la pi\u00f9 popolare \u00e8 quella ottagonale, come quella che abbiamo noi di Hajime Karate. <\/span><\/p>\n","protected":false},"excerpt":{"rendered":"<p>Artigianale. Ottagonale<\/p>\n<p><em>*Prodotto artigianale realizzato su ordinazione, quindi a volte, se non abbiamo scorte, potrebbero essere necessari alcuni giorni.<\/p>\n<p>NOTA IMPORTANTE: tutti i nostri strumenti sono venduti come oggetti da collezione e non possono essere usati o portati come armi.<br \/>\n<\/em><\/p>\n","protected":false},"featured_media":38737,"template":"","meta":{"_joinchat":[]},"product_brand":[],"product_cat":[2765,2749,2764],"product_tag":[2741],"class_list":{"0":"post-47162","1":"product","2":"type-product","3":"status-publish","4":"has-post-thumbnail","6":"product_cat-kobudo-di-legno","7":"product_cat-strumenti-it","8":"product_cat-strumenti-linea-toku","9":"product_tag-club-05-it","11":"first","12":"onbackorder","13":"taxable","14":"shipping-taxable","15":"purchasable","16":"product-type-simple"},"_links":{"self":[{"href":"https:\/\/hajimekarate.com\/it\/wp-json\/wp\/v2\/product\/47162","targetHints":{"allow":["GET"]}}],"collection":[{"href":"https:\/\/hajimekarate.com\/it\/wp-json\/wp\/v2\/product"}],"about":[{"href":"https:\/\/hajimekarate.com\/it\/wp-json\/wp\/v2\/types\/product"}],"wp:featuredmedia":[{"embeddable":true,"href":"https:\/\/hajimekarate.com\/it\/wp-json\/wp\/v2\/media\/38737"}],"wp:attachment":[{"href":"https:\/\/hajimekarate.com\/it\/wp-json\/wp\/v2\/media?parent=47162"}],"wp:term":[{"taxonomy":"product_brand","embeddable":true,"href":"https:\/\/hajimekarate.com\/it\/wp-json\/wp\/v2\/product_brand?post=47162"},{"taxonomy":"product_cat","embeddable":true,"href":"https:\/\/hajimekarate.com\/it\/wp-json\/wp\/v2\/product_cat?post=47162"},{"taxonomy":"product_tag","embeddable":true,"href":"https:\/\/hajimekarate.com\/it\/wp-json\/wp\/v2\/product_tag?post=47162"}],"curies":[{"name":"wp","href":"https:\/\/api.w.org\/{rel}","templated":true}]}}