{"id":47159,"date":"2019-10-06T21:56:10","date_gmt":"2019-10-06T19:56:10","guid":{"rendered":"https:\/\/hajimekarate.com\/comprar\/bo-legno-rattan\/"},"modified":"2024-03-28T17:20:27","modified_gmt":"2024-03-28T16:20:27","slug":"bo-madera-rattan","status":"publish","type":"product","link":"https:\/\/hajimekarate.com\/it\/acquistare\/bo-madera-rattan\/","title":{"rendered":"Bo Legno Rattan"},"content":{"rendered":"<p><span style=\"font-weight: 400;\">\u00c8 uno degli strumenti pi\u00f9 importanti del Kobudo di Okinawa. Il primo riferimento registrato a questo strumento risale al XVII secolo in un documento che ne riporta l&#8217;uso e la descrizione. Il termine deriva dall&#8217;abbreviazione <\/span><span style=\"font-weight: 400;\">di<\/span><i><span style=\"font-weight: 400;\">rokushakub\u014d.<\/span><\/i><span style=\"font-weight: 400;\">Il termine <\/span><i><span style=\"font-weight: 400;\">B\u014d <\/span><\/i> <span style=\"font-weight: 400;\">\u00e8 generalmente utilizzato per indicare un&#8217;asta di circa 180 cm. Il suo uso principale era quello di amplificare la forza di un colpo grazie alla leva o al movimento inerziale dell&#8217;artista marziale. O anche per raggiungere gli oggetti. <\/span><\/p>\n<p><span style=\"font-weight: 400;\">La maggior parte delle arti marziali che utilizzano le armi includono la tecnica<\/span> <i><span style=\"font-weight: 400;\">B\u014d<\/span><\/i>. <span style=\"font-weight: 400;\">La sua origine risale ai tempi antichi, quando i guerrieri samurai persero la punta dello yari e rimasero con un B\u014d rudimentale.<\/span> <\/p>\n<p><span style=\"font-weight: 400;\">Il<\/span> <i><span style=\"font-weight: 400;\">b\u014djutso<\/span><\/i> <span style=\"font-weight: 400;\">\u00e8 l&#8217;arte marziale giapponese dedicata all&#8217;uso del<\/span> <span style=\"font-weight: 400;\">B\u014d. Le tecniche di utilizzo si basano su controllo, blocco, prese, spazzate, prese, colpi, spinte o dislocazioni e immobilizzazioni articolari.<\/span><\/p>\n<p>Generalmente per il contatto la sua forma \u00e8 uniforme con un diametro di circa 3 cm e realizzata in legni diversi; per il kata \u00e8 fusiforme e il diametro diminuisce verso le estremit\u00e0. \u00c8 il pi\u00f9 popolare nel Kobudo e ha il maggior numero di kata.<\/p>\n","protected":false},"excerpt":{"rendered":"<p>Artigianale. Legno di rattan. Circa 1,80 m.<\/p>\n<p><em>*Prodotto artigianale realizzato su ordinazione, quindi a volte, se non abbiamo scorte, potrebbero essere necessari alcuni giorni.<\/p>\n<p>NOTA IMPORTANTE: tutti i nostri strumenti sono venduti come oggetti da collezione e non possono essere usati o portati come armi.<br \/>\n<\/em><\/p>\n","protected":false},"featured_media":38765,"template":"","meta":{"_joinchat":[]},"product_brand":[],"product_cat":[2765,2749,2748,2764],"product_tag":[2741],"class_list":{"0":"post-47159","1":"product","2":"type-product","3":"status-publish","4":"has-post-thumbnail","6":"product_cat-kobudo-di-legno","7":"product_cat-strumenti-it","8":"product_cat-strumenti-spesa-it","9":"product_cat-strumenti-linea-toku","10":"product_tag-club-05-it","11":"product_shipping_class-tools_vol","13":"first","14":"onbackorder","15":"taxable","16":"shipping-taxable","17":"purchasable","18":"product-type-simple"},"_links":{"self":[{"href":"https:\/\/hajimekarate.com\/it\/wp-json\/wp\/v2\/product\/47159","targetHints":{"allow":["GET"]}}],"collection":[{"href":"https:\/\/hajimekarate.com\/it\/wp-json\/wp\/v2\/product"}],"about":[{"href":"https:\/\/hajimekarate.com\/it\/wp-json\/wp\/v2\/types\/product"}],"wp:featuredmedia":[{"embeddable":true,"href":"https:\/\/hajimekarate.com\/it\/wp-json\/wp\/v2\/media\/38765"}],"wp:attachment":[{"href":"https:\/\/hajimekarate.com\/it\/wp-json\/wp\/v2\/media?parent=47159"}],"wp:term":[{"taxonomy":"product_brand","embeddable":true,"href":"https:\/\/hajimekarate.com\/it\/wp-json\/wp\/v2\/product_brand?post=47159"},{"taxonomy":"product_cat","embeddable":true,"href":"https:\/\/hajimekarate.com\/it\/wp-json\/wp\/v2\/product_cat?post=47159"},{"taxonomy":"product_tag","embeddable":true,"href":"https:\/\/hajimekarate.com\/it\/wp-json\/wp\/v2\/product_tag?post=47159"}],"curies":[{"name":"wp","href":"https:\/\/api.w.org\/{rel}","templated":true}]}}