{"id":47156,"date":"2019-10-06T21:56:11","date_gmt":"2019-10-06T19:56:11","guid":{"rendered":"https:\/\/hajimekarate.com\/comprar\/jo-legno-di-faggio\/"},"modified":"2024-03-28T17:18:23","modified_gmt":"2024-03-28T16:18:23","slug":"jo-madera-de-haya","status":"publish","type":"product","link":"https:\/\/hajimekarate.com\/it\/acquistare\/jo-madera-de-haya\/","title":{"rendered":"Jo Legno di faggio"},"content":{"rendered":"<p><span style=\"font-weight: 400;\">Il Jo \u00e8 un bastone di legno che, secondo la leggenda, fu creato nel XVII secolo dal guerriero samurai Katsuyoshi dopo essere stato sconfitto con un Bo rinforzato in ferro contro i due bokken di Musashi, il pi\u00f9 famoso dei samurai. <\/span><\/p>\n<p><span style=\"font-weight: 400;\">Dopo un sogno ispiratore, Katsuyoshi cre\u00f2 quest&#8217;arma pi\u00f9 corta e svilupp\u00f2 diverse tecniche con le quali riusc\u00ec finalmente a sconfiggere Musashi.<\/span><\/p>\n<p>Di solito sono realizzati con legni diversi. Oltre al Kobudo, \u00e8 spesso usato come complemento nell&#8217;Aikido.<\/p>\n","protected":false},"excerpt":{"rendered":"<p>Artigianale. Legno di faggio 1,28 m di lunghezza e un diametro di circa 2,6-8 cm.<\/p>\n<p><em>*Prodotto artigianale realizzato su ordinazione, quindi a volte, se non abbiamo scorte, potrebbero essere necessari alcuni giorni.<\/em><\/p>\n<p>NOTA IMPORTANTE: tutti i nostri strumenti sono venduti come oggetti da collezione e non possono essere usati o portati come armi.<\/p>\n","protected":false},"featured_media":38700,"template":"","meta":{"_joinchat":[]},"product_brand":[],"product_cat":[2765,2749,2748,2764],"product_tag":[2741],"class_list":{"0":"post-47156","1":"product","2":"type-product","3":"status-publish","4":"has-post-thumbnail","6":"product_cat-kobudo-di-legno","7":"product_cat-strumenti-it","8":"product_cat-strumenti-spesa-it","9":"product_cat-strumenti-linea-toku","10":"product_tag-club-05-it","11":"product_shipping_class-tools_vol","13":"first","14":"onbackorder","15":"taxable","16":"shipping-taxable","17":"purchasable","18":"product-type-simple"},"_links":{"self":[{"href":"https:\/\/hajimekarate.com\/it\/wp-json\/wp\/v2\/product\/47156","targetHints":{"allow":["GET"]}}],"collection":[{"href":"https:\/\/hajimekarate.com\/it\/wp-json\/wp\/v2\/product"}],"about":[{"href":"https:\/\/hajimekarate.com\/it\/wp-json\/wp\/v2\/types\/product"}],"wp:featuredmedia":[{"embeddable":true,"href":"https:\/\/hajimekarate.com\/it\/wp-json\/wp\/v2\/media\/38700"}],"wp:attachment":[{"href":"https:\/\/hajimekarate.com\/it\/wp-json\/wp\/v2\/media?parent=47156"}],"wp:term":[{"taxonomy":"product_brand","embeddable":true,"href":"https:\/\/hajimekarate.com\/it\/wp-json\/wp\/v2\/product_brand?post=47156"},{"taxonomy":"product_cat","embeddable":true,"href":"https:\/\/hajimekarate.com\/it\/wp-json\/wp\/v2\/product_cat?post=47156"},{"taxonomy":"product_tag","embeddable":true,"href":"https:\/\/hajimekarate.com\/it\/wp-json\/wp\/v2\/product_tag?post=47156"}],"curies":[{"name":"wp","href":"https:\/\/api.w.org\/{rel}","templated":true}]}}