{"id":47154,"date":"2019-10-06T21:56:12","date_gmt":"2019-10-06T19:56:12","guid":{"rendered":"https:\/\/hajimekarate.com\/comprar\/kuruma-bo-legno-rattan\/"},"modified":"2024-03-28T17:16:24","modified_gmt":"2024-03-28T16:16:24","slug":"kuruma-bo-madera-rattan","status":"publish","type":"product","link":"https:\/\/hajimekarate.com\/it\/acquistare\/kuruma-bo-madera-rattan\/","title":{"rendered":"Kuruma-Bo Legno Rattan"},"content":{"rendered":"<p>Artigianale. Rattan. Bo che gira. Con boccole collegate da anelli. Uno strumento del villaggio agricolo. \u00c8 costituito da due pali di legno di dimensioni diverse ed \u00e8 molto efficace per le medie e lunghe distanze. Le sue misure sono standardizzate, ma pu\u00f2 essere realizzato con misure personalizzate.<\/p>\n","protected":false},"excerpt":{"rendered":"<p>Artigianale. Rattan. Bo che gira. Con boccole collegate da anelli.<\/p>\n<p><em>*Prodotto artigianale realizzato su ordinazione, quindi a volte, se non abbiamo scorte, potrebbero essere necessari alcuni giorni.<\/em><\/p>\n<p>NOTA IMPORTANTE: tutti i nostri strumenti sono venduti come oggetti da collezione e non possono essere usati o portati come armi.<\/p>\n","protected":false},"featured_media":38709,"template":"","meta":{"_joinchat":[]},"product_brand":[],"product_cat":[2765,2749,2748,2764],"product_tag":[2741],"class_list":{"0":"post-47154","1":"product","2":"type-product","3":"status-publish","4":"has-post-thumbnail","6":"product_cat-kobudo-di-legno","7":"product_cat-strumenti-it","8":"product_cat-strumenti-spesa-it","9":"product_cat-strumenti-linea-toku","10":"product_tag-club-05-it","11":"product_shipping_class-tools_vol","13":"first","14":"onbackorder","15":"taxable","16":"shipping-taxable","17":"purchasable","18":"product-type-simple"},"_links":{"self":[{"href":"https:\/\/hajimekarate.com\/it\/wp-json\/wp\/v2\/product\/47154","targetHints":{"allow":["GET"]}}],"collection":[{"href":"https:\/\/hajimekarate.com\/it\/wp-json\/wp\/v2\/product"}],"about":[{"href":"https:\/\/hajimekarate.com\/it\/wp-json\/wp\/v2\/types\/product"}],"wp:featuredmedia":[{"embeddable":true,"href":"https:\/\/hajimekarate.com\/it\/wp-json\/wp\/v2\/media\/38709"}],"wp:attachment":[{"href":"https:\/\/hajimekarate.com\/it\/wp-json\/wp\/v2\/media?parent=47154"}],"wp:term":[{"taxonomy":"product_brand","embeddable":true,"href":"https:\/\/hajimekarate.com\/it\/wp-json\/wp\/v2\/product_brand?post=47154"},{"taxonomy":"product_cat","embeddable":true,"href":"https:\/\/hajimekarate.com\/it\/wp-json\/wp\/v2\/product_cat?post=47154"},{"taxonomy":"product_tag","embeddable":true,"href":"https:\/\/hajimekarate.com\/it\/wp-json\/wp\/v2\/product_tag?post=47154"}],"curies":[{"name":"wp","href":"https:\/\/api.w.org\/{rel}","templated":true}]}}