{"id":47152,"date":"2019-10-06T21:56:13","date_gmt":"2019-10-06T19:56:13","guid":{"rendered":"https:\/\/hajimekarate.com\/comprar\/sansetsukon-rattan\/"},"modified":"2026-01-28T12:53:45","modified_gmt":"2026-01-28T11:53:45","slug":"sosetsukon-rattan","status":"publish","type":"product","link":"https:\/\/hajimekarate.com\/it\/acquistare\/sosetsukon-rattan\/","title":{"rendered":"Sansetsukon Rattan"},"content":{"rendered":"<p><span style=\"font-weight: 400;\">Ci sono varie teorie sulla sua origine, ma come per il Tonfas, si tratta di un attrezzo agricolo trasformato in un&#8217;arma da Kobudo. Dopo la proibizione dell&#8217;uso delle armi da parte dei contadini nel 1609, e di fronte ai continui attacchi dei samurai, essi iniziarono a utilizzare strumenti di lavoro per difendersi. Lo scopo di quest&#8217;arma \u00e8 indebolire la violenza irrazionale dell&#8217;avversario o di fronte a un attacco di pi\u00f9 persone e quindi disinnescare la situazione, non attaccare volontariamente. Questo \u00e8 il motivo per cui il kata di Sosetsukon inizia sempre con<\/span> <span style=\"font-weight: 400;\">difesa. Esistono varie forme, rotonde, quadrate o esagonali, anche se la pi\u00f9 popolare \u00e8 quella ottagonale, come quella che abbiamo noi di Hajime Karate. Realizzato a mano in Giappone in legno di quercia rossa da 33,5 cm.<\/span><\/p>\n<p>&nbsp;<\/p>\n","protected":false},"excerpt":{"rendered":"<p>Artigianale. In rattan, con prese ad anello. Composto da due pali collegati da una corda o da una catena. Ideale per Katta e contatto.<\/p>\n<p><em>*Prodotto artigianale realizzato su ordinazione, quindi a volte, se non abbiamo scorte, potrebbero essere necessari alcuni giorni.<\/p>\n<p>NOTA IMPORTANTE: tutti i nostri strumenti sono venduti come oggetti da collezione e non possono essere usati o portati come armi.<br \/>\n<\/em><\/p>\n","protected":false},"featured_media":38741,"template":"","meta":{"_joinchat":[]},"product_brand":[],"product_cat":[2765,2749,2764],"product_tag":[2741],"class_list":{"0":"post-47152","1":"product","2":"type-product","3":"status-publish","4":"has-post-thumbnail","6":"product_cat-kobudo-di-legno","7":"product_cat-strumenti-it","8":"product_cat-strumenti-linea-toku","9":"product_tag-club-05-it","10":"product_shipping_class-tools_metal","12":"first","13":"onbackorder","14":"taxable","15":"shipping-taxable","16":"purchasable","17":"product-type-simple"},"_links":{"self":[{"href":"https:\/\/hajimekarate.com\/it\/wp-json\/wp\/v2\/product\/47152","targetHints":{"allow":["GET"]}}],"collection":[{"href":"https:\/\/hajimekarate.com\/it\/wp-json\/wp\/v2\/product"}],"about":[{"href":"https:\/\/hajimekarate.com\/it\/wp-json\/wp\/v2\/types\/product"}],"wp:featuredmedia":[{"embeddable":true,"href":"https:\/\/hajimekarate.com\/it\/wp-json\/wp\/v2\/media\/38741"}],"wp:attachment":[{"href":"https:\/\/hajimekarate.com\/it\/wp-json\/wp\/v2\/media?parent=47152"}],"wp:term":[{"taxonomy":"product_brand","embeddable":true,"href":"https:\/\/hajimekarate.com\/it\/wp-json\/wp\/v2\/product_brand?post=47152"},{"taxonomy":"product_cat","embeddable":true,"href":"https:\/\/hajimekarate.com\/it\/wp-json\/wp\/v2\/product_cat?post=47152"},{"taxonomy":"product_tag","embeddable":true,"href":"https:\/\/hajimekarate.com\/it\/wp-json\/wp\/v2\/product_tag?post=47152"}],"curies":[{"name":"wp","href":"https:\/\/api.w.org\/{rel}","templated":true}]}}