{"id":47108,"date":"2019-10-06T21:56:14","date_gmt":"2019-10-06T19:56:14","guid":{"rendered":"https:\/\/hajimekarate.com\/comprar\/sais-ferro-cromato\/"},"modified":"2026-01-28T11:01:49","modified_gmt":"2026-01-28T10:01:49","slug":"sais-hierro-cromado","status":"publish","type":"product","link":"https:\/\/hajimekarate.com\/it\/acquistare\/sais-hierro-cromado\/","title":{"rendered":"Sai artenasal | senza saldatura"},"content":{"rendered":"[vc_row type=&#8221;in_container&#8221; full_screen_row_position=&#8221;middle&#8221; column_margin=&#8221;default&#8221; column_direction=&#8221;default&#8221; column_direction_tablet=&#8221;default&#8221; column_direction_phone=&#8221;default&#8221; scene_position=&#8221;center&#8221; text_color=&#8221;dark&#8221; text_align=&#8221;left&#8221; row_border_radius=&#8221;none&#8221; row_border_radius_applies=&#8221;bg&#8221; overflow=&#8221;visible&#8221; overlay_strength=&#8221;0.3&#8243; gradient_direction=&#8221;left_to_right&#8221; shape_divider_position=&#8221;bottom&#8221; bg_image_animation=&#8221;none&#8221;][vc_column column_padding=&#8221;no-extra-padding&#8221; column_padding_tablet=&#8221;inherit&#8221; column_padding_phone=&#8221;inherit&#8221; column_padding_position=&#8221;all&#8221; column_element_direction_desktop=&#8221;default&#8221; column_element_spacing=&#8221;default&#8221; desktop_text_alignment=&#8221;default&#8221; tablet_text_alignment=&#8221;default&#8221; phone_text_alignment=&#8221;default&#8221; background_color_opacity=&#8221;1&#8243; background_hover_color_opacity=&#8221;1&#8243; column_backdrop_filter=&#8221;none&#8221; column_shadow=&#8221;none&#8221; column_border_radius=&#8221;none&#8221; column_link_target=&#8221;_self&#8221; column_position=&#8221;default&#8221; gradient_direction=&#8221;left_to_right&#8221; overlay_strength=&#8221;0.3&#8243; width=&#8221;1\/1&#8243; tablet_width_inherit=&#8221;default&#8221; animation_type=&#8221;default&#8221; bg_image_animation=&#8221;none&#8221; border_type=&#8221;simple&#8221; column_border_width=&#8221;none&#8221; column_border_style=&#8221;solid&#8221;][vc_column_text]Dimensioni e pesi approssimativi per taglia:<\/p>\n<p class=\"p1\">Taglia P<\/p>\n<ol>\n<li class=\"p2\">Tsuka Gashira (20 mm)<\/li>\n<li class=\"p2\">Gashira (82 mm)<\/li>\n<li class=\"p2\">Monouchi (301 mm)<\/li>\n<li class=\"p2\">peso (0,56 kg)<\/li>\n<\/ol>\n<p class=\"p1\">Taglia M<\/p>\n<ol>\n<li class=\"p2\">Tsuka Gashira (24 mm)<\/li>\n<li class=\"p2\">Gashira (95 mm)<\/li>\n<li class=\"p2\">Monouchi (340 mm)<\/li>\n<li class=\"p2\">peso (0,65 kg)<\/li>\n<\/ol>\n<p class=\"p1\">Taglia G<\/p>\n<ol>\n<li class=\"p2\">Tsuka Gashira (25 mm)<\/li>\n<li class=\"p2\">Gashira (101 mm)<\/li>\n<li class=\"p2\">Monouchi (410 mm)<\/li>\n<li class=\"p2\">peso (0,9 kg)<\/li>\n<\/ol>\n<p><span style=\"font-weight: 400;\"><img loading=\"lazy\" decoding=\"async\" class=\"alignnone size-medium wp-image-84900\" src=\"https:\/\/hajimekarate.com\/wp-content\/uploads\/2019\/10\/partes-del-sai-300x300.jpg\" alt=\"\" width=\"300\" height=\"300\" srcset=\"https:\/\/hajimekarate.com\/wp-content\/uploads\/2019\/10\/partes-del-sai-300x300.jpg 300w, https:\/\/hajimekarate.com\/wp-content\/uploads\/2019\/10\/partes-del-sai-150x150.jpg 150w, https:\/\/hajimekarate.com\/wp-content\/uploads\/2019\/10\/partes-del-sai-70x70.jpg 70w, https:\/\/hajimekarate.com\/wp-content\/uploads\/2019\/10\/partes-del-sai-100x100.jpg 100w, https:\/\/hajimekarate.com\/wp-content\/uploads\/2019\/10\/partes-del-sai-140x140.jpg 140w, https:\/\/hajimekarate.com\/wp-content\/uploads\/2019\/10\/partes-del-sai-500x500.jpg 500w, https:\/\/hajimekarate.com\/wp-content\/uploads\/2019\/10\/partes-del-sai-350x350.jpg 350w, https:\/\/hajimekarate.com\/wp-content\/uploads\/2019\/10\/partes-del-sai-400x400.jpg 400w, https:\/\/hajimekarate.com\/wp-content\/uploads\/2019\/10\/partes-del-sai-600x600.jpg 600w, https:\/\/hajimekarate.com\/wp-content\/uploads\/2019\/10\/partes-del-sai-50x50.jpg 50w, https:\/\/hajimekarate.com\/wp-content\/uploads\/2019\/10\/partes-del-sai-80x80.jpg 80w, https:\/\/hajimekarate.com\/wp-content\/uploads\/2019\/10\/partes-del-sai.jpg 717w\" sizes=\"auto, (max-width: 300px) 100vw, 300px\" \/><br \/>\nSi ipotizza che si tratti di uno degli attrezzi agricoli che \u00e8 stato trasformato in arma, ma anche che in origine fosse un&#8217;arma, introdotta a Okinawa nel XVI secolo per mantenere l&#8217;ordine. <\/span><\/p>\n<p><span style=\"font-weight: 400;\">Questo strumento metallico a forma di pugnale \u00e8 realizzato artigianalmente e venduto in coppia. Ha un corpo centrale conico e un&#8217;estremit\u00e0 cilindrica; si assottiglia verso l&#8217;altra estremit\u00e0 terminando a punta (in origine affilata) e presenta due bracci centrali che hanno la funzione di afferrare, agganciare o infilzare.  <\/span>[\/vc_column_text][\/vc_column][\/vc_row]\n","protected":false},"excerpt":{"rendered":"<p>Sono realizzati interamente a mano in pezzi unici senza saldature. \u00c8 possibile scegliere tra 3 diverse misure e due modelli di finitura: lucido naturale e nero microtesturizzato laccato a forno. Venduti in coppia e sempre su ordinazione.  <\/p>\n<p><em>*Prodotto artigianale realizzato solo su ordinazione.<br \/>\n**Prodotto non disponibile al di fuori dell&#8217;UE.<\/em><\/p>\n<p>NOTA IMPORTANTE: tutti i nostri strumenti sono venduti come oggetti da collezione e non possono essere usati o portati come armi.<\/p>\n<p>MISURE APPROXIMATIVE:<br \/>\nTaglia piccola &#8211; B: 7,8 cm \/ A: 30 cm<br \/>\nTaglia media &#8211; B: 10 cm A: 34 cm<br \/>\nTaglia media speciale &#8211; B: 8,5 cm A: 34 cm<br \/>\nTaglia grande &#8211; B: 11,5 cm \/ A: 41 cm<br \/>\n<img loading=\"lazy\" decoding=\"async\" class=\"alignnone size-medium wp-image-85032\" src=\"https:\/\/hajimekarate.com\/wp-content\/uploads\/2023\/06\/Sai-A-B-OK-300x131.jpg\" alt=\"\" width=\"300\" height=\"131\" srcset=\"https:\/\/hajimekarate.com\/wp-content\/uploads\/2023\/06\/Sai-A-B-OK-300x131.jpg 300w, https:\/\/hajimekarate.com\/wp-content\/uploads\/2023\/06\/Sai-A-B-OK-1024x446.jpg 1024w, https:\/\/hajimekarate.com\/wp-content\/uploads\/2023\/06\/Sai-A-B-OK-768x335.jpg 768w, https:\/\/hajimekarate.com\/wp-content\/uploads\/2023\/06\/Sai-A-B-OK-600x261.jpg 600w, https:\/\/hajimekarate.com\/wp-content\/uploads\/2023\/06\/Sai-A-B-OK-80x35.jpg 80w, https:\/\/hajimekarate.com\/wp-content\/uploads\/2023\/06\/Sai-A-B-OK.jpg 1402w\" sizes=\"auto, (max-width: 300px) 100vw, 300px\" \/><\/p>\n","protected":false},"featured_media":84886,"template":"","meta":{"_joinchat":[]},"product_brand":[],"product_cat":[2760,2762,2749,2748,2756],"product_tag":[2741],"class_list":{"0":"post-47108","1":"product","2":"type-product","3":"status-publish","4":"has-post-thumbnail","6":"product_cat-kobudo-it","7":"product_cat-metallo","8":"product_cat-strumenti-it","9":"product_cat-strumenti-spesa-it","10":"product_cat-strumenti-linea-miyabi","11":"product_tag-club-05-it","12":"product_shipping_class-tools_metal","14":"first","15":"onbackorder","16":"taxable","17":"shipping-taxable","18":"purchasable","19":"product-type-variable"},"_links":{"self":[{"href":"https:\/\/hajimekarate.com\/it\/wp-json\/wp\/v2\/product\/47108","targetHints":{"allow":["GET"]}}],"collection":[{"href":"https:\/\/hajimekarate.com\/it\/wp-json\/wp\/v2\/product"}],"about":[{"href":"https:\/\/hajimekarate.com\/it\/wp-json\/wp\/v2\/types\/product"}],"wp:featuredmedia":[{"embeddable":true,"href":"https:\/\/hajimekarate.com\/it\/wp-json\/wp\/v2\/media\/84886"}],"wp:attachment":[{"href":"https:\/\/hajimekarate.com\/it\/wp-json\/wp\/v2\/media?parent=47108"}],"wp:term":[{"taxonomy":"product_brand","embeddable":true,"href":"https:\/\/hajimekarate.com\/it\/wp-json\/wp\/v2\/product_brand?post=47108"},{"taxonomy":"product_cat","embeddable":true,"href":"https:\/\/hajimekarate.com\/it\/wp-json\/wp\/v2\/product_cat?post=47108"},{"taxonomy":"product_tag","embeddable":true,"href":"https:\/\/hajimekarate.com\/it\/wp-json\/wp\/v2\/product_tag?post=47108"}],"curies":[{"name":"wp","href":"https:\/\/api.w.org\/{rel}","templated":true}]}}