{"id":47105,"date":"2019-10-06T21:56:16","date_gmt":"2019-10-06T19:56:16","guid":{"rendered":"https:\/\/hajimekarate.com\/comprar\/palo-di-legno-nunti-bo\/"},"modified":"2026-02-16T12:21:19","modified_gmt":"2026-02-16T11:21:19","slug":"nunti-bo-mastil-de-madera","status":"publish","type":"product","link":"https:\/\/hajimekarate.com\/it\/acquistare\/nunti-bo-mastil-de-madera\/","title":{"rendered":"Palo di legno Nunti Bo"},"content":{"rendered":"<p>Un tipo di alabarda che consiste in un&#8217;asta centrale di legno con un Nunti-Sai incastrato in un&#8217;estremit\u00e0. <span style=\"font-weight: 400;\">Il maestro Shink\u014d Matayoshi (\u53c8\u5409\u771e\u5149) impara l&#8217;uso delle armi fin da giovane, tanto da essere soprannominato Kama no tee, ovvero &#8220;Matayoshi, esperto di kama&#8221;. Prima dei suoi viaggi in Cina e a Okinawa per imparare l&#8217;uso delle diverse armi, ognuna di esse era un&#8217;arte marziale a s\u00e9 stante, finch\u00e9 il kobudo, in modo metodico e organizzato, non ne riun\u00ec gli usi e le conoscenze sull&#8217;isola di Okinawa. Ma fu suo figlio, Shinp\u014d Matayoshi, a imparare dal padre e, dopo la sua morte, a fondare il proprio d\u014dj\u014d, il K\u014dd\u014dkan, che doveva essere la sede del kobud\u014d. Questo strumento consente di pizzicare, agganciare, avvolgere e controllare.<\/span><\/p>\n<p>&nbsp;<\/p>\n","protected":false},"excerpt":{"rendered":"<p>Artigianale. Legno di faggio e ferro con cromatura.<\/p>\n<p><em>*Prodotto artigianale realizzato su ordinazione, quindi a volte, se non abbiamo scorte, potrebbero essere necessari alcuni giorni.<\/em><\/p>\n<p>&nbsp;<\/p>\n<p>NOTA IMPORTANTE: tutti i nostri strumenti sono venduti come oggetti da collezione e non possono essere usati o portati come armi.<\/p>\n","protected":false},"featured_media":38721,"template":"","meta":{"_joinchat":[]},"product_brand":[],"product_cat":[2766,2749,2748,2764],"product_tag":[2741],"class_list":{"0":"post-47105","1":"product","2":"type-product","3":"status-publish","4":"has-post-thumbnail","6":"product_cat-kobudo-in-metallo","7":"product_cat-strumenti-it","8":"product_cat-strumenti-spesa-it","9":"product_cat-strumenti-linea-toku","10":"product_tag-club-05-it","11":"product_shipping_class-tools_vol","13":"first","14":"onbackorder","15":"taxable","16":"shipping-taxable","17":"purchasable","18":"product-type-simple"},"_links":{"self":[{"href":"https:\/\/hajimekarate.com\/it\/wp-json\/wp\/v2\/product\/47105","targetHints":{"allow":["GET"]}}],"collection":[{"href":"https:\/\/hajimekarate.com\/it\/wp-json\/wp\/v2\/product"}],"about":[{"href":"https:\/\/hajimekarate.com\/it\/wp-json\/wp\/v2\/types\/product"}],"wp:featuredmedia":[{"embeddable":true,"href":"https:\/\/hajimekarate.com\/it\/wp-json\/wp\/v2\/media\/38721"}],"wp:attachment":[{"href":"https:\/\/hajimekarate.com\/it\/wp-json\/wp\/v2\/media?parent=47105"}],"wp:term":[{"taxonomy":"product_brand","embeddable":true,"href":"https:\/\/hajimekarate.com\/it\/wp-json\/wp\/v2\/product_brand?post=47105"},{"taxonomy":"product_cat","embeddable":true,"href":"https:\/\/hajimekarate.com\/it\/wp-json\/wp\/v2\/product_cat?post=47105"},{"taxonomy":"product_tag","embeddable":true,"href":"https:\/\/hajimekarate.com\/it\/wp-json\/wp\/v2\/product_tag?post=47105"}],"curies":[{"name":"wp","href":"https:\/\/api.w.org\/{rel}","templated":true}]}}