{"id":46789,"date":"2020-08-24T18:14:36","date_gmt":"2022-10-06T16:23:14","guid":{"rendered":"https:\/\/hajimekarate.com\/comprar\/sosetsukon-shureido-2\/"},"modified":"2025-02-03T13:06:55","modified_gmt":"2025-02-03T12:06:55","slug":"sosetsukon-shureido","status":"publish","type":"product","link":"https:\/\/hajimekarate.com\/it\/acquistare\/sosetsukon-shureido\/","title":{"rendered":"Sosetsukon Shureido"},"content":{"rendered":"<p>Ci sono varie teorie sulla sua origine, ma come per il Tonfas, si tratta di un attrezzo agricolo trasformato in un&#8217;arma da Kobudo. Dopo la proibizione dell&#8217;uso delle armi da parte dei contadini nel 1609, e di fronte ai continui attacchi dei samurai, essi iniziarono a utilizzare strumenti di lavoro per difendersi.<\/p>\n<p>Lo scopo di quest&#8217;arma \u00e8 indebolire la violenza irrazionale dell&#8217;avversario o di fronte a un attacco di pi\u00f9 persone e quindi disinnescare la situazione, non attaccare volontariamente. Questo \u00e8 il motivo per cui il kata Sosetsukon inizia sempre con la difesa.<\/p>\n<p>Esistono varie forme, rotonde, quadrate o esagonali, anche se la pi\u00f9 popolare \u00e8 quella ottagonale, come quella che abbiamo noi di Hajime Karate. Realizzato a mano in Giappone in legno di quercia rossa da 33,5 cm.<\/p>\n","protected":false},"excerpt":{"rendered":"<p>Nunchaku ottagonale di 33,5 cm realizzato a mano a Okinawa, in Giappone. Chiedeteci i prezzi per le misure speciali disponibili su richiesta: 37, 40 o 42 cm.<\/p>\n<p>NOTA IMPORTANTE: tutti i nostri strumenti sono venduti come oggetti da collezione e non possono essere usati o portati come armi.<\/p>\n","protected":false},"featured_media":66469,"template":"","meta":{"_joinchat":[]},"product_brand":[],"product_cat":[2749,2767],"product_tag":[2653],"class_list":{"0":"post-46789","1":"product","2":"type-product","3":"status-publish","4":"has-post-thumbnail","6":"product_cat-strumenti-it","7":"product_cat-strumenti-shureido","8":"product_tag-club-10-it","10":"first","11":"instock","12":"taxable","13":"shipping-taxable","14":"purchasable","15":"product-type-variable"},"_links":{"self":[{"href":"https:\/\/hajimekarate.com\/it\/wp-json\/wp\/v2\/product\/46789","targetHints":{"allow":["GET"]}}],"collection":[{"href":"https:\/\/hajimekarate.com\/it\/wp-json\/wp\/v2\/product"}],"about":[{"href":"https:\/\/hajimekarate.com\/it\/wp-json\/wp\/v2\/types\/product"}],"wp:featuredmedia":[{"embeddable":true,"href":"https:\/\/hajimekarate.com\/it\/wp-json\/wp\/v2\/media\/66469"}],"wp:attachment":[{"href":"https:\/\/hajimekarate.com\/it\/wp-json\/wp\/v2\/media?parent=46789"}],"wp:term":[{"taxonomy":"product_brand","embeddable":true,"href":"https:\/\/hajimekarate.com\/it\/wp-json\/wp\/v2\/product_brand?post=46789"},{"taxonomy":"product_cat","embeddable":true,"href":"https:\/\/hajimekarate.com\/it\/wp-json\/wp\/v2\/product_cat?post=46789"},{"taxonomy":"product_tag","embeddable":true,"href":"https:\/\/hajimekarate.com\/it\/wp-json\/wp\/v2\/product_tag?post=46789"}],"curies":[{"name":"wp","href":"https:\/\/api.w.org\/{rel}","templated":true}]}}