{"id":46785,"date":"2021-02-10T16:46:10","date_gmt":"2021-02-10T15:46:10","guid":{"rendered":"https:\/\/hajimekarate.com\/comprar\/tekko-ellittico\/"},"modified":"2026-01-28T11:21:19","modified_gmt":"2026-01-28T10:21:19","slug":"tekko-eliptico","status":"publish","type":"product","link":"https:\/\/hajimekarate.com\/it\/acquistare\/tekko-eliptico\/","title":{"rendered":"Tekko Ellittico"},"content":{"rendered":"<p>Il Tekko \u00e8 un&#8217;arma da pugno che pu\u00f2 aumentare la forza di chi la impugna. Si tratta di un utensile in metallo di alta qualit\u00e0, realizzato a mano in ferro f1. La sua origine risale all&#8217;epoca in cui, dopo che l&#8217;uso delle armi fu vietato a Okinawa, i ferri di cavallo furono usati come arma per proteggersi dagli attacchi a sorpresa. Dopo diverse trasformazioni, questo strumento non fu pi\u00f9 utilizzato e fu sostituito da un\u2019altra versione ricavata dalla staffa del cavallo che, grazie alle sue dimensioni ridotte, era pi\u00f9 facile da nascondere.<br \/>\nIl diametro dell\u2019impugnatura \u00e8 di 16 mm + 1 mm di corda in polipropilene. La misura approssimativa \u00e8 la larghezza del bracciale. Realizzato <strong>a mano<\/strong>. Vendiamo <strong>in coppia<\/strong>.<\/p>\n","protected":false},"excerpt":{"rendered":"<div>Nuovo design monopezzo senza saldature o aggiunte, realizzato in acciaio al carbonio da 4 mm con una straordinaria finitura cromata. Le misure sono standard e vanno bene per tutte le dimensioni della mano: 20 cm di lunghezza, 3 cm di impugnatura e 6 cm di foro per il nodo. Ogni pezzo ha un peso di 300 grammi, il che lo rende funzionale al 100% e con un&#8217;estetica molto curata. Realizzato su ordinazione dai nostri maestri artigiani.<\/div>\n<p><strong>Fatto a mano.<br \/>\n<\/strong>Peso: 300 gr cada pieza<br \/>\nLargo: 20 cm<br \/>\nEl material utilizado para su fabricaci\u00f3n es el hierro f1 de primer\u00edsima calidad.<br \/>\nTama\u00f1o est\u00e1ndar.<br \/>\nEn pareja.<\/p>\n<p data-pm-slice=\"1 1 []\"><em>*Prodotto artigianale realizzato su ordinazione, quindi a volte, se non abbiamo scorte, potrebbero essere necessari alcuni giorni.<\/p>\n<p>NOTA IMPORTANTE: tutti i nostri strumenti sono venduti come oggetti da collezione e non possono essere usati o portati come armi.<br \/>\n<\/em><\/p>\n","protected":false},"featured_media":67763,"template":"","meta":{"_joinchat":[]},"product_brand":[],"product_cat":[2760,2762,2749,2756],"product_tag":[2741],"class_list":{"0":"post-46785","1":"product","2":"type-product","3":"status-publish","4":"has-post-thumbnail","6":"product_cat-kobudo-it","7":"product_cat-metallo","8":"product_cat-strumenti-it","9":"product_cat-strumenti-linea-miyabi","10":"product_tag-club-05-it","11":"product_shipping_class-tools_metal","13":"first","14":"onbackorder","15":"taxable","16":"shipping-taxable","17":"purchasable","18":"product-type-simple"},"_links":{"self":[{"href":"https:\/\/hajimekarate.com\/it\/wp-json\/wp\/v2\/product\/46785","targetHints":{"allow":["GET"]}}],"collection":[{"href":"https:\/\/hajimekarate.com\/it\/wp-json\/wp\/v2\/product"}],"about":[{"href":"https:\/\/hajimekarate.com\/it\/wp-json\/wp\/v2\/types\/product"}],"wp:featuredmedia":[{"embeddable":true,"href":"https:\/\/hajimekarate.com\/it\/wp-json\/wp\/v2\/media\/67763"}],"wp:attachment":[{"href":"https:\/\/hajimekarate.com\/it\/wp-json\/wp\/v2\/media?parent=46785"}],"wp:term":[{"taxonomy":"product_brand","embeddable":true,"href":"https:\/\/hajimekarate.com\/it\/wp-json\/wp\/v2\/product_brand?post=46785"},{"taxonomy":"product_cat","embeddable":true,"href":"https:\/\/hajimekarate.com\/it\/wp-json\/wp\/v2\/product_cat?post=46785"},{"taxonomy":"product_tag","embeddable":true,"href":"https:\/\/hajimekarate.com\/it\/wp-json\/wp\/v2\/product_tag?post=46785"}],"curies":[{"name":"wp","href":"https:\/\/api.w.org\/{rel}","templated":true}]}}