{"id":46662,"date":"2019-04-02T19:19:36","date_gmt":"2019-04-02T17:19:36","guid":{"rendered":"https:\/\/hajimekarate.com\/comprar\/t-shirt-in-cotone-shureido\/"},"modified":"2025-12-11T17:50:34","modified_gmt":"2025-12-11T16:50:34","slug":"camiseta-de-algodon-shureido","status":"publish","type":"product","link":"https:\/\/hajimekarate.com\/it\/acquistare\/camiseta-de-algodon-shureido\/","title":{"rendered":"Maglietta in cotone Shureido | La grande onda di Kanagawa"},"content":{"rendered":"","protected":false},"excerpt":{"rendered":"<p>Maglietta Shureido nera 100% cotone. Edizione limitata in Europa. Distribuzione esclusiva in Europa da parte di Hajime Karate. Cotone e stampa di alta qualit\u00e0.<\/p>\n<p>La maglietta presenta una stampa in blu elettrico raffigurante La grande onda di Kanagawa di Katsushika Hokusai, un&#8217;opera ricca di simbolismo culturale, spirituale e umano nella cultura giapponese. Il suo significato pu\u00f2 essere interpretato su diversi livelli: (1) la forza inarrestabile della natura, (2) l&#8217;impermanenza (muj\u014d), (3) il conflitto e l&#8217;armonia tra gli esseri umani e la natura, (4) il Monte Fuji come simbolo di stabilit\u00e0 e (5) un&#8217;opera rivoluzionaria per l&#8217;epoca. <\/p>\n","protected":false},"featured_media":91045,"template":"","meta":{"_joinchat":[]},"product_brand":[],"product_cat":[2688,3340],"product_tag":[],"class_list":{"0":"post-46662","1":"product","2":"type-product","3":"status-publish","4":"has-post-thumbnail","6":"product_cat-accessori","7":"product_cat-magliette-it","9":"first","10":"instock","11":"taxable","12":"shipping-taxable","13":"purchasable","14":"product-type-variable"},"_links":{"self":[{"href":"https:\/\/hajimekarate.com\/it\/wp-json\/wp\/v2\/product\/46662","targetHints":{"allow":["GET"]}}],"collection":[{"href":"https:\/\/hajimekarate.com\/it\/wp-json\/wp\/v2\/product"}],"about":[{"href":"https:\/\/hajimekarate.com\/it\/wp-json\/wp\/v2\/types\/product"}],"wp:featuredmedia":[{"embeddable":true,"href":"https:\/\/hajimekarate.com\/it\/wp-json\/wp\/v2\/media\/91045"}],"wp:attachment":[{"href":"https:\/\/hajimekarate.com\/it\/wp-json\/wp\/v2\/media?parent=46662"}],"wp:term":[{"taxonomy":"product_brand","embeddable":true,"href":"https:\/\/hajimekarate.com\/it\/wp-json\/wp\/v2\/product_brand?post=46662"},{"taxonomy":"product_cat","embeddable":true,"href":"https:\/\/hajimekarate.com\/it\/wp-json\/wp\/v2\/product_cat?post=46662"},{"taxonomy":"product_tag","embeddable":true,"href":"https:\/\/hajimekarate.com\/it\/wp-json\/wp\/v2\/product_tag?post=46662"}],"curies":[{"name":"wp","href":"https:\/\/api.w.org\/{rel}","templated":true}]}}