{"id":46621,"date":"2020-10-20T15:04:27","date_gmt":"2020-10-20T13:04:27","guid":{"rendered":"https:\/\/hajimekarate.com\/comprar\/asciugamano-nero-shureido-karate-do\/"},"modified":"2026-02-09T16:03:05","modified_gmt":"2026-02-09T15:03:05","slug":"toalla-negra-shureido-karate-do","status":"publish","type":"product","link":"https:\/\/hajimekarate.com\/it\/acquistare\/toalla-negra-shureido-karate-do\/","title":{"rendered":"Asciugamano Shureido Karate Do | Nero\/Blu"},"content":{"rendered":"<p>Asciugamano Shureido con Karate Do in kanji, 100 % cotone.<br \/>\nMade in Japan.<br \/>\nAsciugamano Imabari.<\/p>\n<p>Che cos&#8217;\u00e8 l&#8217;asciugamano Imabari? Imabari \u00e8 una citt\u00e0 giapponese con una lunga tradizione di oltre 120 anni nella produzione di asciugamani. In Giappone, l'&#8221;asciugamano Imabari&#8221; \u00e8 noto per la sua alta qualit\u00e0. Ci\u00f2 \u00e8 dovuto al clima caldo, all&#8217;abbondanza e alla qualit\u00e0 delle acque sotterranee, molto povere di metalli pesanti e di durezza, e alla costante innovazione. Oggi, &#8220;Imabari Towel&#8221; \u00e8 diventato un asciugamano prestigioso in tutto il mondo.<\/p>\n<p>Caratteristiche dell&#8217; asciugamano Imabari: L&#8217;asciugamano Imabari ha standard di produzione molto severi. 1. Rapido assorbimento dell&#8217;acqua <\/p>\n<p>2. Mantienea lungo la sua morbidezza e il suo colore 3.\u00c8 altamente resistente ai lavaggi.<\/p>\n","protected":false},"excerpt":{"rendered":"<p>Toalla Shureido con Karate Do en kanji.<br \/>\nTama\u00f1o: 34 x 87 cm<br \/>\n<strong>100 % algod\u00f3n.<\/strong> Hecho en Jap\u00f3n.<br \/>\nDisponible en negro o azul.<\/p>\n<p>Toalla Imabari (abajo est\u00e1n especificadas las caracter\u00edsticas del producto).<\/p>\n","protected":false},"featured_media":22604,"template":"","meta":{"_joinchat":[]},"product_brand":[],"product_cat":[2688,2689,3348],"product_tag":[2653],"class_list":{"0":"post-46621","1":"product","2":"type-product","3":"status-publish","4":"has-post-thumbnail","6":"product_cat-accessori","7":"product_cat-complemento-ai-concorrenti-di-atterraggio","8":"product_cat-asciugamani-it","9":"product_tag-club-10-it","11":"first","12":"instock","13":"taxable","14":"shipping-taxable","15":"purchasable","16":"product-type-variable"},"_links":{"self":[{"href":"https:\/\/hajimekarate.com\/it\/wp-json\/wp\/v2\/product\/46621","targetHints":{"allow":["GET"]}}],"collection":[{"href":"https:\/\/hajimekarate.com\/it\/wp-json\/wp\/v2\/product"}],"about":[{"href":"https:\/\/hajimekarate.com\/it\/wp-json\/wp\/v2\/types\/product"}],"wp:featuredmedia":[{"embeddable":true,"href":"https:\/\/hajimekarate.com\/it\/wp-json\/wp\/v2\/media\/22604"}],"wp:attachment":[{"href":"https:\/\/hajimekarate.com\/it\/wp-json\/wp\/v2\/media?parent=46621"}],"wp:term":[{"taxonomy":"product_brand","embeddable":true,"href":"https:\/\/hajimekarate.com\/it\/wp-json\/wp\/v2\/product_brand?post=46621"},{"taxonomy":"product_cat","embeddable":true,"href":"https:\/\/hajimekarate.com\/it\/wp-json\/wp\/v2\/product_cat?post=46621"},{"taxonomy":"product_tag","embeddable":true,"href":"https:\/\/hajimekarate.com\/it\/wp-json\/wp\/v2\/product_tag?post=46621"}],"curies":[{"name":"wp","href":"https:\/\/api.w.org\/{rel}","templated":true}]}}