{"id":46620,"date":"2020-09-15T12:23:36","date_gmt":"2020-09-15T10:23:36","guid":{"rendered":"https:\/\/hajimekarate.com\/comprar\/asciugamano-bianco-shureido-karate-do\/"},"modified":"2026-01-12T10:37:46","modified_gmt":"2026-01-12T09:37:46","slug":"toalla-blanca-shureido-karate-do","status":"publish","type":"product","link":"https:\/\/hajimekarate.com\/it\/acquistare\/toalla-blanca-shureido-karate-do\/","title":{"rendered":"Asciugamano bianco Shureido Karate Do"},"content":{"rendered":"<p>Asciugamano Shureido bianco con Karate Do in kanji.<br \/>\n100 % cotone.<br \/>\n<strong>Prodotto in Giappone.<\/strong><\/p>\n<p>Il <a href=\"https:\/\/hajimekarate.com\/it\/acquistare-online\/exclusivos-hajime-it\/hankos-it\/\"><strong>Hanko<\/strong><\/a> quadrato Shureido e il suo logo rosso sottolineano la presenza del marchio e la sua origine, <strong>Okinawa.<\/strong><\/p>\n<p>Che cos&#8217;\u00e8 Hanko? In Giappone \u00e8 d&#8217;obbligo perch\u00e9 si tratta di un timbro personalizzato con un nome che identifica la propriet\u00e0 per secoli, invece della firma che usiamo in altri Paesi.<\/p>\n<p>Se volete acquistare un prodotto originale Shureido ad un prezzo accessibile, questo \u00e8 l&#8217;articolo che fa per voi!<\/p>\n<p>&nbsp;<\/p>\n","protected":false},"excerpt":{"rendered":"<p>Asciugamano Shureido con Karate Do in kanji.<br \/>\nDimensioni: 34 x 87 cm<br \/>\n<strong>100 % cotone.<\/strong> Made in Japan.<\/p>\n<p>L&#8217;Hanko quadrato e il logo rosso di Shureido evidenziano la presenza e l&#8217;origine del marchio.<br \/>\nIdeale per uso personale o come regalo.<\/p>\n","protected":false},"featured_media":22599,"template":"","meta":{"_joinchat":[]},"product_brand":[],"product_cat":[2688,2689,3348],"product_tag":[2653],"class_list":{"0":"post-46620","1":"product","2":"type-product","3":"status-publish","4":"has-post-thumbnail","6":"product_cat-accessori","7":"product_cat-complemento-ai-concorrenti-di-atterraggio","8":"product_cat-asciugamani-it","9":"product_tag-club-10-it","11":"first","12":"instock","13":"taxable","14":"shipping-taxable","15":"purchasable","16":"product-type-simple"},"_links":{"self":[{"href":"https:\/\/hajimekarate.com\/it\/wp-json\/wp\/v2\/product\/46620","targetHints":{"allow":["GET"]}}],"collection":[{"href":"https:\/\/hajimekarate.com\/it\/wp-json\/wp\/v2\/product"}],"about":[{"href":"https:\/\/hajimekarate.com\/it\/wp-json\/wp\/v2\/types\/product"}],"wp:featuredmedia":[{"embeddable":true,"href":"https:\/\/hajimekarate.com\/it\/wp-json\/wp\/v2\/media\/22599"}],"wp:attachment":[{"href":"https:\/\/hajimekarate.com\/it\/wp-json\/wp\/v2\/media?parent=46620"}],"wp:term":[{"taxonomy":"product_brand","embeddable":true,"href":"https:\/\/hajimekarate.com\/it\/wp-json\/wp\/v2\/product_brand?post=46620"},{"taxonomy":"product_cat","embeddable":true,"href":"https:\/\/hajimekarate.com\/it\/wp-json\/wp\/v2\/product_cat?post=46620"},{"taxonomy":"product_tag","embeddable":true,"href":"https:\/\/hajimekarate.com\/it\/wp-json\/wp\/v2\/product_tag?post=46620"}],"curies":[{"name":"wp","href":"https:\/\/api.w.org\/{rel}","templated":true}]}}