{"id":46432,"date":"2018-09-04T21:19:10","date_gmt":"2022-09-27T11:04:31","guid":{"rendered":"https:\/\/hajimekarate.com\/comprar\/tatami-trocellen-multisport-basic-blu-rosso-reversibile\/"},"modified":"2022-09-27T13:04:31","modified_gmt":"2022-09-27T11:04:31","slug":"tatami-trocellen-multisport-basic-azul-rojo-reversible-2","status":"publish","type":"product","link":"https:\/\/hajimekarate.com\/it\/acquistare\/tatami-trocellen-multisport-basic-azul-rojo-reversible-2\/","title":{"rendered":"Tatami Trocellen Multisport Basic Blu-Rosso reversibile"},"content":{"rendered":"<p>Il tatami Trocellen Basic Multisport \u00e8 stato sviluppato e prodotto per offrire una qualit\u00e0 eccellente, in conformit\u00e0 con le esigenze qualitative di sportivi, istruttori e professionisti del settore. Non \u00e8 valido solo per il Karate: pu\u00f2 essere utilizzato in diversi sport o arti marziali. \u00c8 lavabile, reversibile e leggero. I tappetini Trocellen Basic Multisport sono altamente resistenti e hanno una superficie ruvida e antiscivolo. I pezzi vengono rifilati con la tecnologia dell&#8217;iniezione ad acqua per ottenere una finitura eccellente. Ogni pezzo di tatami ha una striscia laterale che funge da cornice.<\/p>\n<p>Dimensioni: 100 cm di lunghezza x 100 cm di larghezza x 2,2 cm di spessore<\/p>\n<p>Peso di ogni tavola: 1,5 kg\/ tavola<\/p>\n<p>Ordine minimo: 9 fogli (9 metri). Se desiderate ordinare una quantit\u00e0 inferiore, scegliete l&#8217;opzione Tatami Multisport basic 2cm.<\/p>\n<p>Spese di spedizione: saranno quotate separatamente a seconda del numero di piatti acquistati perch\u00e9 dipendono dal peso e dal volume totale della merce.<\/p>\n<p>Colore: rosso e blu reversibile<\/p>\n<p>Materiale: polietilene espanso reticolato e tatami a rilievo in paglia di riso.<\/p>\n<p>Il kit per angoli e bordi lineari pu\u00f2 essere ordinato su richiesta.<\/p>\n<p>Sicurezza: EN 1177 HIC (test interno Trocellen)<br \/>\nNF EN 12503.1 Testato dai laboratori CRITT<\/p>\n","protected":false},"excerpt":{"rendered":"<p>Tatami Trocellen Basic Multisport. Piastre eccellenti per la pratica del Karate e di altri sport e\/o arti marziali. Attualmente sono utilizzati nei centri ad alte prestazioni. Reversibile: rosso e blu.<\/p>\n<p><strong>Servito in multipli di 9 piatti.<\/strong><\/p>\n<p><em>Le spese di spedizione saranno indicate separatamente a seconda del numero di lastre acquistate perch\u00e9 dipendono dal peso e dal volume totale della merce.<\/em><\/p>\n<p>&nbsp;<\/p>\n","protected":false},"featured_media":38157,"template":"","meta":{"_joinchat":[]},"product_brand":[],"product_cat":[2728],"product_tag":[],"class_list":{"0":"post-46432","1":"product","2":"type-product","3":"status-publish","4":"has-post-thumbnail","6":"product_cat-tatami-it","8":"first","9":"outofstock","10":"taxable","11":"shipping-taxable","12":"purchasable","13":"product-type-simple"},"_links":{"self":[{"href":"https:\/\/hajimekarate.com\/it\/wp-json\/wp\/v2\/product\/46432","targetHints":{"allow":["GET"]}}],"collection":[{"href":"https:\/\/hajimekarate.com\/it\/wp-json\/wp\/v2\/product"}],"about":[{"href":"https:\/\/hajimekarate.com\/it\/wp-json\/wp\/v2\/types\/product"}],"wp:featuredmedia":[{"embeddable":true,"href":"https:\/\/hajimekarate.com\/it\/wp-json\/wp\/v2\/media\/38157"}],"wp:attachment":[{"href":"https:\/\/hajimekarate.com\/it\/wp-json\/wp\/v2\/media?parent=46432"}],"wp:term":[{"taxonomy":"product_brand","embeddable":true,"href":"https:\/\/hajimekarate.com\/it\/wp-json\/wp\/v2\/product_brand?post=46432"},{"taxonomy":"product_cat","embeddable":true,"href":"https:\/\/hajimekarate.com\/it\/wp-json\/wp\/v2\/product_cat?post=46432"},{"taxonomy":"product_tag","embeddable":true,"href":"https:\/\/hajimekarate.com\/it\/wp-json\/wp\/v2\/product_tag?post=46432"}],"curies":[{"name":"wp","href":"https:\/\/api.w.org\/{rel}","templated":true}]}}