{"id":46429,"date":"2021-02-23T15:28:50","date_gmt":"2022-09-27T10:27:38","guid":{"rendered":"https:\/\/hajimekarate.com\/comprar\/tatami-trocellen-progame-itf-blu-e-rosso-reversibile\/"},"modified":"2022-09-27T12:27:38","modified_gmt":"2022-09-27T10:27:38","slug":"tatami-trocellen-progame-itf-azul-y-rojo-reversible-2","status":"publish","type":"product","link":"https:\/\/hajimekarate.com\/it\/acquistare\/tatami-trocellen-progame-itf-azul-y-rojo-reversible-2\/","title":{"rendered":"Tatami Trocellen ProGame ITF blu e rosso reversibile"},"content":{"rendered":"<p>I tatami ProGame ITF di Trocellen sono stati sviluppati, testati e approvati per offrire soluzioni di alta qualit\u00e0, tenendo conto delle esigenze degli atleti, dei requisiti ITF e delle regole di gara.<\/p>\n<p>Forniamo un tappetino che si adatta a 3000 movimenti. Tenendo conto delle esigenze specifiche del taekwondo, forniamo la soluzione perfetta sia per l&#8217;allenamento che per le gare.<br \/>\nPer mantenere l&#8217;equilibrio, la perfetta coordinazione e una buona finitura \u00e8 necessario un terreno stabile e di qualit\u00e0. Il nostro tappetino ad alta densit\u00e0 con una superficie stabile e antiscivolo crea lo slancio perfetto.<\/p>\n<h4>Trocellen ProGame Tatami omologato ITF offre:<\/h4>\n<ul>\n<li>Caratteristiche di alta qualit\u00e0<\/li>\n<li>Prestazioni elevate e stabili, garantite da osservazioni, misurazioni e test continui.<\/li>\n<li>Massima conformit\u00e0: testato per essere adatto alla pratica del taekwondo<\/li>\n<li>Prodotto visibilmente etichettato con il logo ITF e i riferimenti Trocellen ProGame Tatami marcati al laser.<\/li>\n<\/ul>\n<p>Il successo del tatami ProGame by Trocellen si basa sulle perfette propriet\u00e0 del prodotto che soddisfano le esigenze degli atleti e sulla facilit\u00e0 e flessibilit\u00e0 di utilizzo del tatami.<\/p>\n<p>&nbsp;<\/p>\n<h4>DIMENSIONI<\/h4>\n<ul>\n<li>Lunghezza: 1000 mm<\/li>\n<li>Larghezza: 1000 mm<\/li>\n<li>Spessore: 22 mm<\/li>\n<\/ul>\n<h4>COLORI<\/h4>\n<ul>\n<li>Blu \/ rosso reversibile secondo i requisiti ITF<\/li>\n<\/ul>\n<h4>PROPRIET\u00c0<\/h4>\n<ul>\n<li>Polietilene monodensit\u00e0 a celle chiuse<\/li>\n<li>La tecnologia di taglio a getto d&#8217;acqua garantisce una corrispondenza al 100% e una superficie stabile<\/li>\n<li>Logo ITF stampato al laser e riferimenti al tatami Trocellen ProGame<\/li>\n<li>Superficie antiscivolo<\/li>\n<li>Lavabile, impermeabile, antimicotico, antibatterico, ipoallergenico, reversibile<\/li>\n<li>I risultati del test HIC (EN1177) sono disponibili su richiesta.<\/li>\n<li>Classificazione antincendio Euroclass D disponibile su richiesta.<\/li>\n<li>Valori della riva\n<ul>\n<li>Shore A: valore 26 (metodo di prova ISO 868)<\/li>\n<li>Valore Shore 0:31 (metodo di prova ASTM D 2240)<\/li>\n<li>Valore Shore 00: 70 (metodo di prova ASTM D 2240)<\/li>\n<\/ul>\n<\/li>\n<\/ul>\n","protected":false},"excerpt":{"rendered":"<p>I tatami ProGame ITF di Trocellen sono stati sviluppati, testati e approvati per offrire soluzioni di alta qualit\u00e0, tenendo conto delle esigenze degli atleti, dei requisiti ITF e delle regole di gara.<\/p>\n<p>Certificato antincendio.<\/p>\n<p><em>Le spese di spedizione saranno indicate separatamente a seconda del numero di lastre acquistate perch\u00e9 dipendono dal peso e dal volume totale della merce.<\/em><\/p>\n","protected":false},"featured_media":25162,"template":"","meta":{"_joinchat":[]},"product_brand":[],"product_cat":[2728],"product_tag":[],"class_list":{"0":"post-46429","1":"product","2":"type-product","3":"status-publish","4":"has-post-thumbnail","6":"product_cat-tatami-it","8":"first","9":"outofstock","10":"taxable","11":"shipping-taxable","12":"purchasable","13":"product-type-simple"},"_links":{"self":[{"href":"https:\/\/hajimekarate.com\/it\/wp-json\/wp\/v2\/product\/46429","targetHints":{"allow":["GET"]}}],"collection":[{"href":"https:\/\/hajimekarate.com\/it\/wp-json\/wp\/v2\/product"}],"about":[{"href":"https:\/\/hajimekarate.com\/it\/wp-json\/wp\/v2\/types\/product"}],"wp:featuredmedia":[{"embeddable":true,"href":"https:\/\/hajimekarate.com\/it\/wp-json\/wp\/v2\/media\/25162"}],"wp:attachment":[{"href":"https:\/\/hajimekarate.com\/it\/wp-json\/wp\/v2\/media?parent=46429"}],"wp:term":[{"taxonomy":"product_brand","embeddable":true,"href":"https:\/\/hajimekarate.com\/it\/wp-json\/wp\/v2\/product_brand?post=46429"},{"taxonomy":"product_cat","embeddable":true,"href":"https:\/\/hajimekarate.com\/it\/wp-json\/wp\/v2\/product_cat?post=46429"},{"taxonomy":"product_tag","embeddable":true,"href":"https:\/\/hajimekarate.com\/it\/wp-json\/wp\/v2\/product_tag?post=46429"}],"curies":[{"name":"wp","href":"https:\/\/api.w.org\/{rel}","templated":true}]}}