{"id":46427,"date":"2021-02-23T15:46:37","date_gmt":"2022-09-27T10:05:02","guid":{"rendered":"https:\/\/hajimekarate.com\/comprar\/tatami-trocellen-progame-gym-nero-grigio-rosso-reversibile\/"},"modified":"2022-09-27T12:05:04","modified_gmt":"2022-09-27T10:05:04","slug":"tatami-trocellen-progame-gym-negro-gris-rojo-reversible","status":"publish","type":"product","link":"https:\/\/hajimekarate.com\/it\/acquistare\/tatami-trocellen-progame-gym-negro-gris-rojo-reversible\/","title":{"rendered":"Tatami Trocellen ProGame Gym Nero Grigio Rosso reversibile"},"content":{"rendered":"<p>Il tatami ProGame Gym \u00e8 caratterizzato da uno spessore di 3,5 cm e da una soluzione cromatica reversibile su due lati, ideale per le discipline di MMA e grappling. Il tatami ProGame Gym \u00e8 la soluzione consigliata a chi ha bisogno di un prodotto professionale costruito per durare nel tempo e che offra una superficie ideale su cui praticare queste esperienze di combattimento estremo.<\/p>\n<h4>Palestra Tatami ProGame di Trocellen ofrece:<\/h4>\n<ul>\n<li>Caratteristiche di alta qualit\u00e0<\/li>\n<li>Prestazioni elevate e stabili, garantite da osservazioni, misurazioni e test continui.<\/li>\n<li>Massima conformit\u00e0: testato per essere adatto alla pratica del combattimento estremo<\/li>\n<li>Trocellen ProGame Tatami con marcatura laser<\/li>\n<\/ul>\n<p>Il successo di Trocellen con i tatami si basa sulle perfette propriet\u00e0 del prodotto che soddisfano le esigenze degli atleti e sulla facilit\u00e0 e flessibilit\u00e0 di utilizzo del sistema di tatami.<\/p>\n<p><strong>DIMENSIONI<\/strong><\/p>\n<ul>\n<li>Lunghezza: 1000 mm<\/li>\n<li>Larghezza: 1000 mm<\/li>\n<li>Spessore: 35 mm<\/li>\n<\/ul>\n<p><strong>COLORI<\/strong><\/p>\n<ul>\n<li>Negro \/ gris \/ rojo reversible<\/li>\n<\/ul>\n<p>&nbsp;<\/p>\n<p><strong>PROPRIET\u00c0<\/strong><\/p>\n<ul>\n<li>Schiuma di polietilene a doppia densit\u00e0 a cellule chiuse<\/li>\n<li>Il taglio a getto d&#8217;acqua con seghetto alternativo garantisce una corrispondenza al 100% e una superficie stabile<\/li>\n<li>Superficie antiscivolo<\/li>\n<li>Lavabile, impermeabile, antimicotico, antibatterico, ipoallergenico<\/li>\n<li>Riferimenti stampati al laser di ProGame Tatami by Trocellen<\/li>\n<li>I risultati dei test HIC (EN1177) per questo modello sono disponibili su richiesta.<\/li>\n<\/ul>\n","protected":false},"excerpt":{"rendered":"<p>Il tatami ProGame Gym \u00e8 caratterizzato da uno spessore di 3,5 cm e da una soluzione cromatica reversibile su due lati, ideale per le discipline di MMA e grappling.<\/p>\n<p><em>Le spese di spedizione saranno indicate separatamente a seconda del numero di lastre acquistate perch\u00e9 dipendono dal peso e dal volume totale della merce.<\/em><\/p>\n","protected":false},"featured_media":25194,"template":"","meta":{"_joinchat":[]},"product_brand":[],"product_cat":[2728],"product_tag":[],"class_list":{"0":"post-46427","1":"product","2":"type-product","3":"status-publish","4":"has-post-thumbnail","6":"product_cat-tatami-it","8":"first","9":"outofstock","10":"taxable","11":"shipping-taxable","12":"purchasable","13":"product-type-simple"},"_links":{"self":[{"href":"https:\/\/hajimekarate.com\/it\/wp-json\/wp\/v2\/product\/46427","targetHints":{"allow":["GET"]}}],"collection":[{"href":"https:\/\/hajimekarate.com\/it\/wp-json\/wp\/v2\/product"}],"about":[{"href":"https:\/\/hajimekarate.com\/it\/wp-json\/wp\/v2\/types\/product"}],"wp:featuredmedia":[{"embeddable":true,"href":"https:\/\/hajimekarate.com\/it\/wp-json\/wp\/v2\/media\/25194"}],"wp:attachment":[{"href":"https:\/\/hajimekarate.com\/it\/wp-json\/wp\/v2\/media?parent=46427"}],"wp:term":[{"taxonomy":"product_brand","embeddable":true,"href":"https:\/\/hajimekarate.com\/it\/wp-json\/wp\/v2\/product_brand?post=46427"},{"taxonomy":"product_cat","embeddable":true,"href":"https:\/\/hajimekarate.com\/it\/wp-json\/wp\/v2\/product_cat?post=46427"},{"taxonomy":"product_tag","embeddable":true,"href":"https:\/\/hajimekarate.com\/it\/wp-json\/wp\/v2\/product_tag?post=46427"}],"curies":[{"name":"wp","href":"https:\/\/api.w.org\/{rel}","templated":true}]}}