{"id":46426,"date":"2021-02-23T16:01:23","date_gmt":"2022-09-27T10:00:04","guid":{"rendered":"https:\/\/hajimekarate.com\/comprar\/tatatatami-trocellen-progame-multisport-induzione-ijf-rosso-grigio-verde\/"},"modified":"2024-05-16T16:45:42","modified_gmt":"2024-05-16T14:45:42","slug":"tatami-trocellen-progame-multisport-induction-ijf-rojo-gris-verde","status":"publish","type":"product","link":"https:\/\/hajimekarate.com\/it\/acquistare\/tatami-trocellen-progame-multisport-induction-ijf-rojo-gris-verde\/","title":{"rendered":"Tatami Trocellen ProGame Multisport Induzione IJF Rosso Grigio Verde"},"content":{"rendered":"<p>Il tatami ad induzione ProGame Multisport di Trocellen \u00e8 un tatami per arti marziali di alta qualit\u00e0, consigliato per le attivit\u00e0 sportive regolari ed extracurricolari dei bambini. Garantisce sicurezza e comfort a lungo termine, mentre caratteristiche come il peso e la forma rendono l&#8217;installazione rapida, flessibile e semplice.<\/p>\n<h4>Tatami ProGame di Trocellen Multisport Induction-IJF:<\/h4>\n<ul>\n<li>Caratteristiche di qualit\u00e0 per garantire il comfort e la sicurezza dei bambini<\/li>\n<li>Rendimiento elevado y estable, garantizado por la observaci\u00f3n, la medici\u00f3n y las pruebas continuas.<\/li>\n<li>Massima conformit\u00e0: testato per essere appropriato per le attivit\u00e0 didattiche.<\/li>\n<li>Flessibile e resistente<\/li>\n<li>Prodotto visibilmente etichettato con il logo IJF e i riferimenti Trocellen ProGame Tatami.<\/li>\n<\/ul>\n<p>Il successo del tatami Trocellen ProGame si basa sulle perfette propriet\u00e0 del prodotto che soddisfano le esigenze degli atleti e sulla facilit\u00e0 e flessibilit\u00e0 di utilizzo del sistema di tatami.<\/p>\n<p><strong>DIMENSIONI<\/strong><\/p>\n<ul>\n<li>Lunghezza: 1000 mm<\/li>\n<li>Larghezza: 1000 mm<\/li>\n<li>Spessore: 40\/50 mm<\/li>\n<\/ul>\n<p><strong>COLORI<\/strong><br \/>\nRosso \/ grigio \/ verde secondo i requisiti IJF<\/p>\n<p>&nbsp;<\/p>\n<p><strong>PROPRIET\u00c0<\/strong><\/p>\n<ul>\n<li>Polietilene espanso a doppia densit\u00e0 a cellule chiuse<\/li>\n<li>La tecnologia di taglio a getto d&#8217;acqua garantisce una corrispondenza al 100% e una superficie stabile<\/li>\n<li>Logo IJF stampato al laser e riferimenti Trocellen ProGame Tatami<\/li>\n<li>Elevato assorbimento degli urti (strati interni in polietilene perforato)<\/li>\n<li>Superficie antiscivolo<\/li>\n<li>Lavabile, impermeabile, antimicotico, antibatterico, ipoallergenico, reversibile<\/li>\n<li>I risultati del test HIC (EN1177) sono disponibili su richiesta.<\/li>\n<li>Valori della riva\n<ul>\n<li>Shore A: valore 26 (metodo di prova ISO 868)<\/li>\n<li>Valore Shore 0: 29 (metodo di prova ASTM D 2240)<\/li>\n<li>Valore Shore 00: 69 (metodo di prova ASTM D 2240)<\/li>\n<\/ul>\n<\/li>\n<\/ul>\n","protected":false},"excerpt":{"rendered":"<p>Il tatami ad induzione ProGame Multisport di Trocellen \u00e8 un tatami per arti marziali di alta qualit\u00e0, consigliato per le attivit\u00e0 sportive regolari ed extracurricolari dei bambini.<\/p>\n<p>Certificato antincendio<\/p>\n<p><em>Le spese di spedizione saranno indicate separatamente a seconda del numero di lastre acquistate perch\u00e9 dipendono dal peso e dal volume totale della merce.<\/em><\/p>\n","protected":false},"featured_media":25210,"template":"","meta":{"_joinchat":[]},"product_brand":[],"product_cat":[2728],"product_tag":[],"class_list":{"0":"post-46426","1":"product","2":"type-product","3":"status-publish","4":"has-post-thumbnail","6":"product_cat-tatami-it","8":"first","9":"outofstock","10":"taxable","11":"shipping-taxable","12":"purchasable","13":"product-type-simple"},"_links":{"self":[{"href":"https:\/\/hajimekarate.com\/it\/wp-json\/wp\/v2\/product\/46426","targetHints":{"allow":["GET"]}}],"collection":[{"href":"https:\/\/hajimekarate.com\/it\/wp-json\/wp\/v2\/product"}],"about":[{"href":"https:\/\/hajimekarate.com\/it\/wp-json\/wp\/v2\/types\/product"}],"wp:featuredmedia":[{"embeddable":true,"href":"https:\/\/hajimekarate.com\/it\/wp-json\/wp\/v2\/media\/25210"}],"wp:attachment":[{"href":"https:\/\/hajimekarate.com\/it\/wp-json\/wp\/v2\/media?parent=46426"}],"wp:term":[{"taxonomy":"product_brand","embeddable":true,"href":"https:\/\/hajimekarate.com\/it\/wp-json\/wp\/v2\/product_brand?post=46426"},{"taxonomy":"product_cat","embeddable":true,"href":"https:\/\/hajimekarate.com\/it\/wp-json\/wp\/v2\/product_cat?post=46426"},{"taxonomy":"product_tag","embeddable":true,"href":"https:\/\/hajimekarate.com\/it\/wp-json\/wp\/v2\/product_tag?post=46426"}],"curies":[{"name":"wp","href":"https:\/\/api.w.org\/{rel}","templated":true}]}}