{"id":46424,"date":"2021-02-23T16:09:11","date_gmt":"2022-09-27T09:54:33","guid":{"rendered":"https:\/\/hajimekarate.com\/comprar\/tatami-trocellen-progame-multisport-performance-verde-rosso-grigio\/"},"modified":"2022-09-27T11:54:33","modified_gmt":"2022-09-27T09:54:33","slug":"tatami-trocellen-progame-multisport-performance-verde-rojo-gris-2","status":"publish","type":"product","link":"https:\/\/hajimekarate.com\/it\/acquistare\/tatami-trocellen-progame-multisport-performance-verde-rojo-gris-2\/","title":{"rendered":"Tatami Trocellen Progame Multisport Performance Verde Rosso Grigio"},"content":{"rendered":"<p>Il ProGame Tatami di Trocellen Multisport Performance \u00e8 stato sviluppato per soddisfare le esigenze di diverse arti marziali. L&#8217;ampia gamma offre ai partner la possibilit\u00e0 di scegliere la soluzione migliore per soddisfare le loro esigenze. Il materassino ProGame Multisport Performance garantisce resistenza, adattabilit\u00e0 e comfort di lunga durata, offrendo un&#8217;eccellente combinazione di prezzo e qualit\u00e0.<\/p>\n<h3>ProGame Tatami di Trocellen Multisport Perfomance offre:<\/h3>\n<ul>\n<li>Caratteristiche di qualit\u00e0 per garantire comfort e sicurezza durante la pratica.<\/li>\n<li>Prestazioni elevate e stabili, garantite da osservazioni, misurazioni e test continui.<\/li>\n<li>Massima conformit\u00e0: \u00e8 stato dimostrato che \u00e8 adatto a scopi multisportivi<\/li>\n<li>Possibilit\u00e0 di personalizzare i colori.<\/li>\n<\/ul>\n<p>Il successo di ProGame by Trocellen con il tappetino per arti marziali si basa sulle perfette propriet\u00e0 del prodotto, che soddisfano le esigenze degli atleti, e sulla facilit\u00e0 e rapidit\u00e0 di utilizzo, grazie al sistema di tappetini.<\/p>\n<p><strong>DIMENSIONI<\/strong><\/p>\n<ul>\n<li>Lunghezza: 1000 mm<\/li>\n<li>Larghezza: 1000 mm<\/li>\n<li>Spessore: 40\/50 mm<\/li>\n<\/ul>\n<p><strong>COLORI<\/strong><\/p>\n<ul>\n<li>Rosso \/ grigio \/ verde<\/li>\n<li>Altri colori disponibili su richiesta<\/li>\n<\/ul>\n<p>&nbsp;<\/p>\n<p><strong>PROPRIET\u00c0<\/strong><\/p>\n<ul>\n<li>Schiuma di polietilene a doppia densit\u00e0 a cellule chiuse<\/li>\n<li>Il taglio a getto d&#8217;acqua con seghetto alternativo garantisce una corrispondenza al 100% e una superficie stabile<\/li>\n<li>Superficie antiscivolo<\/li>\n<li>Lavabile, impermeabile, antimicotico, antibatterico, ipoallergenico<\/li>\n<li>Elevato assorbimento degli urti (strati interni in polietilene espanso perforato)<\/li>\n<li>Riferimenti stampati al laser di ProGame by Trocellen<\/li>\n<li>I risultati del test HIC (EN1177) sono disponibili su richiesta per alcune soluzioni multisport.<\/li>\n<li>Valori della riva\n<ul>\n<li>Shore A: 27 Valore di prestazione (metodo di prova ISO 868)<\/li>\n<li>Shore 0:30 Valore delle prestazioni (metodo di prova ASTM D 2240)<\/li>\n<li>Shore 00: 70 Valore di prestazione (metodo di prova ASTM D 2240)<\/li>\n<\/ul>\n<\/li>\n<\/ul>\n","protected":false},"excerpt":{"rendered":"<p>Il ProGame Tatami di Trocellen Multisport Performance \u00e8 stato sviluppato per soddisfare le esigenze di diverse arti marziali.<\/p>\n<p>Certificato antincendio disponibile per +2\u20ac\/piatto.<\/p>\n<p><em>Le spese di spedizione saranno indicate separatamente a seconda del numero di lastre acquistate perch\u00e9 dipendono dal peso e dal volume totale della merce.<\/em><\/p>\n","protected":false},"featured_media":25226,"template":"","meta":{"_joinchat":[]},"product_brand":[],"product_cat":[2728],"product_tag":[],"class_list":{"0":"post-46424","1":"product","2":"type-product","3":"status-publish","4":"has-post-thumbnail","6":"product_cat-tatami-it","8":"first","9":"outofstock","10":"taxable","11":"shipping-taxable","12":"purchasable","13":"product-type-simple"},"_links":{"self":[{"href":"https:\/\/hajimekarate.com\/it\/wp-json\/wp\/v2\/product\/46424","targetHints":{"allow":["GET"]}}],"collection":[{"href":"https:\/\/hajimekarate.com\/it\/wp-json\/wp\/v2\/product"}],"about":[{"href":"https:\/\/hajimekarate.com\/it\/wp-json\/wp\/v2\/types\/product"}],"wp:featuredmedia":[{"embeddable":true,"href":"https:\/\/hajimekarate.com\/it\/wp-json\/wp\/v2\/media\/25226"}],"wp:attachment":[{"href":"https:\/\/hajimekarate.com\/it\/wp-json\/wp\/v2\/media?parent=46424"}],"wp:term":[{"taxonomy":"product_brand","embeddable":true,"href":"https:\/\/hajimekarate.com\/it\/wp-json\/wp\/v2\/product_brand?post=46424"},{"taxonomy":"product_cat","embeddable":true,"href":"https:\/\/hajimekarate.com\/it\/wp-json\/wp\/v2\/product_cat?post=46424"},{"taxonomy":"product_tag","embeddable":true,"href":"https:\/\/hajimekarate.com\/it\/wp-json\/wp\/v2\/product_tag?post=46424"}],"curies":[{"name":"wp","href":"https:\/\/api.w.org\/{rel}","templated":true}]}}