{"id":46419,"date":"2021-09-02T13:51:20","date_gmt":"2021-09-02T11:51:20","guid":{"rendered":"https:\/\/hajimekarate.com\/comprar\/tappetini-yoga-antiscivolo-trocellen\/"},"modified":"2024-02-26T11:42:18","modified_gmt":"2024-02-26T10:42:18","slug":"mat-para-yoga-trocellen-antideslizante","status":"publish","type":"product","link":"https:\/\/hajimekarate.com\/it\/acquistare\/mat-para-yoga-trocellen-antideslizante\/","title":{"rendered":"Tappetini yoga antiscivolo Trocellen"},"content":{"rendered":"<p class=\"p1\"><span class=\"s1\">Questo tappetino \u00e8 prodotto da Trocellen per la pratica regolare dello yoga. Con dimensioni equilibrate per tutti i tipi di utenti: 175 cm di lunghezza, 65 cm di larghezza e 4 mm di spessore, garantisce comfort ed equilibrio. Con un potente effetto di presa. \u00c8 comodo da trasportare e ha una buona stabilit\u00e0 e planarit\u00e0 sul terreno con un peso di soli 0,5 kg. Pu\u00f2 essere facilmente lavato. \u00c8 anche ecologico, poich\u00e9 per la sua produzione sono state utilizzate materie prime sostenibili provenienti da risorse naturali di origine vegetale.<\/span><\/p>\n<p class=\"p1\"><span class=\"s1\">Compatibile con il riscaldamento e il raffreddamento a pavimento.<\/span><\/p>\n<p class=\"p1\"><span class=\"s1\">Questo tappetino vi aiuter\u00e0 a trovare il vostro equilibrio.<\/span><\/p>\n","protected":false},"excerpt":{"rendered":"<p class=\"p1\"><span class=\"s1\">Tappetino yoga Trocellen Biobased Grip Blu Turchese. <\/span><\/p>\n<p class=\"p1\"><span class=\"s1\">Dimensioni: 0,65 m di larghezza x 1,75 m di lunghezza x 4 mm di spessore.<\/span><\/p>\n<p class=\"p1\"><span class=\"s1\">Dal marchio italiano Trocellen nasce questo tappetino appositamente studiato per la pratica dello yoga, con un eccellente effetto grip grazie alle sue caratteristiche antiscivolo.<\/span><\/p>\n","protected":false},"featured_media":28693,"template":"","meta":{"_joinchat":[]},"product_brand":[],"product_cat":[2688,2728,3356],"product_tag":[],"class_list":{"0":"post-46419","1":"product","2":"type-product","3":"status-publish","4":"has-post-thumbnail","6":"product_cat-accessori","7":"product_cat-tatami-it","8":"product_cat-allenamento-it","10":"first","11":"outofstock","12":"taxable","13":"shipping-taxable","14":"purchasable","15":"product-type-simple"},"_links":{"self":[{"href":"https:\/\/hajimekarate.com\/it\/wp-json\/wp\/v2\/product\/46419","targetHints":{"allow":["GET"]}}],"collection":[{"href":"https:\/\/hajimekarate.com\/it\/wp-json\/wp\/v2\/product"}],"about":[{"href":"https:\/\/hajimekarate.com\/it\/wp-json\/wp\/v2\/types\/product"}],"wp:featuredmedia":[{"embeddable":true,"href":"https:\/\/hajimekarate.com\/it\/wp-json\/wp\/v2\/media\/28693"}],"wp:attachment":[{"href":"https:\/\/hajimekarate.com\/it\/wp-json\/wp\/v2\/media?parent=46419"}],"wp:term":[{"taxonomy":"product_brand","embeddable":true,"href":"https:\/\/hajimekarate.com\/it\/wp-json\/wp\/v2\/product_brand?post=46419"},{"taxonomy":"product_cat","embeddable":true,"href":"https:\/\/hajimekarate.com\/it\/wp-json\/wp\/v2\/product_cat?post=46419"},{"taxonomy":"product_tag","embeddable":true,"href":"https:\/\/hajimekarate.com\/it\/wp-json\/wp\/v2\/product_tag?post=46419"}],"curies":[{"name":"wp","href":"https:\/\/api.w.org\/{rel}","templated":true}]}}