{"id":46344,"date":"2018-09-09T18:23:40","date_gmt":"2022-09-26T16:28:14","guid":{"rendered":"https:\/\/hajimekarate.com\/comprar\/bocchino-in-pasta-adattabile\/"},"modified":"2023-06-07T16:54:32","modified_gmt":"2023-06-07T14:54:32","slug":"bucal-profesional-u","status":"publish","type":"product","link":"https:\/\/hajimekarate.com\/it\/acquistare\/bucal-profesional-u\/","title":{"rendered":"BOCCHINO IN PASTA ADATTABILE"},"content":{"rendered":"<p>ISTRUZIONI PER IL MONTAGGIO DEL PARADENTI: Rimuovere i componenti all&#8217;interno della scatola. Aprite con cautela il contenitore rotondo e unto contenente della polvere bianca. Aggiungere il liquido chiaro dalla bottiglia con il tappo nero e mescolare con il cucchiaio di legno per 10-20 secondi. Continuate a mescolare fino a quando non vedrete che la polvere bianca \u00e8 completamente mescolata e che \u00e8 diventata una pasta. Con l&#8217;aiuto della spatola di legno, riempire il boccaglio blu trasparente con la pasta appena preparata. Assicurarsi che il buccale blu sia perfettamente riempito e che non rimangano spazi vuoti. Lasciare agire per almeno 2 minuti. \u00c8 pronto quando, toccandolo con il dito, si vedono le impronte digitali sulla pasta. Quindi, inserirlo in bocca, centrandolo bene. Procedete lentamente e senza fretta, perch\u00e9 questa \u00e8 la fase pi\u00f9 importante per ottenere una vestibilit\u00e0 perfetta. Quando vedete che l&#8217;avete centrata, spingete la buccale con la lingua dalla parte posteriore verso i denti. Chiudete la bocca in una posizione comoda, ma non mordete con forza. Tenere il boccaglio in bocca per almeno 5 minuti, in modo che la pasta si adatti perfettamente. Quindi lavarlo con acqua fredda ed \u00e8 pronto per l&#8217;uso. Se \u00e8 troppo lungo, tagliare l&#8217;eccesso dal retro. Se durante il taglio si notano delle aree taglienti, utilizzare una lima per unghie per appianarle. Si pu\u00f2 lavare con acqua calda e uno spazzolino da denti.<\/p>\n","protected":false},"excerpt":{"rendered":"<p>Pasta modellante orale senza acqua calda. Valido per tutte le et\u00e0. Adatto a tutti gli sport di contatto. Permette al karateka di parlare una volta adattato. \u00c8 un metodo per prevenire le lesioni alla bocca, ai denti e alla mascella.<\/p>\n","protected":false},"featured_media":38226,"template":"","meta":{"_joinchat":[]},"product_brand":[],"product_cat":[2651,2687,2686],"product_tag":[2654],"class_list":{"0":"post-46344","1":"product","2":"type-product","3":"status-publish","4":"has-post-thumbnail","6":"product_cat-competizione-di-kumite","7":"product_cat-paradenti","8":"product_cat-protezioni","9":"product_tag-club-15-it","11":"first","12":"instock","13":"taxable","14":"shipping-taxable","15":"purchasable","16":"product-type-simple"},"_links":{"self":[{"href":"https:\/\/hajimekarate.com\/it\/wp-json\/wp\/v2\/product\/46344","targetHints":{"allow":["GET"]}}],"collection":[{"href":"https:\/\/hajimekarate.com\/it\/wp-json\/wp\/v2\/product"}],"about":[{"href":"https:\/\/hajimekarate.com\/it\/wp-json\/wp\/v2\/types\/product"}],"wp:featuredmedia":[{"embeddable":true,"href":"https:\/\/hajimekarate.com\/it\/wp-json\/wp\/v2\/media\/38226"}],"wp:attachment":[{"href":"https:\/\/hajimekarate.com\/it\/wp-json\/wp\/v2\/media?parent=46344"}],"wp:term":[{"taxonomy":"product_brand","embeddable":true,"href":"https:\/\/hajimekarate.com\/it\/wp-json\/wp\/v2\/product_brand?post=46344"},{"taxonomy":"product_cat","embeddable":true,"href":"https:\/\/hajimekarate.com\/it\/wp-json\/wp\/v2\/product_cat?post=46344"},{"taxonomy":"product_tag","embeddable":true,"href":"https:\/\/hajimekarate.com\/it\/wp-json\/wp\/v2\/product_tag?post=46344"}],"curies":[{"name":"wp","href":"https:\/\/api.w.org\/{rel}","templated":true}]}}