{"id":46031,"date":"2022-09-15T16:37:10","date_gmt":"2022-09-15T14:37:10","guid":{"rendered":"https:\/\/hajimekarate.com\/comprar\/metodologia-integrale-karate-kata\/"},"modified":"2023-11-02T16:22:34","modified_gmt":"2023-11-02T15:22:34","slug":"metodologia-integrale-karate-kata","status":"publish","type":"product","link":"https:\/\/hajimekarate.com\/it\/acquistare\/metodologia-integrale-karate-kata\/","title":{"rendered":"Metodologia integrale &#8220;Karate-Kata&#8221;."},"content":{"rendered":"[vc_row type=&#8221;in_container&#8221; full_screen_row_position=&#8221;middle&#8221; column_margin=&#8221;default&#8221; column_direction=&#8221;default&#8221; column_direction_tablet=&#8221;default&#8221; column_direction_phone=&#8221;default&#8221; scene_position=&#8221;center&#8221; text_color=&#8221;dark&#8221; text_align=&#8221;left&#8221; row_border_radius=&#8221;none&#8221; row_border_radius_applies=&#8221;bg&#8221; overflow=&#8221;visible&#8221; overlay_strength=&#8221;0.3&#8243; gradient_direction=&#8221;left_to_right&#8221; shape_divider_position=&#8221;bottom&#8221; bg_image_animation=&#8221;none&#8221;][vc_column column_padding=&#8221;no-extra-padding&#8221; column_padding_tablet=&#8221;inherit&#8221; column_padding_phone=&#8221;inherit&#8221; column_padding_position=&#8221;all&#8221; column_element_spacing=&#8221;default&#8221; background_color_opacity=&#8221;1&#8243; background_hover_color_opacity=&#8221;1&#8243; column_shadow=&#8221;none&#8221; column_border_radius=&#8221;none&#8221; column_link_target=&#8221;_self&#8221; column_position=&#8221;default&#8221; gradient_direction=&#8221;left_to_right&#8221; overlay_strength=&#8221;0.3&#8243; width=&#8221;1\/1&#8243; tablet_width_inherit=&#8221;default&#8221; tablet_text_alignment=&#8221;default&#8221; phone_text_alignment=&#8221;default&#8221; animation_type=&#8221;default&#8221; bg_image_animation=&#8221;none&#8221; border_type=&#8221;simple&#8221; column_border_width=&#8221;none&#8221; column_border_style=&#8221;solid&#8221;][vc_column_text]Lo scopo di questo testo \u00e8 quello di offrirci un metodo sviluppato, ordinato, progressivo e ragionato per gestire con maggiore versatilit\u00e0 ed efficacia il bagaglio gestuale di tecniche che il karateka gi\u00e0 possiede in misura maggiore o minore, come ci risulta che la maggior parte dei karateka pratichi i kata, anche se c&#8217;\u00e8 una grande difficolt\u00e0 nell&#8217;applicare queste tecniche in un contesto diverso da quello praticato in lavori come il kihon kumite o il bunkai, cio\u00e8 quando si passa da un lavoro concordato in cui c&#8217;\u00e8 collaborazione, a un lavoro non concordato in cui l&#8217;attaccante non collabora.<\/p>\n<p>Fornisce una nuova prospettiva che va dal gesto tecnico pi\u00f9 semplice al lavoro adattivo e successivamente intuitivo. Essere l&#8217;allievo in grado di generare risposte sia in difesa che in contrattacco in modo improvvisato ai diversi attacchi e situazioni creati dall&#8217;attaccante, non limitandosi a eseguire le tecniche solitamente utilizzate nel kumite.<\/p>\n<p>Questa pubblicazione, che contiene pi\u00f9 di 4000 grafici, si presenta come un manuale pratico e innovativo di grande interesse sia per gli insegnanti che per i praticanti, costituendo un testo da considerare nella letteratura in spagnolo e in inglese sul Karate. I suoi contenuti sono stati elaborati con rigore e profondit\u00e0 nel corso di dodici anni di continuo lavoro e ricerca.<\/p>\n<p>Siamo certi che sar\u00e0 un&#8217;opera di riferimento e che contribuir\u00e0 a migliorare ulteriormente la diffusione e la comprensione del Karate do.[\/vc_column_text][\/vc_column][\/vc_row]\n","protected":false},"excerpt":{"rendered":"<p>Evoluzione dal movimento tecnico al movimento intuitivo attraverso il Kata.<\/p>\n<p>Autore: Jos\u00e9 Ram\u00f3n \u00c1lvarez Ruiz-Huidobro<\/p>\n<p>In questo libro l&#8217;autore ha voluto &#8220;battezzare&#8221; quest&#8217;opera come Karate-Kata a metodologia integrale.<\/p>\n<ul>\n<li><strong>Metodologia<\/strong>: perch\u00e9 \u00e8 un metodo con linee guida, procedure, ordine e logica.<\/li>\n<li><strong>Integrale:<\/strong> perch\u00e9 integra o riunisce tutti gli aspetti e le forme di lavoro inerenti al karate.<\/li>\n<li><strong>Karate<\/strong>: perch\u00e9 \u00e8 la disciplina da sviluppare.<\/li>\n<li><strong>Kata<\/strong>: perch\u00e9 si basa sul kata.<\/li>\n<\/ul>\n<p>In questo metodo l&#8217;informazione viene decodificata attraverso il kata, non si tratta di insegnare il kata, ma di capire che questo compito deve essere superato.<\/p>\n","protected":false},"featured_media":46013,"template":"","meta":{"_joinchat":[]},"product_brand":[],"product_cat":[2688,3364],"product_tag":[],"class_list":{"0":"post-46031","1":"product","2":"type-product","3":"status-publish","4":"has-post-thumbnail","6":"product_cat-accessori","7":"product_cat-libri-it","9":"first","10":"instock","11":"taxable","12":"shipping-taxable","13":"purchasable","14":"product-type-simple"},"_links":{"self":[{"href":"https:\/\/hajimekarate.com\/it\/wp-json\/wp\/v2\/product\/46031","targetHints":{"allow":["GET"]}}],"collection":[{"href":"https:\/\/hajimekarate.com\/it\/wp-json\/wp\/v2\/product"}],"about":[{"href":"https:\/\/hajimekarate.com\/it\/wp-json\/wp\/v2\/types\/product"}],"wp:featuredmedia":[{"embeddable":true,"href":"https:\/\/hajimekarate.com\/it\/wp-json\/wp\/v2\/media\/46013"}],"wp:attachment":[{"href":"https:\/\/hajimekarate.com\/it\/wp-json\/wp\/v2\/media?parent=46031"}],"wp:term":[{"taxonomy":"product_brand","embeddable":true,"href":"https:\/\/hajimekarate.com\/it\/wp-json\/wp\/v2\/product_brand?post=46031"},{"taxonomy":"product_cat","embeddable":true,"href":"https:\/\/hajimekarate.com\/it\/wp-json\/wp\/v2\/product_cat?post=46031"},{"taxonomy":"product_tag","embeddable":true,"href":"https:\/\/hajimekarate.com\/it\/wp-json\/wp\/v2\/product_tag?post=46031"}],"curies":[{"name":"wp","href":"https:\/\/api.w.org\/{rel}","templated":true}]}}