{"id":45757,"date":"2022-07-27T10:48:57","date_gmt":"2022-07-27T08:48:57","guid":{"rendered":"https:\/\/hajimekarate.com\/comprar\/giacca-singola-shureido-new-wave-3-omologata-wkf-2023-spalle-ricamate-blu-rosse\/"},"modified":"2026-01-21T10:48:05","modified_gmt":"2026-01-21T09:48:05","slug":"chaqueta-shureido-new-wave-3-wkf-rojo-azul","status":"publish","type":"product","link":"https:\/\/hajimekarate.com\/it\/acquistare\/chaqueta-shureido-new-wave-3-wkf-rojo-azul\/","title":{"rendered":"Solo Giacca | Shureido New Wave 3 | WKF Approved 2025 &#8211; 2029 | Ricamato Spalla Blu\/Rosso"},"content":{"rendered":"<p>Il Karategi Shureido New Wave 3- WKF \u00e8 il karategi pi\u00f9 popolare nelle competizioni di Kata. Viene utilizzato dai karateka e dalle squadre con la classifica di kata pi\u00f9 alta. Squadre provenienti dal Giappone, dalla Turchia o da Hong Kong non esitano a competere con questo impareggiabile Karategui. Il suo effetto SNAP \u00e8 impareggiabile, cos\u00ec come la sua presenza. Il karategi aumenta la forza del karateka e la precisione dei suoi movimenti con ogni suono, con ogni postura. La gonna \u00e8 all&#8217;altezza giusta e si mantiene dritta sul retro senza cadere. Le maniche e i pantaloni sono pretagliati in base alla taglia da gara WKF, adattata a una taglia standard. Lo stesso taglio del karategui \u00e8 pi\u00f9 adattato al corpo del karateka, pi\u00f9 aderente.<\/p>\n<h3>Quali sono le caratteristiche speciali del tessuto New Wave 3?<\/h3>\n<p>Il filato \u00e8 a doppia struttura e contiene fiocchi di poliester Questo materiale innovativo ha una consistenza delicata per la pelle e allo stesso tempo presenta un nucleo centrale forte e unico. Lo scatto fornito da questo karategi non \u00e8 secondo a nessuno.<\/p>\n<p>Si tratta di un Karategi pesante, realizzato con una miscela di poliestere e cotone. Adatto a movimenti dinamici grazie al taglio tridimensionale dei pantaloni.<\/p>\n<p>Il tessuto \u00e8 eccezionalmente solido. Mantiene la forma grazie a uno speciale sistema di cuciture che assorbe il sudore sulla schiena.<\/p>\n<p>Il grado di restringimento della lunghezza della giacca \u00e8 di 2 cm.Riferimento al peso di NW-3: 1,5 kg \/ taglia 4 (giacca e pantaloni)<\/p>\n<h3>WKF Approved 2025 &#8211; 2029<\/h3>\n<p>Il karteguis SHUREIDO ha rinnovato la certificazione&#8221;WKF Approved&#8221; per il periodo 2025-2029. Gli SHUREIDO karateguis hanno rinnovato la certificazione \u201cWKF Approved\u201d per il periodo 2025-2029. Sar\u00e0 obbligatorio utilizzare i karateguis approvati dalla WKF in tutte le competizioni ufficiali della WKF e non potranno essere rifiutati in nessuna gara o attivit\u00e0 organizzata dalle Federazioni Nazionali affiliate, in conformit\u00e0 con i regolamenti della WKF.  <a href=\"https:\/\/hajimekarate.com\/wp-content\/uploads\/2024\/12\/PHOTO-2024-12-04-16-12-42.jpg\" target=\"_blank\" rel=\"noopener\">Vedi certificato.<\/a><\/p>\n<p>&nbsp;<\/p>\n","protected":false},"excerpt":{"rendered":"<p>Giacca Shureido Karategi New Wave 3 per kata &#8211; WKF Approved 2025 &#8211; 2029.<br \/>\nLogo Shureido ricamato sul petto, sulla nuca e sulle spalle.<br \/>\n<strong>Aprobado por la Federaci\u00f3n Mundial de Karate. <a href=\"https:\/\/hajimekarate.com\/wp-content\/uploads\/2024\/12\/PHOTO-2024-12-04-16-12-42.jpg\" target=\"_blank\" rel=\"noopener\">Vedi certificato<\/a><\/strong><\/p>\n<p style=\"color: #e7110b;\"><strong>AVVISO<br \/>\n<\/strong><span style=\"color: #333333;\">Tutti i capi Shureido hanno una tintura bluastra molto tenue per proteggere il karategui e farlo rimanere pi\u00f9 bianco a lungo. Ecco perch\u00e9 i modelli di Shureido sono di un bianco sorprendente. Questa tintura sbiadisce con il lavaggio e il bianco si uniformer\u00e0 a quello di altri capi con un uso maggiore.<\/span><\/p>\n","protected":false},"featured_media":43889,"template":"","meta":{"_joinchat":[]},"product_brand":[],"product_cat":[2910,2645,2641,2643,2642,2655,2649,2909,3133,3137],"product_tag":[3333,3145,2653],"class_list":{"0":"post-45757","1":"product","2":"type-product","3":"status-publish","4":"has-post-thumbnail","6":"product_cat-attrezzature-personalizzate-per-il-karate","7":"product_cat-concorso-kata","8":"product_cat-karategi-it","9":"product_cat-karategi-shureido","10":"product_cat-karategi-wkf","11":"product_cat-marche","12":"product_cat-shureido-it","13":"product_cat-shureido-giacca-su-misura","14":"product_cat-karate-competizione","15":"product_cat-shureido-competizione","16":"product_tag-blackfriday-club-15-it","17":"product_tag-blackfriday-it","18":"product_tag-club-10-it","20":"first","21":"instock","22":"taxable","23":"shipping-taxable","24":"purchasable","25":"product-type-variable","26":"has-default-attributes"},"_links":{"self":[{"href":"https:\/\/hajimekarate.com\/it\/wp-json\/wp\/v2\/product\/45757","targetHints":{"allow":["GET"]}}],"collection":[{"href":"https:\/\/hajimekarate.com\/it\/wp-json\/wp\/v2\/product"}],"about":[{"href":"https:\/\/hajimekarate.com\/it\/wp-json\/wp\/v2\/types\/product"}],"wp:featuredmedia":[{"embeddable":true,"href":"https:\/\/hajimekarate.com\/it\/wp-json\/wp\/v2\/media\/43889"}],"wp:attachment":[{"href":"https:\/\/hajimekarate.com\/it\/wp-json\/wp\/v2\/media?parent=45757"}],"wp:term":[{"taxonomy":"product_brand","embeddable":true,"href":"https:\/\/hajimekarate.com\/it\/wp-json\/wp\/v2\/product_brand?post=45757"},{"taxonomy":"product_cat","embeddable":true,"href":"https:\/\/hajimekarate.com\/it\/wp-json\/wp\/v2\/product_cat?post=45757"},{"taxonomy":"product_tag","embeddable":true,"href":"https:\/\/hajimekarate.com\/it\/wp-json\/wp\/v2\/product_tag?post=45757"}],"curies":[{"name":"wp","href":"https:\/\/api.w.org\/{rel}","templated":true}]}}