{"id":45054,"date":"2018-09-17T08:55:25","date_gmt":"2018-09-17T06:55:25","guid":{"rendered":"https:\/\/hajimekarate.com\/comprar\/cintura-kaiten-blu-o-rossa-per-i-kata-approvati-dalla-wkf\/"},"modified":"2026-01-13T16:49:17","modified_gmt":"2026-01-13T15:49:17","slug":"cinturones-kaiten-azul-y-rojo-para-kata","status":"publish","type":"product","link":"https:\/\/hajimekarate.com\/it\/acquistare\/cinturones-kaiten-azul-y-rojo-para-kata\/","title":{"rendered":"Cintura Kaiten blu o rossa per il Kata | Etichetta WKF | non approvata"},"content":{"rendered":"","protected":false},"excerpt":{"rendered":"<p>Cintura da competizione Kaiten rossa e blu. Questa cintura \u00e8 ideale per il Kata perch\u00e9 \u00e8 realizzata in cotone di uno spessore speciale.<\/p>\n","protected":false},"featured_media":65506,"template":"","meta":{"_joinchat":[]},"product_brand":[],"product_cat":[2659,2707,2663,3368,1376],"product_tag":[2654],"class_list":{"0":"post-45054","1":"product","2":"type-product","3":"status-publish","4":"has-post-thumbnail","6":"product_cat-cinture-da-karate","7":"product_cat-cinture-kaiten","8":"product_cat-kaiten-it","9":"product_cat-cinture-di-colore","10":"product_cat-offerte-it","11":"product_tag-club-15-it","13":"first","14":"instock","15":"sale","16":"taxable","17":"shipping-taxable","18":"purchasable","19":"product-type-variable"},"_links":{"self":[{"href":"https:\/\/hajimekarate.com\/it\/wp-json\/wp\/v2\/product\/45054","targetHints":{"allow":["GET"]}}],"collection":[{"href":"https:\/\/hajimekarate.com\/it\/wp-json\/wp\/v2\/product"}],"about":[{"href":"https:\/\/hajimekarate.com\/it\/wp-json\/wp\/v2\/types\/product"}],"wp:featuredmedia":[{"embeddable":true,"href":"https:\/\/hajimekarate.com\/it\/wp-json\/wp\/v2\/media\/65506"}],"wp:attachment":[{"href":"https:\/\/hajimekarate.com\/it\/wp-json\/wp\/v2\/media?parent=45054"}],"wp:term":[{"taxonomy":"product_brand","embeddable":true,"href":"https:\/\/hajimekarate.com\/it\/wp-json\/wp\/v2\/product_brand?post=45054"},{"taxonomy":"product_cat","embeddable":true,"href":"https:\/\/hajimekarate.com\/it\/wp-json\/wp\/v2\/product_cat?post=45054"},{"taxonomy":"product_tag","embeddable":true,"href":"https:\/\/hajimekarate.com\/it\/wp-json\/wp\/v2\/product_tag?post=45054"}],"curies":[{"name":"wp","href":"https:\/\/api.w.org\/{rel}","templated":true}]}}