{"id":44946,"date":"2022-08-07T14:23:05","date_gmt":"2022-08-07T12:23:05","guid":{"rendered":"https:\/\/hajimekarate.com\/?post_type=product&#038;p=44946"},"modified":"2026-01-21T10:51:44","modified_gmt":"2026-01-21T09:51:44","slug":"solo-giacca-shureido-waza-wkf-approved-ricamato-spalla-blu-rosso","status":"publish","type":"product","link":"https:\/\/hajimekarate.com\/it\/acquistare\/solo-giacca-shureido-waza-wkf-approved-ricamato-spalla-blu-rosso\/","title":{"rendered":"Solo Giacca | Shureido Waza | WKF Approved 2025 &#8211; 2029 | Ricamato Spalla Blu\/Rosso"},"content":{"rendered":"<p>La Shureido Waza Jacket \u00e8 una giacca da karate da competizione approvata dalla World Karate Federation (WKF) e realizzata a Okinawa, in Giappone, con il logo Shureido sulla parte posteriore del collo, sul petto e sulle spalle in rosso o in blu, conforme alle nuove norme WKF 2023.<\/p>\n<p>Si tratta di una giacca da karate progettata da Shureido appositamente per i concorrenti di kumite. Il modello Waza si distingue per la sua leggerezza e traspirabilit\u00e0, che permette ai karateka di essere molto comodi sul tatami.<\/p>\n<p>Il modello Shureido Waza \u00e8 un Gi dall&#8217;aspetto spettacolare, un karategi dal taglio elegante che si adatta totalmente al corpo esaltando la figura. Ha anche una tonalit\u00e0 bianca, caratteristica dell&#8217;intera gamma di karategi Shureido, molto accattivante.<\/p>\n<p>Se state cercando una tuta per competere nel kumite, la tuta da karate Shureido Waza WKF \u00e8 sicuramente la scelta migliore. Con la possibilit\u00e0 di acquistare solo la giacca, Hajime Karate vuole rendere pi\u00f9 facile per i karateka che gareggiano nella WKF adattarsi ai nuovi regolamenti senza dover acquistare la tuta completa, dato che i pantaloni seguono i regolamenti pre-2023.<\/p>\n<h3>WKF Approved 2025 &#8211; 2029<\/h3>\n<p>SHUREIDO karting ha rinnovato la certificazione&#8221;WKF Approved&#8221; per il periodo 2025-2029. Gli SHUREIDO karateguis hanno rinnovato la certificazione \u201cWKF Approved\u201d per il periodo 2025-2029. Sar\u00e0 obbligatorio utilizzare i karateguis approvati dalla WKF in tutte le competizioni ufficiali della WKF e non potranno essere rifiutati in nessuna gara o attivit\u00e0 organizzata dalle Federazioni Nazionali affiliate, in conformit\u00e0 con i regolamenti della WKF.  <a href=\"https:\/\/hajimekarate.com\/wp-content\/uploads\/2024\/12\/PHOTO-2024-12-04-16-12-42.jpg\" target=\"_blank\" rel=\"noopener\">Vedi certificato.<\/a><\/p>\n<p>&nbsp;<\/p>\n","protected":false},"excerpt":{"rendered":"<p>Solo giacca dei Karategi Shureido Waza per kumite &#8211; WKF Approve d2025 &#8211; 2029.<br \/>\nLogo Shureido ricamato sul petto, sulla nuca e sulle spalle.<br \/>\n<strong>Aprobado por la Federaci\u00f3n Mundial de Karate. <\/strong><\/p>\n<p style=\"color: #e7110b;\"><strong>AVVISO<br \/>\n<\/strong><span style=\"color: #333333;\">Tutti i capi Shureido hanno una tintura bluastra molto tenue per proteggere il karategui e farlo rimanere pi\u00f9 bianco a lungo. Ecco perch\u00e9 i modelli di Shureido sono di un bianco sorprendente. Questa tintura sbiadisce con il lavaggio e il bianco si uniformer\u00e0 a quello di altri capi con un uso maggiore.<\/span><\/p>\n","protected":false},"featured_media":57707,"template":"","meta":{"_joinchat":[]},"product_brand":[],"product_cat":[2910,2651,2641,2652,2643,2642,2655,2649,2909,3133,1376,3137],"product_tag":[2653],"class_list":{"0":"post-44946","1":"product","2":"type-product","3":"status-publish","4":"has-post-thumbnail","6":"product_cat-attrezzature-personalizzate-per-il-karate","7":"product_cat-competizione-di-kumite","8":"product_cat-karategi-it","9":"product_cat-karategi-kumite-wkf","10":"product_cat-karategi-shureido","11":"product_cat-karategi-wkf","12":"product_cat-marche","13":"product_cat-shureido-it","14":"product_cat-shureido-giacca-su-misura","15":"product_cat-karate-competizione","16":"product_cat-offerte-it","17":"product_cat-shureido-competizione","18":"product_tag-club-10-it","20":"first","21":"instock","22":"sale","23":"taxable","24":"shipping-taxable","25":"purchasable","26":"product-type-variable","27":"has-default-attributes"},"_links":{"self":[{"href":"https:\/\/hajimekarate.com\/it\/wp-json\/wp\/v2\/product\/44946","targetHints":{"allow":["GET"]}}],"collection":[{"href":"https:\/\/hajimekarate.com\/it\/wp-json\/wp\/v2\/product"}],"about":[{"href":"https:\/\/hajimekarate.com\/it\/wp-json\/wp\/v2\/types\/product"}],"wp:featuredmedia":[{"embeddable":true,"href":"https:\/\/hajimekarate.com\/it\/wp-json\/wp\/v2\/media\/57707"}],"wp:attachment":[{"href":"https:\/\/hajimekarate.com\/it\/wp-json\/wp\/v2\/media?parent=44946"}],"wp:term":[{"taxonomy":"product_brand","embeddable":true,"href":"https:\/\/hajimekarate.com\/it\/wp-json\/wp\/v2\/product_brand?post=44946"},{"taxonomy":"product_cat","embeddable":true,"href":"https:\/\/hajimekarate.com\/it\/wp-json\/wp\/v2\/product_cat?post=44946"},{"taxonomy":"product_tag","embeddable":true,"href":"https:\/\/hajimekarate.com\/it\/wp-json\/wp\/v2\/product_tag?post=44946"}],"curies":[{"name":"wp","href":"https:\/\/api.w.org\/{rel}","templated":true}]}}