{"id":44901,"date":"2018-09-10T21:06:49","date_gmt":"2018-09-10T19:06:49","guid":{"rendered":"https:\/\/hajimekarate.com\/comprar\/karategi-kaiten-dynamic\/"},"modified":"2026-01-20T16:52:00","modified_gmt":"2026-01-20T15:52:00","slug":"karategi-kaiten-dynamic","status":"publish","type":"product","link":"https:\/\/hajimekarate.com\/it\/acquistare\/karategi-kaiten-dynamic\/","title":{"rendered":"Karategi Kaiten Dynamic"},"content":{"rendered":"<p>Questo abito da karate per kumite \u00e8 bianco brillante e leggero come una piuma. Il tessuto \u00e8 a coste e lo rende pi\u00f9 leggero e traspirante. La nuova fascia elastica in vita \u00e8 pi\u00f9 larga e ha una fodera che assorbe il sudore.<\/p>\n<h3><span id=\"result_box\" lang=\"de\">Caratteristiche:<\/span><\/h3>\n<p><span id=\"result_box\" lang=\"de\"><\/span><span id=\"result_box\" lang=\"de\">Taglio: Kumite<br \/>\nPantaloni: elastico<br \/>\nGiacca lunga e maniche lunghe<br \/>\nPeso: ca. 8 once.<\/span><\/p>\n<p><span lang=\"de\">Materiale: 57 % cotone, 40 % poliestere, 3 % lycra<\/span><\/p>\n","protected":false},"excerpt":{"rendered":"<p>Karategui Kaiten Dynamic progettato per l&#8217;allenamento del Kumite. Con microperforazioni nella zona ascellare per una maggiore traspirabilit\u00e0.<\/p>\n","protected":false},"featured_media":92512,"template":"","meta":{"_joinchat":[]},"product_brand":[],"product_cat":[2910,2663,2927,2926,2929,2928,2641,2664,2691,2665,3129,3112],"product_tag":[2654],"class_list":{"0":"post-44901","1":"product","2":"type-product","3":"status-publish","4":"has-post-thumbnail","6":"product_cat-attrezzature-personalizzate-per-il-karate","7":"product_cat-kaiten-it","8":"product_cat-kaiten-chaqueta-bordado-it","9":"product_cat-kaiten-giacca-su-misura","10":"product_cat-kaiten-pantaloni-ricamo","11":"product_cat-kaiten-pantaloni-su-misura","12":"product_cat-karategi-it","13":"product_cat-karategi-kaiten","14":"product_cat-karategi-kumite-it","15":"product_cat-personalizzazioni-karateguis-kaiten","16":"product_cat-kaiten-tradizionale","17":"product_cat-karate-tradizionale-it","18":"product_tag-club-15-it","20":"first","21":"instock","22":"taxable","23":"shipping-taxable","24":"purchasable","25":"product-type-variable","26":"has-default-attributes"},"_links":{"self":[{"href":"https:\/\/hajimekarate.com\/it\/wp-json\/wp\/v2\/product\/44901","targetHints":{"allow":["GET"]}}],"collection":[{"href":"https:\/\/hajimekarate.com\/it\/wp-json\/wp\/v2\/product"}],"about":[{"href":"https:\/\/hajimekarate.com\/it\/wp-json\/wp\/v2\/types\/product"}],"wp:featuredmedia":[{"embeddable":true,"href":"https:\/\/hajimekarate.com\/it\/wp-json\/wp\/v2\/media\/92512"}],"wp:attachment":[{"href":"https:\/\/hajimekarate.com\/it\/wp-json\/wp\/v2\/media?parent=44901"}],"wp:term":[{"taxonomy":"product_brand","embeddable":true,"href":"https:\/\/hajimekarate.com\/it\/wp-json\/wp\/v2\/product_brand?post=44901"},{"taxonomy":"product_cat","embeddable":true,"href":"https:\/\/hajimekarate.com\/it\/wp-json\/wp\/v2\/product_cat?post=44901"},{"taxonomy":"product_tag","embeddable":true,"href":"https:\/\/hajimekarate.com\/it\/wp-json\/wp\/v2\/product_tag?post=44901"}],"curies":[{"name":"wp","href":"https:\/\/api.w.org\/{rel}","templated":true}]}}