{"id":44889,"date":"2018-09-10T21:06:00","date_gmt":"2018-09-10T19:06:00","guid":{"rendered":"https:\/\/hajimekarate.com\/comprar\/karategi-kaiten-eco-2\/"},"modified":"2026-01-19T13:31:46","modified_gmt":"2026-01-19T12:31:46","slug":"karategi-kaiten-eco-2","status":"publish","type":"product","link":"https:\/\/hajimekarate.com\/it\/acquistare\/karategi-kaiten-eco-2\/","title":{"rendered":"Karategi Kaiten Eco 2"},"content":{"rendered":"[vc_row type=&#8221;in_container&#8221; full_screen_row_position=&#8221;middle&#8221; column_margin=&#8221;default&#8221; column_direction=&#8221;default&#8221; column_direction_tablet=&#8221;default&#8221; column_direction_phone=&#8221;default&#8221; scene_position=&#8221;center&#8221; text_color=&#8221;dark&#8221; text_align=&#8221;left&#8221; row_border_radius=&#8221;none&#8221; row_border_radius_applies=&#8221;bg&#8221; overflow=&#8221;visible&#8221; overlay_strength=&#8221;0.3&#8243; gradient_direction=&#8221;left_to_right&#8221; shape_divider_position=&#8221;bottom&#8221; bg_image_animation=&#8221;none&#8221;][vc_column column_padding=&#8221;no-extra-padding&#8221; column_padding_tablet=&#8221;inherit&#8221; column_padding_phone=&#8221;inherit&#8221; column_padding_position=&#8221;all&#8221; column_element_spacing=&#8221;default&#8221; background_color_opacity=&#8221;1&#8243; background_hover_color_opacity=&#8221;1&#8243; column_shadow=&#8221;none&#8221; column_border_radius=&#8221;none&#8221; column_link_target=&#8221;_self&#8221; column_position=&#8221;default&#8221; gradient_direction=&#8221;left_to_right&#8221; overlay_strength=&#8221;0.3&#8243; width=&#8221;1\/1&#8243; tablet_width_inherit=&#8221;default&#8221; tablet_text_alignment=&#8221;default&#8221; phone_text_alignment=&#8221;default&#8221; animation_type=&#8221;default&#8221; bg_image_animation=&#8221;none&#8221; border_type=&#8221;simple&#8221; column_border_width=&#8221;none&#8221; column_border_style=&#8221;solid&#8221;][vc_column_text]\n<h2>Come scegliere la taglia del karategui ECO-2?<\/h2>\n<p>I modelli SHIRO ed ECO-2 sono karategi per principianti, tute da karate bianche in cotone 100% con cintura bianca inclusa.<\/p>\n<p>Sono karategi sottili ma robusti che durano a lungo e sono destinati a essere la prima tuta da karate del bambino, quindi \u00e8 molto importante che si senta a suo agio.<\/p>\n<p>Il Karategi pesa circa 6 once (circa 170 g), ha una vestibilit\u00e0 stretta e si restringe di circa 4 cm, quindi si consiglia di scegliere una taglia di 10 cm superiore all&#8217;altezza del praticante di Karate. Ma se siete persone molto magre, \u00e8 meglio che vi regoliate alla stessa altezza.<\/p>\n<p>Ad esempio, se un ragazzo o una ragazza che sta per iniziare il Karate \u00e8 alto 145 cm ma \u00e8 molto, molto magro, allora sceglieremo la taglia 140 cm, mentre se \u00e8 di corporatura media, sarebbe meglio scegliere la taglia 150 cm. Se si tratta di un bambino di corporatura larga, molto robusto, si pu\u00f2 prendere in considerazione anche la taglia 160 cm.<\/p>\n<p>Tenere sempre presente che con il lavaggio si riduce in lunghezza, ma non in larghezza. Pertanto, \u00e8 importante che, prima del lavaggio, si verifichi che la larghezza sia corretta, poich\u00e9 la lunghezza dei pantaloni, della giacca e delle maniche si restringe durante il lavaggio.<\/p>\n<p>Nella galleria di immagini del prodotto \u00e8 possibile vedere la tabella delle taglie del modello Eco-2, molto simile alle dimensioni dello Shiro. La differenza sostanziale \u00e8 che il modello Eco-2 pesa un&#8217;oncia in pi\u00f9 (circa 28 g), mentre il tessuto \u00e8 di 198 g (7 once) invece di 170 g (6 once). Il restringimento e il taglio sono gli stessi, quindi consigliamo di utilizzare Shiro fino alla taglia 160 o 170 cm e di passare all&#8217;Eco per i principianti che gi\u00e0 utilizzano la taglia 170 cm e oltre.<\/p>\n<p><a class=\"typeform-share button\" style=\"display: inline-block; text-decoration: none; background-color: #7bb236; color: white; cursor: pointer; font-family: Helvetica,Arial,sans-serif; font-size: 15px; line-height: 37.5px; text-align: center; margin: 0; height: 37.5px; padding: 0px 25px; border-radius: 18px; max-width: 100%; white-space: nowrap; overflow: hidden; text-overflow: ellipsis; font-weight: bold; -webkit-font-smoothing: antialiased; -moz-osx-font-smoothing: grayscale;\" href=\"https:\/\/form.typeform.com\/to\/kt3cmEex?typeform-medium=embed-snippet\" target=\"_blank\" rel=\"noopener\" data-mode=\"popup\" data-size=\"100\">Calcolo delle dimensioni <\/a><script> (function() { var qs,js,q,s,d=document, gi=d.getElementById, ce=d.createElement, gt=d.getElementsByTagName, id=\"typef_orm_share\", b=\"https:\/\/embed.typeform.com\/\"; if(!gi.call(d,id)){ js=ce.call(d,\"script\"); js.id=id; js.src=b+\"embed.js\"; q=gt.call(d,\"script\")[0]; q.parentNode.insertBefore(js,q) } })() <\/script>[\/vc_column_text][\/vc_column][\/vc_row]\n","protected":false},"excerpt":{"rendered":"<p style=\"color: #00d845;\"><strong>IN STOCK<\/strong><\/p>\n<p>Karategi Kaiten Eco-2 per i principianti. 100% cotone con un peso di 7 once. Karategui resistente con elastico in vita. Include una cintura bianca<\/p>\n<p><a class=\"typeform-share button\" style=\"display: inline-block; text-decoration: none; background-color: #7bb236; color: white; cursor: pointer; font-family: Helvetica,Arial,sans-serif; font-size: 15px; line-height: 37.5px; text-align: center; margin: 0; height: 37.5px; padding: 0px 25px; border-radius: 18px; max-width: 100%; white-space: nowrap; overflow: hidden; text-overflow: ellipsis; font-weight: bold; -webkit-font-smoothing: antialiased; -moz-osx-font-smoothing: grayscale;\" href=\"https:\/\/form.typeform.com\/to\/kt3cmEex?typeform-medium=embed-snippet\" target=\"_blank\" rel=\"noopener\" data-mode=\"popup\" data-size=\"100\">Calcolo delle dimensioni <\/a> <script> (function() { var qs,js,q,s,d=document, gi=d.getElementById, ce=d.createElement, gt=d.getElementsByTagName, id=\"typef_orm_share\", b=\"https:\/\/embed.typeform.com\/\"; if(!gi.call(d,id)){ js=ce.call(d,\"script\"); js.id=id; js.src=b+\"embed.js\"; q=gt.call(d,\"script\")[0]; q.parentNode.insertBefore(js,q) } })() <\/script><\/p>\n","protected":false},"featured_media":43950,"template":"","meta":{"_joinchat":[]},"product_brand":[],"product_cat":[2910,2927,2926,2929,2928,2641,2664,2669,2665],"product_tag":[2654],"class_list":{"0":"post-44889","1":"product","2":"type-product","3":"status-publish","4":"has-post-thumbnail","6":"product_cat-attrezzature-personalizzate-per-il-karate","7":"product_cat-kaiten-chaqueta-bordado-it","8":"product_cat-kaiten-giacca-su-misura","9":"product_cat-kaiten-pantaloni-ricamo","10":"product_cat-kaiten-pantaloni-su-misura","11":"product_cat-karategi-it","12":"product_cat-karategi-kaiten","13":"product_cat-karategi-principianti","14":"product_cat-personalizzazioni-karateguis-kaiten","15":"product_tag-club-15-it","17":"first","18":"instock","19":"sale","20":"taxable","21":"shipping-taxable","22":"purchasable","23":"product-type-variable"},"_links":{"self":[{"href":"https:\/\/hajimekarate.com\/it\/wp-json\/wp\/v2\/product\/44889","targetHints":{"allow":["GET"]}}],"collection":[{"href":"https:\/\/hajimekarate.com\/it\/wp-json\/wp\/v2\/product"}],"about":[{"href":"https:\/\/hajimekarate.com\/it\/wp-json\/wp\/v2\/types\/product"}],"wp:featuredmedia":[{"embeddable":true,"href":"https:\/\/hajimekarate.com\/it\/wp-json\/wp\/v2\/media\/43950"}],"wp:attachment":[{"href":"https:\/\/hajimekarate.com\/it\/wp-json\/wp\/v2\/media?parent=44889"}],"wp:term":[{"taxonomy":"product_brand","embeddable":true,"href":"https:\/\/hajimekarate.com\/it\/wp-json\/wp\/v2\/product_brand?post=44889"},{"taxonomy":"product_cat","embeddable":true,"href":"https:\/\/hajimekarate.com\/it\/wp-json\/wp\/v2\/product_cat?post=44889"},{"taxonomy":"product_tag","embeddable":true,"href":"https:\/\/hajimekarate.com\/it\/wp-json\/wp\/v2\/product_tag?post=44889"}],"curies":[{"name":"wp","href":"https:\/\/api.w.org\/{rel}","templated":true}]}}