{"id":44859,"date":"2018-09-10T21:07:19","date_gmt":"2018-09-10T19:07:19","guid":{"rendered":"https:\/\/hajimekarate.com\/comprar\/karategi-kaiten-monarch-regular\/"},"modified":"2026-04-28T11:06:44","modified_gmt":"2026-04-28T09:06:44","slug":"karategi-kaiten-monarch-regular","status":"publish","type":"product","link":"https:\/\/hajimekarate.com\/it\/acquistare\/karategi-kaiten-monarch-regular\/","title":{"rendered":"Karategi Kaiten Monarch Regular"},"content":{"rendered":"[vc_row type=&#8221;in_container&#8221; full_screen_row_position=&#8221;middle&#8221; column_margin=&#8221;default&#8221; column_direction=&#8221;default&#8221; column_direction_tablet=&#8221;default&#8221; column_direction_phone=&#8221;default&#8221; scene_position=&#8221;center&#8221; text_color=&#8221;dark&#8221; text_align=&#8221;left&#8221; row_border_radius=&#8221;none&#8221; row_border_radius_applies=&#8221;bg&#8221; overflow=&#8221;visible&#8221; overlay_strength=&#8221;0.3&#8243; gradient_direction=&#8221;left_to_right&#8221; shape_divider_position=&#8221;bottom&#8221; bg_image_animation=&#8221;none&#8221;][vc_column column_padding=&#8221;no-extra-padding&#8221; column_padding_tablet=&#8221;inherit&#8221; column_padding_phone=&#8221;inherit&#8221; column_padding_position=&#8221;all&#8221; column_element_spacing=&#8221;default&#8221; background_color_opacity=&#8221;1&#8243; background_hover_color_opacity=&#8221;1&#8243; column_shadow=&#8221;none&#8221; column_border_radius=&#8221;none&#8221; column_link_target=&#8221;_self&#8221; column_position=&#8221;default&#8221; gradient_direction=&#8221;left_to_right&#8221; overlay_strength=&#8221;0.3&#8243; width=&#8221;1\/1&#8243; tablet_width_inherit=&#8221;default&#8221; tablet_text_alignment=&#8221;default&#8221; phone_text_alignment=&#8221;default&#8221; animation_type=&#8221;default&#8221; bg_image_animation=&#8221;none&#8221; border_type=&#8221;simple&#8221; column_border_width=&#8221;none&#8221; column_border_style=&#8221;solid&#8221;][vc_column_text]Il karategui top di gamma della linea REVOLUTION di Kaiten.<\/p>\n<p>Il karategi kaiten monarch regular \u00e8 tessuto con filati finissimi di altissima qualit\u00e0, in modo che solo i sarti pi\u00f9 esperti possano realizzarlo.<\/p>\n<p>Questa tuta da karate kaiten offre il massimo comfort e la massima durata. La tuta ideale per maestri di kata e istruttori.<\/p>\n<h3>Caratteristiche<\/h3>\n<p>Taglia: Regolare<br \/>\nPantaloni: chiusura con cordoncino<br \/>\nPeso: circa 14 oz<br \/>\nMateriale: 100% cotone<\/p>\n<p>&nbsp;<\/p>\n[\/vc_column_text][\/vc_column][\/vc_row]\n","protected":false},"excerpt":{"rendered":"<p>Karategi Monarch Regular 14 once (pesate). Tessuto di alta qualit\u00e0 adatto agli istruttori, soprattutto per il Kata.<\/p>\n","protected":false},"featured_media":43758,"template":"","meta":{"_joinchat":[]},"product_brand":[],"product_cat":[2910,2650,2663,2927,2926,2929,2928,2641,2664,2665,3129,3112,1376],"product_tag":[2654],"class_list":{"0":"post-44859","1":"product","2":"type-product","3":"status-publish","4":"has-post-thumbnail","6":"product_cat-attrezzature-personalizzate-per-il-karate","7":"product_cat-formazione-kata","8":"product_cat-kaiten-it","9":"product_cat-kaiten-chaqueta-bordado-it","10":"product_cat-kaiten-giacca-su-misura","11":"product_cat-kaiten-pantaloni-ricamo","12":"product_cat-kaiten-pantaloni-su-misura","13":"product_cat-karategi-it","14":"product_cat-karategi-kaiten","15":"product_cat-personalizzazioni-karateguis-kaiten","16":"product_cat-kaiten-tradizionale","17":"product_cat-karate-tradizionale-it","18":"product_cat-offerte-it","19":"product_tag-club-15-it","21":"first","22":"onbackorder","23":"sale","24":"taxable","25":"shipping-taxable","26":"purchasable","27":"product-type-variable"},"_links":{"self":[{"href":"https:\/\/hajimekarate.com\/it\/wp-json\/wp\/v2\/product\/44859","targetHints":{"allow":["GET"]}}],"collection":[{"href":"https:\/\/hajimekarate.com\/it\/wp-json\/wp\/v2\/product"}],"about":[{"href":"https:\/\/hajimekarate.com\/it\/wp-json\/wp\/v2\/types\/product"}],"wp:featuredmedia":[{"embeddable":true,"href":"https:\/\/hajimekarate.com\/it\/wp-json\/wp\/v2\/media\/43758"}],"wp:attachment":[{"href":"https:\/\/hajimekarate.com\/it\/wp-json\/wp\/v2\/media?parent=44859"}],"wp:term":[{"taxonomy":"product_brand","embeddable":true,"href":"https:\/\/hajimekarate.com\/it\/wp-json\/wp\/v2\/product_brand?post=44859"},{"taxonomy":"product_cat","embeddable":true,"href":"https:\/\/hajimekarate.com\/it\/wp-json\/wp\/v2\/product_cat?post=44859"},{"taxonomy":"product_tag","embeddable":true,"href":"https:\/\/hajimekarate.com\/it\/wp-json\/wp\/v2\/product_tag?post=44859"}],"curies":[{"name":"wp","href":"https:\/\/api.w.org\/{rel}","templated":true}]}}