{"id":44722,"date":"2022-05-26T09:37:37","date_gmt":"2022-05-26T07:37:37","guid":{"rendered":"https:\/\/hajimekarate.com\/?post_type=product&#038;p=44722"},"modified":"2026-01-21T10:38:44","modified_gmt":"2026-01-21T09:38:44","slug":"karategui-shureido-new-wave-3-wkf-ricamati-spalle-blu-rosso","status":"publish","type":"product","link":"https:\/\/hajimekarate.com\/it\/acquistare\/karategui-shureido-new-wave-3-wkf-ricamati-spalle-blu-rosso\/","title":{"rendered":"Karategui Shureido New Wave 3 | WKF Approved 2025 &#8211; 2029 | Ricamato spalla Blu\/Rosso"},"content":{"rendered":"<p>Il Karategi Shureido New Wave 3- WKF, \u00e8 il karategi pi\u00f9 popolare nelle competizioni di Kata. Viene utilizzato dai karateka e dalle squadre con la classifica di kata pi\u00f9 alta. Squadre provenienti dal Giappone, dalla Turchia o da Hong Kong non esitano a competere con questo impareggiabile Karategui. Il suo effetto SNAP \u00e8 impareggiabile, cos\u00ec come la sua presenza. Il karategi aumenta la forza del karateka e la precisione dei suoi movimenti con ogni suono, con ogni postura. La gonna \u00e8 all&#8217;altezza giusta e si mantiene dritta sul retro senza cadere. Le maniche e i pantaloni sono pretagliati in base alla taglia da gara WKF, adattata a una taglia standard. Lo stesso taglio del karategui \u00e8 pi\u00f9 adattato al corpo del karateka, pi\u00f9 aderente.<\/p>\n<h3>Quali sono le caratteristiche speciali del tessuto New Wave 3?<\/h3>\n<p>Il filato \u00e8 a doppia struttura e contiene fiocchi di poliester Questo materiale innovativo ha una consistenza delicata per la pelle e allo stesso tempo presenta un nucleo centrale forte e unico. Lo scatto fornito da questo karategi non \u00e8 secondo a nessuno.<\/p>\n<p>Si tratta di un Karategi pesante, realizzato con una miscela di poliestere e cotone. Adatto a movimenti dinamici grazie al taglio tridimensionale dei pantaloni.<\/p>\n<p>Il tessuto \u00e8 eccezionalmente solido. Mantiene la forma grazie a uno speciale sistema di cuciture che assorbe il sudore sulla schiena.<\/p>\n<p>Il grado di restringimento della lunghezza della giacca e dei pantaloni \u00e8 di 2 cm. Riferimento al peso di NW-3: 1,5 kg \/ taglia 4 (giacca e pantaloni).<\/p>\n<h3>WKF Approved 2025 &#8211; 2029<\/h3>\n<p>Il karteguis SHUREIDO ha rinnovato la certificazione &#8220;WKF Approved&#8221; per il periodo 2025-2029. Gli SHUREIDO karateguis hanno rinnovato la certificazione \u201cWKF Approved\u201d per il periodo 2025-2029. Sar\u00e0 obbligatorio utilizzare i karateguis approvati dalla WKF in tutte le competizioni ufficiali della WKF e non potranno essere rifiutati in nessuna gara o attivit\u00e0 organizzata dalle Federazioni Nazionali affiliate, in conformit\u00e0 con i regolamenti della WKF.  <a href=\"https:\/\/hajimekarate.com\/wp-content\/uploads\/2024\/12\/PHOTO-2024-12-04-16-12-42.jpg\" target=\"_blank\" rel=\"noopener\">Vedi certificato.<\/a><\/p>\n<div class=\"tabContainer\">\n<div class=\"formatoTab\">\n<table class=\"tallas\">\n<caption>* Potrebbe variare di circa 1-2 cm perch\u00e9 \u00e8 fatto a mano.<\/caption>\n<colgroup>\n<col class=\"cellFit1\" span=\"1\">\n<col class=\"cellFit1\" span=\"2\">\n<col> <\/colgroup>\n<thead>\n<tr>\n<th class=\"cellFit1\" rowspan=\"4\">\nShureido: New Wave 3<\/th>\n<th class=\"cellFit2\" rowspan=\"4\">Restringimento<\/th>\n<th class=\"cellFit3\" colspan=\"1\">Dimensioni<\/th>\n<th colspan=\"11\"><\/th>\n<\/tr>\n<tr><!--\n\n\n<th>1,5<\/th>\n\n\n\n\n<th>2<\/th>\n\n\n\n\n<th>2,5<\/th>\n\n\n--><\/p>\n<th>3<\/th>\n<th>3,5<\/th>\n<th>4<\/th>\n<th>4,5<\/th>\n<th>5<\/th>\n<th>5,5<\/th>\n<th>6<\/th>\n<p><!--\n\n\n<th>6,5<\/th>\n\n\n\n\n<th>7<\/th>\n\n\n--><\/tr>\n<tr>\n<th class=\"cellFit3\" colspan=\"1\">cm.<\/th>\n<th colspan=\"11\"><\/th>\n<\/tr>\n<tr><!--\n\n\n<th>140<\/th>\n\n\n\n\n<th>150<\/th>\n\n\n\n\n<th>155<\/th>\n\n\n--><\/p>\n<th>160<\/th>\n<th>165<\/th>\n<th>170<\/th>\n<th>175<\/th>\n<th>180<\/th>\n<th>185<\/th>\n<th>190<\/th>\n<p><!--\n\n\n<th>195<\/th>\n\n\n\n\n<th>200<\/th>\n\n\n--><\/tr>\n<tr>\n<th colspan=\"14\"><\/th>\n<\/tr>\n<\/thead>\n<tbody>\n<tr>\n<td class=\"cellFit1\">Lunghezza della giacca<\/td>\n<td class=\"cellFit2\">Circa 2cm.<\/td>\n<p><!--\n\n\n<td>68<\/td>\n\n\n\n\n<td>72<\/td>\n\n\n\n\n<td>76<\/td>\n\n\n--><\/p>\n<td>80<\/td>\n<td>84<\/td>\n<td>87<\/td>\n<td>90<\/td>\n<td>93<\/td>\n<td>96<\/td>\n<td>99<\/td>\n<p><!--\n\n\n<td>102<\/td>\n\n\n\n\n<td>105<\/td>\n\n\n--><\/tr>\n<tr>\n<td class=\"cellFit1\">Larghezza della giacca<\/td>\n<td class=\"cellFit2\"><\/td>\n<p><!--\n\n\n<td>50<\/td>\n\n\n\n\n<td>53<\/td>\n\n\n\n\n<td>55<\/td>\n\n\n--><\/p>\n<td>57<\/td>\n<td>59<\/td>\n<td>61<\/td>\n<td>63<\/td>\n<td>65<\/td>\n<td>67<\/td>\n<td>69<\/td>\n<p><!--\n\n\n<td>71<\/td>\n\n\n\n\n<td>73<\/td>\n\n\n--><\/tr>\n<tr>\n<td class=\"cellFit1\">Manicotto<\/td>\n<td class=\"cellFit2\"><\/td>\n<p><!--\n\n\n<td>37<\/td>\n\n\n\n\n<td>38<\/td>\n\n\n\n\n<td>39<\/td>\n\n\n--><\/p>\n<td>41<\/td>\n<td>42<\/td>\n<td>43<\/td>\n<td>44<\/td>\n<td>46<\/td>\n<td>47<\/td>\n<td>49<\/td>\n<p><!--\n\n\n<td>50<\/td>\n\n\n\n\n<td>52<\/td>\n\n\n--><\/tr>\n<tr>\n<td class=\"cellFit1\">Lunghezza dei pantaloni<\/td>\n<td class=\"cellFit2\">Circa 2cm.<\/td>\n<p><!--\n\n\n<td>79<\/td>\n\n\n\n\n<td>82<\/td>\n\n\n\n\n<td>87<\/td>\n\n\n--><\/p>\n<td>86<\/td>\n<td>92<\/td>\n<td>96<\/td>\n<td>99<\/td>\n<td>102<\/td>\n<td>106<\/td>\n<td>110<\/td>\n<p><!--\n\n\n<td>114<\/td>\n\n\n\n\n<td>118<\/td>\n\n\n--><\/tr>\n<tr>\n<td class=\"cellFit1\">Vita<\/td>\n<td class=\"cellFit2\"><\/td>\n<p><!--\n\n\n<td>38<\/td>\n\n\n\n\n<td>42<\/td>\n\n\n\n\n<td>46<\/td>\n\n\n--><\/p>\n<td>48<\/td>\n<td>50<\/td>\n<td>52<\/td>\n<td>54<\/td>\n<td>56<\/td>\n<td>58<\/td>\n<td>60<\/td>\n<p><!--\n\n\n<td>62<\/td>\n\n\n\n\n<td>64<\/td>\n\n\n--><\/tr>\n<\/tbody>\n<\/table>\n<\/div>\n<\/div>\n<p>&nbsp;<\/p>\n","protected":false},"excerpt":{"rendered":"<p>Karategi Shureido New Wave 3 per kata \u2013 Omologato WKF 2025 &#8211; 2029.<br \/>\nIl logo Shureido \u00e8 ricamato sul petto, sul collo e sulle spalle del Karategi<br \/>\n Approvato dalla World Karate Federation<strong>. <a href=\"https:\/\/hajimekarate.com\/wp-content\/uploads\/2024\/12\/PHOTO-2024-12-04-16-12-42.jpg\" target=\"_blank\" rel=\"noopener\">Visualizza certificato<\/a><\/strong><\/p>\n<p><a href=\"https:\/\/hajimekarate.com\/it\/differenze-tra-i-karategi-shureido-new-wave-1-2-e-3-qual-e-il-migliore-per-te\/\" target=\"_blank\" rel=\"noopener\">Scopri qui le differenze tra i modelli New Wave 1, 2 e 3.<\/a><\/p>\n","protected":false},"featured_media":44012,"template":"","meta":{"_joinchat":[]},"product_brand":[],"product_cat":[2644,2910,2645,2641,2643,2648,2642,2655,2649,2909,2915,3133,3137],"product_tag":[3333,3145,2653],"class_list":{"0":"post-44722","1":"product","2":"type-product","3":"status-publish","4":"has-post-thumbnail","6":"product_cat-attrezzature-concorrenza-elevata-concorrenti-di-sbarco","7":"product_cat-attrezzature-personalizzate-per-il-karate","8":"product_cat-concorso-kata","9":"product_cat-karategi-it","10":"product_cat-karategi-shureido","11":"product_cat-karategi-shureido-personalizzabile","12":"product_cat-karategi-wkf","13":"product_cat-marche","14":"product_cat-shureido-it","15":"product_cat-shureido-giacca-su-misura","16":"product_cat-shureido-pantaloni-su-misura","17":"product_cat-karate-competizione","18":"product_cat-shureido-competizione","19":"product_tag-blackfriday-club-15-it","20":"product_tag-blackfriday-it","21":"product_tag-club-10-it","23":"first","24":"instock","25":"taxable","26":"shipping-taxable","27":"purchasable","28":"product-type-variable","29":"has-default-attributes"},"_links":{"self":[{"href":"https:\/\/hajimekarate.com\/it\/wp-json\/wp\/v2\/product\/44722","targetHints":{"allow":["GET"]}}],"collection":[{"href":"https:\/\/hajimekarate.com\/it\/wp-json\/wp\/v2\/product"}],"about":[{"href":"https:\/\/hajimekarate.com\/it\/wp-json\/wp\/v2\/types\/product"}],"wp:featuredmedia":[{"embeddable":true,"href":"https:\/\/hajimekarate.com\/it\/wp-json\/wp\/v2\/media\/44012"}],"wp:attachment":[{"href":"https:\/\/hajimekarate.com\/it\/wp-json\/wp\/v2\/media?parent=44722"}],"wp:term":[{"taxonomy":"product_brand","embeddable":true,"href":"https:\/\/hajimekarate.com\/it\/wp-json\/wp\/v2\/product_brand?post=44722"},{"taxonomy":"product_cat","embeddable":true,"href":"https:\/\/hajimekarate.com\/it\/wp-json\/wp\/v2\/product_cat?post=44722"},{"taxonomy":"product_tag","embeddable":true,"href":"https:\/\/hajimekarate.com\/it\/wp-json\/wp\/v2\/product_tag?post=44722"}],"curies":[{"name":"wp","href":"https:\/\/api.w.org\/{rel}","templated":true}]}}