{"id":44569,"date":"2018-09-10T21:08:13","date_gmt":"2018-09-10T19:08:13","guid":{"rendered":"https:\/\/hajimekarate.com\/comprar\/karategi-kaiten-shiro\/"},"modified":"2025-12-10T14:06:46","modified_gmt":"2025-12-10T13:06:46","slug":"karategi-kaiten-shiro","status":"publish","type":"product","link":"https:\/\/hajimekarate.com\/it\/acquistare\/karategi-kaiten-shiro\/","title":{"rendered":"Karategi Kaiten Shiro"},"content":{"rendered":"[vc_row type=&#8221;in_container&#8221; full_screen_row_position=&#8221;middle&#8221; column_margin=&#8221;default&#8221; column_direction=&#8221;default&#8221; column_direction_tablet=&#8221;default&#8221; column_direction_phone=&#8221;default&#8221; scene_position=&#8221;center&#8221; text_color=&#8221;dark&#8221; text_align=&#8221;left&#8221; row_border_radius=&#8221;none&#8221; row_border_radius_applies=&#8221;bg&#8221; overflow=&#8221;visible&#8221; overlay_strength=&#8221;0.3&#8243; gradient_direction=&#8221;left_to_right&#8221; shape_divider_position=&#8221;bottom&#8221; bg_image_animation=&#8221;none&#8221;][vc_column column_padding=&#8221;no-extra-padding&#8221; column_padding_tablet=&#8221;inherit&#8221; column_padding_phone=&#8221;inherit&#8221; column_padding_position=&#8221;all&#8221; column_element_spacing=&#8221;default&#8221; background_color_opacity=&#8221;1&#8243; background_hover_color_opacity=&#8221;1&#8243; column_shadow=&#8221;none&#8221; column_border_radius=&#8221;none&#8221; column_link_target=&#8221;_self&#8221; column_position=&#8221;default&#8221; gradient_direction=&#8221;left_to_right&#8221; overlay_strength=&#8221;0.3&#8243; width=&#8221;1\/1&#8243; tablet_width_inherit=&#8221;default&#8221; tablet_text_alignment=&#8221;default&#8221; phone_text_alignment=&#8221;default&#8221; animation_type=&#8221;default&#8221; bg_image_animation=&#8221;none&#8221; border_type=&#8221;simple&#8221; column_border_width=&#8221;none&#8221; column_border_style=&#8221;solid&#8221;][vc_column_text]Il Karategi Kaiten Shiro \u00e8 il primo karategui con cui iniziare il karate.<\/p>\n<p>Le caratteristiche principali sono il comfort, la leggerezza, il piacere tattile e la libert\u00e0 di movimento.<\/p>\n<p>In questa prima fase di adattamento \u00e8 importante che il karategi sia duro e resistente per permettere loro di giocare, allungarsi e resistere agli esercizi che l&#8217;istruttore propone sul tatami.<\/p>\n<p>\u00c8 anche resistente ai lavaggi, in media due volte a settimana. Inoltre, ha maniche e pantaloni pretagliati per evitare che i bambini li trascinino.<\/p>\n<p>Acquistarlo \u00e8 una delle migliori opzioni se state cercando un karategi comodo, resistente e leggero per introdurre i vostri bambini al karate.<\/p>\n<h2>Come scegliere la taglia della SHIRO karategui?<\/h2>\n<p>I modelli SHIRO ed ECO-2 sono karategi per principianti, tute da karate bianche in cotone 100% con cintura bianca inclusa.<\/p>\n<p>Sono karategi sottili ma robusti che durano a lungo e sono destinati a essere la prima tuta da karate del bambino, quindi \u00e8 molto importante che si senta a suo agio.<\/p>\n<p>Il Karategi pesa circa 6 once (circa 170 g), ha una vestibilit\u00e0 stretta e si restringe di circa 4 cm, quindi si consiglia di scegliere una taglia di 10 cm superiore all&#8217;altezza del praticante di Karate. Ma se siete persone molto magre, \u00e8 meglio che vi regoliate alla stessa altezza.<\/p>\n<p>Ad esempio, se un ragazzo o una ragazza che sta per iniziare il Karate \u00e8 alto 145 cm ma \u00e8 molto, molto magro, allora sceglieremo la taglia 140 cm, mentre se \u00e8 di corporatura media, sarebbe meglio scegliere la taglia 150 cm. Se si tratta di un bambino di corporatura larga, molto robusto, si pu\u00f2 prendere in considerazione anche la taglia 160 cm.<\/p>\n<p>Tenere sempre presente che con il lavaggio si riduce in lunghezza, ma non in larghezza. Pertanto, \u00e8 importante che, prima del lavaggio, si verifichi che la larghezza sia corretta, poich\u00e9 la lunghezza dei pantaloni, della giacca e delle maniche si restringe durante il lavaggio.<\/p>\n<p>Di seguito \u00e8 riportata una tabella di misure per il modello Shiro, molto simile all&#8217;Eco2. La differenza \u00e8 che il modello Eco-2 pesa un&#8217;oncia in pi\u00f9 (circa 28 g), il tessuto \u00e8 di 7 once (198 g) invece di 6 (170 g). Il restringimento e il taglio sono gli stessi, quindi consigliamo di utilizzare Shiro fino alla taglia 160 o 170 cm e di passare all&#8217;Eco per i principianti che gi\u00e0 utilizzano la taglia 170 cm e oltre.<\/p>\n<p><a class=\"typeform-share button\" style=\"display: inline-block; text-decoration: none; background-color: #7bb236; color: white; cursor: pointer; font-family: Helvetica,Arial,sans-serif; font-size: 15px; line-height: 37.5px; text-align: center; margin: 0; height: 37.5px; padding: 0px 25px; border-radius: 18px; max-width: 100%; white-space: nowrap; overflow: hidden; text-overflow: ellipsis; font-weight: bold; -webkit-font-smoothing: antialiased; -moz-osx-font-smoothing: grayscale;\" href=\"https:\/\/form.typeform.com\/to\/kt3cmEex?typeform-medium=embed-snippet\" target=\"_blank\" rel=\"noopener\" data-mode=\"popup\" data-size=\"100\">Calcolo delle dimensioni <\/a> <script> (function() { var qs,js,q,s,d=document, gi=d.getElementById, ce=d.createElement, gt=d.getElementsByTagName, id=\"typef_orm_share\", b=\"https:\/\/embed.typeform.com\/\"; if(!gi.call(d,id)){ js=ce.call(d,\"script\"); js.id=id; js.src=b+\"embed.js\"; q=gt.call(d,\"script\")[0]; q.parentNode.insertBefore(js,q) } })() <\/script><\/p>\n[\/vc_column_text][\/vc_column][\/vc_row]\n","protected":false},"excerpt":{"rendered":"<p>Karategi Kaiten Shiro consigliato ai principianti. Karategi leggero in 100% cotone con elastico in vita e cintura bianca inclusa. Maniche e pantaloni tagliati.<\/p>\n<p><a class=\"typeform-share button\" style=\"display: inline-block; text-decoration: none; background-color: #7bb236; color: white; cursor: pointer; font-family: Helvetica,Arial,sans-serif; font-size: 15px; line-height: 37.5px; text-align: center; margin: 0; height: 37.5px; padding: 0px 25px; border-radius: 18px; max-width: 100%; white-space: nowrap; overflow: hidden; text-overflow: ellipsis; font-weight: bold; -webkit-font-smoothing: antialiased; -moz-osx-font-smoothing: grayscale;\" href=\"https:\/\/form.typeform.com\/to\/kt3cmEex?typeform-medium=embed-snippet\" target=\"_blank\" rel=\"noopener\" data-mode=\"popup\" data-size=\"100\">Calcolo delle dimensioni <\/a> <script> (function() { var qs,js,q,s,d=document, gi=d.getElementById, ce=d.createElement, gt=d.getElementsByTagName, id=\"typef_orm_share\", b=\"https:\/\/embed.typeform.com\/\"; if(!gi.call(d,id)){ js=ce.call(d,\"script\"); js.id=id; js.src=b+\"embed.js\"; q=gt.call(d,\"script\")[0]; q.parentNode.insertBefore(js,q) } })() <\/script><\/p>\n","protected":false},"featured_media":43944,"template":"","meta":{"_joinchat":[]},"product_brand":[],"product_cat":[2910,2663,2927,2926,2929,2928,2641,2664,2669,2665],"product_tag":[2654],"class_list":{"0":"post-44569","1":"product","2":"type-product","3":"status-publish","4":"has-post-thumbnail","6":"product_cat-attrezzature-personalizzate-per-il-karate","7":"product_cat-kaiten-it","8":"product_cat-kaiten-chaqueta-bordado-it","9":"product_cat-kaiten-giacca-su-misura","10":"product_cat-kaiten-pantaloni-ricamo","11":"product_cat-kaiten-pantaloni-su-misura","12":"product_cat-karategi-it","13":"product_cat-karategi-kaiten","14":"product_cat-karategi-principianti","15":"product_cat-personalizzazioni-karateguis-kaiten","16":"product_tag-club-15-it","18":"first","19":"instock","20":"taxable","21":"shipping-taxable","22":"purchasable","23":"product-type-variable","24":"has-default-attributes"},"_links":{"self":[{"href":"https:\/\/hajimekarate.com\/it\/wp-json\/wp\/v2\/product\/44569","targetHints":{"allow":["GET"]}}],"collection":[{"href":"https:\/\/hajimekarate.com\/it\/wp-json\/wp\/v2\/product"}],"about":[{"href":"https:\/\/hajimekarate.com\/it\/wp-json\/wp\/v2\/types\/product"}],"wp:featuredmedia":[{"embeddable":true,"href":"https:\/\/hajimekarate.com\/it\/wp-json\/wp\/v2\/media\/43944"}],"wp:attachment":[{"href":"https:\/\/hajimekarate.com\/it\/wp-json\/wp\/v2\/media?parent=44569"}],"wp:term":[{"taxonomy":"product_brand","embeddable":true,"href":"https:\/\/hajimekarate.com\/it\/wp-json\/wp\/v2\/product_brand?post=44569"},{"taxonomy":"product_cat","embeddable":true,"href":"https:\/\/hajimekarate.com\/it\/wp-json\/wp\/v2\/product_cat?post=44569"},{"taxonomy":"product_tag","embeddable":true,"href":"https:\/\/hajimekarate.com\/it\/wp-json\/wp\/v2\/product_tag?post=44569"}],"curies":[{"name":"wp","href":"https:\/\/api.w.org\/{rel}","templated":true}]}}