{"id":44536,"date":"2018-09-10T21:19:47","date_gmt":"2018-09-10T19:19:47","guid":{"rendered":"https:\/\/hajimekarate.com\/comprar\/karategi-kaiten-sovereign\/"},"modified":"2026-02-13T17:43:29","modified_gmt":"2026-02-13T16:43:29","slug":"karategi-sovereign","status":"publish","type":"product","link":"https:\/\/hajimekarate.com\/it\/acquistare\/karategi-sovereign\/","title":{"rendered":"Karategui Kaiten Sovereign | Slim\/Regular"},"content":{"rendered":"<p>Questo karategi kaiten ha un tessuto in fibra migliorata per una gestione ottimale del sudore in allenamento e in gara. Progettato per soddisfare le esigenze degli istruttori in Giappone e adattato alle esigenze del karate europeo.<\/p>\n<p>\u00c8 un Gi di karate molto leggero e confortevole, ma la tensione del corpo \u00e8 visibile. Un costume che sottolinea il dinamismo del karate.<\/p>\n","protected":false},"excerpt":{"rendered":"<p>Karategi Kaiten Sovereign leggero. Composizione del tessuto con un peso di 10 once, facile da stirare e molto confortevole per lunghe sessioni di allenamento. Disponible en versi\u00f3n Regular o Slim, adecuada para personas muy delgadas y altas porque tieDisponibile nella versione Regular o Slim, adatta a persone molto magre e alte perch\u00e9 le maniche, i pantaloni e la giacca sono pi\u00f9 lunghi e leggermente pi\u00f9 stretti.<\/p>\n","protected":false},"featured_media":44537,"template":"","meta":{"_joinchat":[]},"product_brand":[],"product_cat":[2910,2663,2927,2926,2929,2928,2641,2664,2665,3129,3112,1376],"product_tag":[2654],"class_list":{"0":"post-44536","1":"product","2":"type-product","3":"status-publish","4":"has-post-thumbnail","6":"product_cat-attrezzature-personalizzate-per-il-karate","7":"product_cat-kaiten-it","8":"product_cat-kaiten-chaqueta-bordado-it","9":"product_cat-kaiten-giacca-su-misura","10":"product_cat-kaiten-pantaloni-ricamo","11":"product_cat-kaiten-pantaloni-su-misura","12":"product_cat-karategi-it","13":"product_cat-karategi-kaiten","14":"product_cat-personalizzazioni-karateguis-kaiten","15":"product_cat-kaiten-tradizionale","16":"product_cat-karate-tradizionale-it","17":"product_cat-offerte-it","18":"product_tag-club-15-it","20":"first","21":"onbackorder","22":"sale","23":"taxable","24":"shipping-taxable","25":"purchasable","26":"product-type-variable","27":"has-default-attributes"},"_links":{"self":[{"href":"https:\/\/hajimekarate.com\/it\/wp-json\/wp\/v2\/product\/44536","targetHints":{"allow":["GET"]}}],"collection":[{"href":"https:\/\/hajimekarate.com\/it\/wp-json\/wp\/v2\/product"}],"about":[{"href":"https:\/\/hajimekarate.com\/it\/wp-json\/wp\/v2\/types\/product"}],"wp:featuredmedia":[{"embeddable":true,"href":"https:\/\/hajimekarate.com\/it\/wp-json\/wp\/v2\/media\/44537"}],"wp:attachment":[{"href":"https:\/\/hajimekarate.com\/it\/wp-json\/wp\/v2\/media?parent=44536"}],"wp:term":[{"taxonomy":"product_brand","embeddable":true,"href":"https:\/\/hajimekarate.com\/it\/wp-json\/wp\/v2\/product_brand?post=44536"},{"taxonomy":"product_cat","embeddable":true,"href":"https:\/\/hajimekarate.com\/it\/wp-json\/wp\/v2\/product_cat?post=44536"},{"taxonomy":"product_tag","embeddable":true,"href":"https:\/\/hajimekarate.com\/it\/wp-json\/wp\/v2\/product_tag?post=44536"}],"curies":[{"name":"wp","href":"https:\/\/api.w.org\/{rel}","templated":true}]}}