{"id":44511,"date":"2018-09-10T21:20:18","date_gmt":"2018-09-10T19:20:18","guid":{"rendered":"https:\/\/hajimekarate.com\/comprar\/karategi-kaiten-spirit-revolution\/"},"modified":"2026-01-20T17:20:24","modified_gmt":"2026-01-20T16:20:24","slug":"karategi-spirit-revolution","status":"publish","type":"product","link":"https:\/\/hajimekarate.com\/it\/acquistare\/karategi-spirit-revolution\/","title":{"rendered":"Karategui Kaiten Spirit Revolution | Slim\/Regular"},"content":{"rendered":"<p>La Karategui Spirit Revolution ha un ottimo taglio con un tessuto di medio peso in 100% cotone.<\/p>\n<p>Nelle parole dei nostri clienti questa tuta kaiten \u00e8 imbattibile per questa fascia di prezzo.<\/p>\n","protected":false},"excerpt":{"rendered":"<p>Il Karategui Kaiten Spirit \u00e8 realizzato in 100% cotone, 12 once. La scelta ideale per l&#8217;allenamento o gli esami Dan. Disponible en versi\u00f3n Regular o Slim, adecuada para personas muy delgadas y altas porque tieDisponibile nella versione Regular o Slim, adatta a persone molto magre e alte perch\u00e9 le maniche, i pantaloni e la giacca sono pi\u00f9 lunghi e leggermente pi\u00f9 stretti.<\/p>\n","protected":false},"featured_media":43781,"template":"","meta":{"_joinchat":[]},"product_brand":[],"product_cat":[2910,2650,2663,2927,2926,2929,2928,2641,2664,2665,3129,3112],"product_tag":[2666],"class_list":{"0":"post-44511","1":"product","2":"type-product","3":"status-publish","4":"has-post-thumbnail","6":"product_cat-attrezzature-personalizzate-per-il-karate","7":"product_cat-formazione-kata","8":"product_cat-kaiten-it","9":"product_cat-kaiten-chaqueta-bordado-it","10":"product_cat-kaiten-giacca-su-misura","11":"product_cat-kaiten-pantaloni-ricamo","12":"product_cat-kaiten-pantaloni-su-misura","13":"product_cat-karategi-it","14":"product_cat-karategi-kaiten","15":"product_cat-personalizzazioni-karateguis-kaiten","16":"product_cat-kaiten-tradizionale","17":"product_cat-karate-tradizionale-it","18":"product_tag-club-13-it","20":"first","21":"instock","22":"taxable","23":"shipping-taxable","24":"purchasable","25":"product-type-variable","26":"has-default-attributes"},"_links":{"self":[{"href":"https:\/\/hajimekarate.com\/it\/wp-json\/wp\/v2\/product\/44511","targetHints":{"allow":["GET"]}}],"collection":[{"href":"https:\/\/hajimekarate.com\/it\/wp-json\/wp\/v2\/product"}],"about":[{"href":"https:\/\/hajimekarate.com\/it\/wp-json\/wp\/v2\/types\/product"}],"wp:featuredmedia":[{"embeddable":true,"href":"https:\/\/hajimekarate.com\/it\/wp-json\/wp\/v2\/media\/43781"}],"wp:attachment":[{"href":"https:\/\/hajimekarate.com\/it\/wp-json\/wp\/v2\/media?parent=44511"}],"wp:term":[{"taxonomy":"product_brand","embeddable":true,"href":"https:\/\/hajimekarate.com\/it\/wp-json\/wp\/v2\/product_brand?post=44511"},{"taxonomy":"product_cat","embeddable":true,"href":"https:\/\/hajimekarate.com\/it\/wp-json\/wp\/v2\/product_cat?post=44511"},{"taxonomy":"product_tag","embeddable":true,"href":"https:\/\/hajimekarate.com\/it\/wp-json\/wp\/v2\/product_tag?post=44511"}],"curies":[{"name":"wp","href":"https:\/\/api.w.org\/{rel}","templated":true}]}}