{"id":44494,"date":"2018-09-16T23:02:20","date_gmt":"2018-09-16T21:02:20","guid":{"rendered":"https:\/\/hajimekarate.com\/comprar\/karategi-kaiten-hiyaku-wkf\/"},"modified":"2026-01-20T17:01:26","modified_gmt":"2026-01-20T16:01:26","slug":"karategi-kaiten-hiyaku-kumite","status":"publish","type":"product","link":"https:\/\/hajimekarate.com\/it\/acquistare\/karategi-kaiten-hiyaku-kumite\/","title":{"rendered":"Karategi Kaiten Hiyaku | Kumite"},"content":{"rendered":"<p><span style=\"font-weight: 400;\">Il Karategui Kaiten Hiyaku \u00e8 un Gi progettato per gli atleti di kumite.<\/span><\/p>\n<p>La tuta viene fornita in un&#8217;elegante borsa con coulisse, pratica e leggera.<\/p>\n<p>HIYAKU in giapponese significa velocit\u00e0 e dinamismo, esattamente ci\u00f2 che offre questo kaiten karategui. Questa tuta da karate \u00e8 ideale per le gare di kumite.<\/p>\n<p>Il suo tessuto in 100% poliestere \u00e8 ultraleggero e presenta un taglio da Kumite per ottenere le migliori prestazioni sul tatami. Ti piace la velocit\u00e0? Il Karategui Kaiten Hiyaku \u00e8 la scelta migliore.<\/p>\n<p>Pantaloni con elastico e coulisse.<\/p>\n<p>Taglio: Kumite<br \/>\nPantaloni: fascia elastica<br \/>\nGiacca: maniche lunghe e lunghe<br \/>\nPeso: ca. 6 oz.<\/p>\n<p><span lang=\"de\">Materiale: 100 % poliestere<\/span><\/p>\n","protected":false},"excerpt":{"rendered":"<p>Karategui \u00e8 sinonimo di velocit\u00e0 e dinamismo, come indica il suo nome giapponese. Tessuto ultraleggero in 100% poliestere con taglio Kumite.<\/p>\n<p>&nbsp;<\/p>\n","protected":false},"featured_media":75975,"template":"","meta":{"_joinchat":[]},"product_brand":[],"product_cat":[2644,2910,2663,2927,2926,2929,2928,2641,2664,2691,2665,3129,3112],"product_tag":[2653],"class_list":{"0":"post-44494","1":"product","2":"type-product","3":"status-publish","4":"has-post-thumbnail","6":"product_cat-attrezzature-concorrenza-elevata-concorrenti-di-sbarco","7":"product_cat-attrezzature-personalizzate-per-il-karate","8":"product_cat-kaiten-it","9":"product_cat-kaiten-chaqueta-bordado-it","10":"product_cat-kaiten-giacca-su-misura","11":"product_cat-kaiten-pantaloni-ricamo","12":"product_cat-kaiten-pantaloni-su-misura","13":"product_cat-karategi-it","14":"product_cat-karategi-kaiten","15":"product_cat-karategi-kumite-it","16":"product_cat-personalizzazioni-karateguis-kaiten","17":"product_cat-kaiten-tradizionale","18":"product_cat-karate-tradizionale-it","19":"product_tag-club-10-it","21":"first","22":"instock","23":"featured","24":"taxable","25":"shipping-taxable","26":"purchasable","27":"product-type-variable"},"_links":{"self":[{"href":"https:\/\/hajimekarate.com\/it\/wp-json\/wp\/v2\/product\/44494","targetHints":{"allow":["GET"]}}],"collection":[{"href":"https:\/\/hajimekarate.com\/it\/wp-json\/wp\/v2\/product"}],"about":[{"href":"https:\/\/hajimekarate.com\/it\/wp-json\/wp\/v2\/types\/product"}],"wp:featuredmedia":[{"embeddable":true,"href":"https:\/\/hajimekarate.com\/it\/wp-json\/wp\/v2\/media\/75975"}],"wp:attachment":[{"href":"https:\/\/hajimekarate.com\/it\/wp-json\/wp\/v2\/media?parent=44494"}],"wp:term":[{"taxonomy":"product_brand","embeddable":true,"href":"https:\/\/hajimekarate.com\/it\/wp-json\/wp\/v2\/product_brand?post=44494"},{"taxonomy":"product_cat","embeddable":true,"href":"https:\/\/hajimekarate.com\/it\/wp-json\/wp\/v2\/product_cat?post=44494"},{"taxonomy":"product_tag","embeddable":true,"href":"https:\/\/hajimekarate.com\/it\/wp-json\/wp\/v2\/product_tag?post=44494"}],"curies":[{"name":"wp","href":"https:\/\/api.w.org\/{rel}","templated":true}]}}