{"id":44341,"date":"2022-02-25T21:22:02","date_gmt":"2022-02-25T20:22:02","guid":{"rendered":"https:\/\/hajimekarate.com\/comprar\/karategi-shureido-shihan-kc-10\/"},"modified":"2026-01-20T11:32:57","modified_gmt":"2026-01-20T10:32:57","slug":"karategi-shureido-shihan-kc-10","status":"publish","type":"product","link":"https:\/\/hajimekarate.com\/it\/acquistare\/karategi-shureido-shihan-kc-10\/","title":{"rendered":"Karategi Shureido Shihan KC-10"},"content":{"rendered":"","protected":false},"excerpt":{"rendered":"<p>Karategi Shureido con un taglio pi\u00f9 ampio. Si tratta di un classico modello Shureido consigliato agli istruttori. Il tessuto di questa karategi \u00e8 lo stesso della TKC10, ma il taglio \u00e8 giapponese, per cui la giacca \u00e8 pi\u00f9 corta della TKC-10. Inoltre, in questo modello le maniche e i pantaloni sono lunghi, non pretagliati. Adatto ai karateka che cercano una karategui giapponese molto pesante.<\/p>\n<p>Se desideri saperne di pi\u00f9 sulle differenze tra i tessuti e i tagli dei modelli di karategi Shureido, <a href=\"https:\/\/hajimekarate.com\/it\/taglio-giapponese-vs-taglio-europeo-nei-karategi-shureido\/\" target=\"_blank\" rel=\"noopener\">clicca qui..<\/a><\/p>\n<p><span style=\"color: red;\"><em>*<strong>Disponibile solo su richiesta.<\/strong><\/em><\/span><\/p>\n","protected":false},"featured_media":43850,"template":"","meta":{"_joinchat":[]},"product_brand":[],"product_cat":[2910,2641,2643,2648,2649,2920,2909,2916,2915,3112,3125],"product_tag":[2653],"class_list":{"0":"post-44341","1":"product","2":"type-product","3":"status-publish","4":"has-post-thumbnail","6":"product_cat-attrezzature-personalizzate-per-il-karate","7":"product_cat-karategi-it","8":"product_cat-karategi-shureido","9":"product_cat-karategi-shureido-personalizzabile","10":"product_cat-shureido-it","11":"product_cat-shureido-chaqueta-bordado-it","12":"product_cat-shureido-giacca-su-misura","13":"product_cat-shureido-pantaloni-ricamo","14":"product_cat-shureido-pantaloni-su-misura","15":"product_cat-karate-tradizionale-it","16":"product_cat-shureido-traditional-it","17":"product_tag-club-10-it","19":"first","20":"instock","21":"taxable","22":"shipping-taxable","23":"purchasable","24":"product-type-variable","25":"has-default-attributes"},"_links":{"self":[{"href":"https:\/\/hajimekarate.com\/it\/wp-json\/wp\/v2\/product\/44341","targetHints":{"allow":["GET"]}}],"collection":[{"href":"https:\/\/hajimekarate.com\/it\/wp-json\/wp\/v2\/product"}],"about":[{"href":"https:\/\/hajimekarate.com\/it\/wp-json\/wp\/v2\/types\/product"}],"wp:featuredmedia":[{"embeddable":true,"href":"https:\/\/hajimekarate.com\/it\/wp-json\/wp\/v2\/media\/43850"}],"wp:attachment":[{"href":"https:\/\/hajimekarate.com\/it\/wp-json\/wp\/v2\/media?parent=44341"}],"wp:term":[{"taxonomy":"product_brand","embeddable":true,"href":"https:\/\/hajimekarate.com\/it\/wp-json\/wp\/v2\/product_brand?post=44341"},{"taxonomy":"product_cat","embeddable":true,"href":"https:\/\/hajimekarate.com\/it\/wp-json\/wp\/v2\/product_cat?post=44341"},{"taxonomy":"product_tag","embeddable":true,"href":"https:\/\/hajimekarate.com\/it\/wp-json\/wp\/v2\/product_tag?post=44341"}],"curies":[{"name":"wp","href":"https:\/\/api.w.org\/{rel}","templated":true}]}}