{"id":44298,"date":"2021-06-11T12:37:25","date_gmt":"2021-06-11T10:37:25","guid":{"rendered":"https:\/\/hajimekarate.com\/comprar\/giacca-karategui-black-shureido-per-kobudo\/"},"modified":"2025-07-22T11:23:28","modified_gmt":"2025-07-22T09:23:28","slug":"giacca-karategu-negro-de-shureido-para-kobudo","status":"publish","type":"product","link":"https:\/\/hajimekarate.com\/it\/acquistare\/giacca-karategu-negro-de-shureido-para-kobudo\/","title":{"rendered":"Giacca Karategui Black Shureido per Kobudo"},"content":{"rendered":"<p>Giacca Karategui Shureido nera che si pu\u00f2 ordinare nella versione TK-10 (con maniche pretagliate e giacca leggermente pi\u00f9 lunga) o K-10 (con maniche e giacca leggermente pi\u00f9 corta). La giacca richiede circa 3 mesi perch\u00e9 \u00e8 realizzata su ordinazione, quindi se la si ordina ricamata ci vorr\u00e0 lo stesso tempo.<\/p>\n","protected":false},"excerpt":{"rendered":"<p>&nbsp;<\/p>\n<p style=\"color: #e7110b;\"><strong>DISPONIBILE SU RICHIESTA<\/strong><\/p>\n<p>Giacca Karategui Shureido nera che si pu\u00f2 ordinare nel modello TK-10 (con maniche pretagliate e giacca leggermente pi\u00f9 lunga) o K-10 (con maniche e giacca leggermente pi\u00f9 corta). Questo karategui richiede circa 3 mesi perch\u00e9 \u00e8 realizzato su ordinazione, quindi se lo ordinate ricamato ci vorr\u00e0 lo stesso tempo.<\/p>\n","protected":false},"featured_media":45316,"template":"","meta":{"_joinchat":[]},"product_brand":[],"product_cat":[2910,2641,2656,2643,2648,2649,2909,3112,3270,3125],"product_tag":[2653],"class_list":{"0":"post-44298","1":"product","2":"type-product","3":"status-publish","4":"has-post-thumbnail","6":"product_cat-attrezzature-personalizzate-per-il-karate","7":"product_cat-karategi-it","8":"product_cat-karategi-nero","9":"product_cat-karategi-shureido","10":"product_cat-karategi-shureido-personalizzabile","11":"product_cat-shureido-it","12":"product_cat-shureido-giacca-su-misura","13":"product_cat-karate-tradizionale-it","14":"product_cat-shureido-giacca-nera-ricamo","15":"product_cat-shureido-traditional-it","16":"product_tag-club-10-it","18":"first","19":"onbackorder","20":"taxable","21":"shipping-taxable","22":"purchasable","23":"product-type-variable","24":"has-default-attributes"},"_links":{"self":[{"href":"https:\/\/hajimekarate.com\/it\/wp-json\/wp\/v2\/product\/44298","targetHints":{"allow":["GET"]}}],"collection":[{"href":"https:\/\/hajimekarate.com\/it\/wp-json\/wp\/v2\/product"}],"about":[{"href":"https:\/\/hajimekarate.com\/it\/wp-json\/wp\/v2\/types\/product"}],"wp:featuredmedia":[{"embeddable":true,"href":"https:\/\/hajimekarate.com\/it\/wp-json\/wp\/v2\/media\/45316"}],"wp:attachment":[{"href":"https:\/\/hajimekarate.com\/it\/wp-json\/wp\/v2\/media?parent=44298"}],"wp:term":[{"taxonomy":"product_brand","embeddable":true,"href":"https:\/\/hajimekarate.com\/it\/wp-json\/wp\/v2\/product_brand?post=44298"},{"taxonomy":"product_cat","embeddable":true,"href":"https:\/\/hajimekarate.com\/it\/wp-json\/wp\/v2\/product_cat?post=44298"},{"taxonomy":"product_tag","embeddable":true,"href":"https:\/\/hajimekarate.com\/it\/wp-json\/wp\/v2\/product_tag?post=44298"}],"curies":[{"name":"wp","href":"https:\/\/api.w.org\/{rel}","templated":true}]}}