{"id":44271,"date":"2019-01-12T19:48:25","date_gmt":"2019-01-12T18:48:25","guid":{"rendered":"https:\/\/hajimekarate.com\/comprar\/karategi-nero-shureido-per-kobudo\/"},"modified":"2025-07-23T10:10:26","modified_gmt":"2025-07-23T08:10:26","slug":"karategi-nero-shureido-kobudo","status":"publish","type":"product","link":"https:\/\/hajimekarate.com\/it\/acquistare\/karategi-nero-shureido-kobudo\/","title":{"rendered":"Karategi nero Shureido per Kobudo"},"content":{"rendered":"<p>Karategi Shureido nero che si pu\u00f2 ordinare nel modello TK-10 (con maniche e pantaloni pretagliati e giacca leggermente pi\u00f9 lunga) o K-10 (con maniche e pantaloni pi\u00f9 lunghi e giacca leggermente pi\u00f9 corta). Questo karategui richiede circa 3 mesi perch\u00e9 \u00e8 realizzato su ordinazione, quindi se lo ordinate ricamato ci vorr\u00e0 lo stesso tempo.<\/p>\n","protected":false},"excerpt":{"rendered":"<p style=\"color: #e7110b;\"><strong>Disponibile su richiesta<\/strong><\/p>\n<p>Karategi Shureido nero che si pu\u00f2 ordinare nel modello TK-10 (con maniche e pantaloni pretagliati e giacca leggermente pi\u00f9 lunga) o K-10 (con maniche e pantaloni pi\u00f9 lunghi e giacca leggermente pi\u00f9 corta). Questo karategui richiede circa 3 mesi perch\u00e9 \u00e8 realizzato su ordinazione, quindi se lo ordinate ricamato ci vorr\u00e0 lo stesso tempo.<\/p>\n","protected":false},"featured_media":38559,"template":"","meta":{"_joinchat":[]},"product_brand":[],"product_cat":[2910,2641,2656,2643,2648,2649,2909,2915,3112,3270,3274,3125],"product_tag":[2653],"class_list":{"0":"post-44271","1":"product","2":"type-product","3":"status-publish","4":"has-post-thumbnail","6":"product_cat-attrezzature-personalizzate-per-il-karate","7":"product_cat-karategi-it","8":"product_cat-karategi-nero","9":"product_cat-karategi-shureido","10":"product_cat-karategi-shureido-personalizzabile","11":"product_cat-shureido-it","12":"product_cat-shureido-giacca-su-misura","13":"product_cat-shureido-pantaloni-su-misura","14":"product_cat-karate-tradizionale-it","15":"product_cat-shureido-giacca-nera-ricamo","16":"product_cat-shureido-pantaloni-neri-ricamo","17":"product_cat-shureido-traditional-it","18":"product_tag-club-10-it","20":"first","21":"instock","22":"taxable","23":"shipping-taxable","24":"purchasable","25":"product-type-variable","26":"has-default-attributes"},"_links":{"self":[{"href":"https:\/\/hajimekarate.com\/it\/wp-json\/wp\/v2\/product\/44271","targetHints":{"allow":["GET"]}}],"collection":[{"href":"https:\/\/hajimekarate.com\/it\/wp-json\/wp\/v2\/product"}],"about":[{"href":"https:\/\/hajimekarate.com\/it\/wp-json\/wp\/v2\/types\/product"}],"wp:featuredmedia":[{"embeddable":true,"href":"https:\/\/hajimekarate.com\/it\/wp-json\/wp\/v2\/media\/38559"}],"wp:attachment":[{"href":"https:\/\/hajimekarate.com\/it\/wp-json\/wp\/v2\/media?parent=44271"}],"wp:term":[{"taxonomy":"product_brand","embeddable":true,"href":"https:\/\/hajimekarate.com\/it\/wp-json\/wp\/v2\/product_brand?post=44271"},{"taxonomy":"product_cat","embeddable":true,"href":"https:\/\/hajimekarate.com\/it\/wp-json\/wp\/v2\/product_cat?post=44271"},{"taxonomy":"product_tag","embeddable":true,"href":"https:\/\/hajimekarate.com\/it\/wp-json\/wp\/v2\/product_tag?post=44271"}],"curies":[{"name":"wp","href":"https:\/\/api.w.org\/{rel}","templated":true}]}}