{"id":44102,"date":"2018-09-10T21:09:03","date_gmt":"2018-09-10T19:09:03","guid":{"rendered":"https:\/\/hajimekarate.com\/comprar\/karategi-shureido-new-wave-3\/"},"modified":"2026-04-02T16:39:47","modified_gmt":"2026-04-02T14:39:47","slug":"karategi-shureido-new-wave-3","status":"publish","type":"product","link":"https:\/\/hajimekarate.com\/it\/acquistare\/karategi-shureido-new-wave-3\/","title":{"rendered":"Karategi Shureido New Wave 3"},"content":{"rendered":"[vc_row type=&#8221;in_container&#8221; full_screen_row_position=&#8221;middle&#8221; column_margin=&#8221;default&#8221; column_direction=&#8221;default&#8221; column_direction_tablet=&#8221;default&#8221; column_direction_phone=&#8221;default&#8221; scene_position=&#8221;center&#8221; text_color=&#8221;dark&#8221; text_align=&#8221;left&#8221; row_border_radius=&#8221;none&#8221; row_border_radius_applies=&#8221;bg&#8221; overflow=&#8221;visible&#8221; overlay_strength=&#8221;0.3&#8243; gradient_direction=&#8221;left_to_right&#8221; shape_divider_position=&#8221;bottom&#8221; bg_image_animation=&#8221;none&#8221;][vc_column column_padding=&#8221;no-extra-padding&#8221; column_padding_tablet=&#8221;inherit&#8221; column_padding_phone=&#8221;inherit&#8221; column_padding_position=&#8221;all&#8221; column_element_direction_desktop=&#8221;default&#8221; column_element_spacing=&#8221;default&#8221; desktop_text_alignment=&#8221;default&#8221; tablet_text_alignment=&#8221;default&#8221; phone_text_alignment=&#8221;default&#8221; background_color_opacity=&#8221;1&#8243; background_hover_color_opacity=&#8221;1&#8243; column_backdrop_filter=&#8221;none&#8221; column_shadow=&#8221;none&#8221; column_border_radius=&#8221;none&#8221; column_link_target=&#8221;_self&#8221; column_position=&#8221;default&#8221; gradient_direction=&#8221;left_to_right&#8221; overlay_strength=&#8221;0.3&#8243; width=&#8221;1\/1&#8243; tablet_width_inherit=&#8221;default&#8221; animation_type=&#8221;default&#8221; bg_image_animation=&#8221;none&#8221; border_type=&#8221;simple&#8221; column_border_width=&#8221;none&#8221; column_border_style=&#8221;solid&#8221;][vc_column_text]Karategi Shureido New Wave-3. Viene fornito SENZA il ricamo del marchio sul petto e sul retro del collo e senza l&#8217;etichetta WKF. Adatto agli istruttori che desiderano lo stesso taglio e lo stesso tessuto della New Wave, ma solo con l&#8217;etichetta Shureido sul bavero.<\/p>\n<p>Il Karategi Shureido New Wave 3 \u00e8 uno dei karategi pi\u00f9 popolari per il Kata. Il suo effetto SNAP \u00e8 unico e la sua presenza e il suo stile sono ineguagliabili. Il karategi aumenta la forza del karateka e la precisione dei suoi movimenti con ogni suono, con ogni postura. La gonna \u00e8 all&#8217;altezza giusta e si mantiene dritta sul retro senza cadere. Lo stesso taglio del karategui \u00e8 pi\u00f9 adattato al corpo del karateka, pi\u00f9 aderente.<\/p>\n<p>Caratteristiche particolari del tessuto: il filato \u00e8 un filato a grana doppia con un&#8217;anima centrale di fiocco di poliestere, ricoperto di cotone. Ha una consistenza delicata per la pelle e allo stesso tempo ha un nucleo centrale forte e unico. Lo SNAP fornito da questo karategi \u00e8 spettacolare.<\/p>\n<p>Karategi pesante, in misto poliestere\/cotone. Adatto a movimenti dinamici grazie al taglio tridimensionale dei pantaloni. Eccezionalmente solido. Mantiene la forma grazie a uno speciale sistema di cuciture che assorbe il sudore sulla schiena.<\/p>\n<p>Il grado di restringimento della lunghezza della giacca e dei pantaloni \u00e8 di 2 cm. Riferimento al peso di NW-3: 1,5 kg \/ taglia 4 &#8211; Giacca e pantaloni<\/p>\n<p>&nbsp;<\/p>\n<div class=\"tabContainer\">\n<div class=\"formatoTab\">\n<table class=\"tallas\">\n<caption>* Potrebbe variare di circa 1-2 cm perch\u00e9 \u00e8 fatto a mano.<\/caption>\n<colgroup>\n<col class=\"cellFit1\" span=\"1\">\n<col class=\"cellFit1\" span=\"2\">\n<col> <\/colgroup>\n<thead>\n<tr>\n<th class=\"cellFit1\" rowspan=\"4\">\nShureido: New Wave 3<\/th>\n<th class=\"cellFit2\" rowspan=\"4\">Restringimento<\/th>\n<th class=\"cellFit3\" colspan=\"1\">Dimensioni<\/th>\n<th colspan=\"11\"><\/th>\n<\/tr>\n<tr><!--\n\n\n<th>1,5<\/th>\n\n\n\n\n<th>2<\/th>\n\n\n\n\n<th>2,5<\/th>\n\n\n--><\/p>\n<th>3<\/th>\n<th>3,5<\/th>\n<th>4<\/th>\n<th>4,5<\/th>\n<th>5<\/th>\n<th>5,5<\/th>\n<th>6<\/th>\n<p><!--\n\n\n<th>6,5<\/th>\n\n\n\n\n<th>7<\/th>\n\n\n--><\/tr>\n<tr>\n<th class=\"cellFit3\" colspan=\"1\">cm.<\/th>\n<th colspan=\"11\"><\/th>\n<\/tr>\n<tr><!--\n\n\n<th>140<\/th>\n\n\n\n\n<th>150<\/th>\n\n\n\n\n<th>155<\/th>\n\n\n--><\/p>\n<th>160<\/th>\n<th>165<\/th>\n<th>170<\/th>\n<th>175<\/th>\n<th>180<\/th>\n<th>185<\/th>\n<th>190<\/th>\n<p><!--\n\n\n<th>195<\/th>\n\n\n\n\n<th>200<\/th>\n\n\n--><\/tr>\n<tr>\n<th colspan=\"14\"><\/th>\n<\/tr>\n<\/thead>\n<tbody>\n<tr>\n<td class=\"cellFit1\">Lunghezza della giacca<\/td>\n<td class=\"cellFit2\">Circa 2cm.<\/td>\n<p><!--\n\n\n<td>68<\/td>\n\n\n\n\n<td>72<\/td>\n\n\n\n\n<td>76<\/td>\n\n\n--><\/p>\n<td>80<\/td>\n<td>84<\/td>\n<td>87<\/td>\n<td>90<\/td>\n<td>93<\/td>\n<td>96<\/td>\n<td>99<\/td>\n<p><!--\n\n\n<td>102<\/td>\n\n\n\n\n<td>105<\/td>\n\n\n--><\/tr>\n<tr>\n<td class=\"cellFit1\">Larghezza della giacca<\/td>\n<td class=\"cellFit2\"><\/td>\n<p><!--\n\n\n<td>50<\/td>\n\n\n\n\n<td>53<\/td>\n\n\n\n\n<td>55<\/td>\n\n\n--><\/p>\n<td>57<\/td>\n<td>59<\/td>\n<td>61<\/td>\n<td>63<\/td>\n<td>65<\/td>\n<td>67<\/td>\n<td>69<\/td>\n<p><!--\n\n\n<td>71<\/td>\n\n\n\n\n<td>73<\/td>\n\n\n--><\/tr>\n<tr>\n<td class=\"cellFit1\">Manicotto<\/td>\n<td class=\"cellFit2\"><\/td>\n<p><!--\n\n\n<td>37<\/td>\n\n\n\n\n<td>38<\/td>\n\n\n\n\n<td>39<\/td>\n\n\n--><\/p>\n<td>41<\/td>\n<td>42<\/td>\n<td>43<\/td>\n<td>44<\/td>\n<td>46<\/td>\n<td>47<\/td>\n<td>49<\/td>\n<p><!--\n\n\n<td>50<\/td>\n\n\n\n\n<td>52<\/td>\n\n\n--><\/tr>\n<tr>\n<td class=\"cellFit1\">Lunghezza dei pantaloni<\/td>\n<td class=\"cellFit2\">Circa 2cm.<\/td>\n<p><!--\n\n\n<td>79<\/td>\n\n\n\n\n<td>82<\/td>\n\n\n\n\n<td>87<\/td>\n\n\n--><\/p>\n<td>86<\/td>\n<td>92<\/td>\n<td>96<\/td>\n<td>99<\/td>\n<td>102<\/td>\n<td>106<\/td>\n<td>110<\/td>\n<p><!--\n\n\n<td>114<\/td>\n\n\n\n\n<td>118<\/td>\n\n\n--><\/tr>\n<tr>\n<td class=\"cellFit1\">Vita<\/td>\n<td class=\"cellFit2\"><\/td>\n<p><!--\n\n\n<td>38<\/td>\n\n\n\n\n<td>42<\/td>\n\n\n\n\n<td>46<\/td>\n\n\n--><\/p>\n<td>48<\/td>\n<td>50<\/td>\n<td>52<\/td>\n<td>54<\/td>\n<td>56<\/td>\n<td>58<\/td>\n<td>60<\/td>\n<p><!--\n\n\n<td>62<\/td>\n\n\n\n\n<td>64<\/td>\n\n\n--><\/tr>\n<\/tbody>\n<\/table>\n<\/div>\n<\/div>\n[\/vc_column_text][\/vc_column][\/vc_row]\n","protected":false},"excerpt":{"rendered":"<p>Karategi Shureido New Wave-3 Plain . Adatto ai sensisti che cercano lo stesso stile, tessuto e taglio della New Wave WKF, ma solo con l&#8217;etichetta Shureido sul bavero.<br \/>\n<strong><a href=\"https:\/\/hajimekarate.com\/it\/differenze-tra-i-karategi-shureido-new-wave-1-2-e-3-qual-e-il-migliore-per-te\/\" target=\"_blank\" rel=\"noopener\">Scopri qui le differenze tra i modelli New Wave 1, 2 e 3.<\/a><\/strong><\/p>\n","protected":false},"featured_media":43956,"template":"","meta":{"_joinchat":[]},"product_brand":[],"product_cat":[2910,2650,2641,2643,2648,2649,2920,2909,2916,2915,3112,3125],"product_tag":[3145,2653],"class_list":{"0":"post-44102","1":"product","2":"type-product","3":"status-publish","4":"has-post-thumbnail","6":"product_cat-attrezzature-personalizzate-per-il-karate","7":"product_cat-formazione-kata","8":"product_cat-karategi-it","9":"product_cat-karategi-shureido","10":"product_cat-karategi-shureido-personalizzabile","11":"product_cat-shureido-it","12":"product_cat-shureido-chaqueta-bordado-it","13":"product_cat-shureido-giacca-su-misura","14":"product_cat-shureido-pantaloni-ricamo","15":"product_cat-shureido-pantaloni-su-misura","16":"product_cat-karate-tradizionale-it","17":"product_cat-shureido-traditional-it","18":"product_tag-blackfriday-it","19":"product_tag-club-10-it","21":"first","22":"instock","23":"taxable","24":"shipping-taxable","25":"purchasable","26":"product-type-variable","27":"has-default-attributes"},"_links":{"self":[{"href":"https:\/\/hajimekarate.com\/it\/wp-json\/wp\/v2\/product\/44102","targetHints":{"allow":["GET"]}}],"collection":[{"href":"https:\/\/hajimekarate.com\/it\/wp-json\/wp\/v2\/product"}],"about":[{"href":"https:\/\/hajimekarate.com\/it\/wp-json\/wp\/v2\/types\/product"}],"wp:featuredmedia":[{"embeddable":true,"href":"https:\/\/hajimekarate.com\/it\/wp-json\/wp\/v2\/media\/43956"}],"wp:attachment":[{"href":"https:\/\/hajimekarate.com\/it\/wp-json\/wp\/v2\/media?parent=44102"}],"wp:term":[{"taxonomy":"product_brand","embeddable":true,"href":"https:\/\/hajimekarate.com\/it\/wp-json\/wp\/v2\/product_brand?post=44102"},{"taxonomy":"product_cat","embeddable":true,"href":"https:\/\/hajimekarate.com\/it\/wp-json\/wp\/v2\/product_cat?post=44102"},{"taxonomy":"product_tag","embeddable":true,"href":"https:\/\/hajimekarate.com\/it\/wp-json\/wp\/v2\/product_tag?post=44102"}],"curies":[{"name":"wp","href":"https:\/\/api.w.org\/{rel}","templated":true}]}}